{"id":37451,"date":"2017-05-26T13:14:46","date_gmt":"2017-05-26T11:14:46","guid":{"rendered":"http:\/\/www.libraria-occitana.org\/produit\/zenith-de-pau-2017-2\/"},"modified":"2026-04-03T03:57:02","modified_gmt":"2026-04-03T01:57:02","slug":"zenith-de-pau-2017-2","status":"publish","type":"product","link":"https:\/\/www.libraria-occitana.org\/oc\/produch\/zenith-de-pau-2017-2\/","title":{"rendered":"Zenith de Pau 2017"},"content":{"rendered":"<p><strong>Le CD 19 titres avec livret<\/strong><\/p>\n<p>Durant l&#8217;hiver 2017 le groupe Nadau enregistre son nouveau DVD lors de ses <em>lives<\/em> au Z\u00e9nith de Pau. Ce projet pr\u00e9par\u00e9 \u00e0 l&#8217;avance est un opus participatif o\u00f9 le public a re\u00e7u en exclusivit\u00e9 les paroles des chansons et \u00e9tait invit\u00e9 \u00e0 chanter avec les artistes.<\/p>\n<p><strong>Titres :<\/strong><br \/>\n1. Aqueras montanhas 2&#8217;34<br \/>\n2. Qu&#8217;\u00e8m d&#8217;aqueth pa\u00eds&#8230; 4&#8217;08<br \/>\n3. Lo dia Maria 4&#8217;50<br \/>\n4. Saumon 3&#8217;23<br \/>\n5. Floren\u00e7a e Joan 4&#8217;59<br \/>\n6. La p\u00f2rta dab lo p\u00e8 3&#8217;45<br \/>\n7. Som som 3&#8217;49<br \/>\n8. L&#8217;encantada 3&#8217;50<br \/>\n9. Mon Dieu que j&#8217;en suis \u00e0 mon aise 3&#8217;56<br \/>\n10. Mau fotut 4&#8217;07<br \/>\n11. Los amor\u00f3s 4&#8217;35<br \/>\n12. L&#8217;adagio des abrutis 3&#8217;24<br \/>\n13. Montanh\u00f2u 4&#8217;34<br \/>\n14. Julieta 2&#8217;39<br \/>\n15. Morlana 4&#8217;05<br \/>\n16. Ofelia 3&#8217;56<br \/>\n17. Caterineta 3&#8217;54<br \/>\n18. De cap t\u00e0 l&#8217;immort\u00e8la 5&#8217;11<br \/>\n19. Seguida de Barberina 4&#8217;07<\/p>\n","protected":false},"excerpt":{"rendered":"<p>Le CD 19 titres avec livret Durant l&#8217;hiver 2017 le groupe Nadau enregistre son nouveau DVD lors de ses lives au Z\u00e9nith de Pau. Ce projet pr\u00e9par\u00e9 \u00e0 l&#8217;avance est un opus participatif o\u00f9 le public a re\u00e7u en exclusivit\u00e9 les paroles des chansons et \u00e9tait invit\u00e9 \u00e0 chanter avec les artistes. Titres : 1. [&hellip;]<\/p>\n","protected":false},"featured_media":37272,"template":"","meta":{"_acf_changed":false,"_genesis_hide_title":false,"_genesis_hide_breadcrumbs":false,"_genesis_hide_singular_image":false,"_genesis_hide_footer_widgets":false,"_genesis_custom_body_class":"","_genesis_custom_post_class":"","_genesis_layout":""},"product_brand":[],"product_cat":[16683,7219],"product_tag":[],"class_list":{"0":"post-37451","1":"product","2":"type-product","3":"status-publish","4":"has-post-thumbnail","6":"product_cat-musica-oc","7":"product_cat-chancon-oc","8":"pa_auteur-nadau-oc","9":"pa_editeur-los-de-nadau-oc","10":"pa_langue-francais-oc","11":"pa_langue-occitan-oc","12":"pa_langue-occitan-gascon-oc","13":"entry","15":"first","16":"instock","17":"shipping-taxable","18":"purchasable","19":"product-type-simple"},"acf":[],"_links":{"self":[{"href":"https:\/\/www.libraria-occitana.org\/oc\/wp-json\/wp\/v2\/product\/37451","targetHints":{"allow":["GET"]}}],"collection":[{"href":"https:\/\/www.libraria-occitana.org\/oc\/wp-json\/wp\/v2\/product"}],"about":[{"href":"https:\/\/www.libraria-occitana.org\/oc\/wp-json\/wp\/v2\/types\/product"}],"wp:featuredmedia":[{"embeddable":true,"href":"https:\/\/www.libraria-occitana.org\/oc\/wp-json\/wp\/v2\/media\/37272"}],"wp:attachment":[{"href":"https:\/\/www.libraria-occitana.org\/oc\/wp-json\/wp\/v2\/media?parent=37451"}],"wp:term":[{"taxonomy":"product_brand","embeddable":true,"href":"https:\/\/www.libraria-occitana.org\/oc\/wp-json\/wp\/v2\/product_brand?post=37451"},{"taxonomy":"product_cat","embeddable":true,"href":"https:\/\/www.libraria-occitana.org\/oc\/wp-json\/wp\/v2\/product_cat?post=37451"},{"taxonomy":"product_tag","embeddable":true,"href":"https:\/\/www.libraria-occitana.org\/oc\/wp-json\/wp\/v2\/product_tag?post=37451"}],"curies":[{"name":"wp","href":"https:\/\/api.w.org\/{rel}","templated":true}]}}