{"id":37457,"date":"2005-09-01T15:47:21","date_gmt":"2005-09-01T13:47:21","guid":{"rendered":"http:\/\/www.libraria-occitana.org\/produit\/12-receptas-de-j-a-lespatlut\/"},"modified":"2026-04-29T02:11:07","modified_gmt":"2026-04-29T00:11:07","slug":"12-receptas-de-j-a-lespatlut","status":"publish","type":"product","link":"https:\/\/www.libraria-occitana.org\/oc\/produch\/12-receptas-de-j-a-lespatlut\/","title":{"rendered":"12 rec\u00e8ptas de J. A. Lespatlut"},"content":{"rendered":"<p><strong>Joan Franc\u00e9s Tisn\u00e8r :<\/strong> Voix, tambours, accord\u00e9on, programmations et samples<br \/>\n<strong>Jakes Aymonino :<\/strong> Voix, guitare<br \/>\n<strong>Alan Cadelhan :<\/strong> Clarinettes, bendir<br \/>\n<strong>Mixel Etxekopar :<\/strong> Fl\u00fbtes (flabuta, xirola)<\/p>\n<p>Un cuisinier surprise nous concocte des recettes de cuisine, r\u00e9colt\u00e9es en B\u00e9arn aupr\u00e8s de J.A Lespatlut, \u00e0 sa sauce musicale, empreintes de folklores et d&#8217;improvisation&#8230;<\/p>\n<p><strong>Titres :<\/strong><br \/>\n1. \u00dastrias 2&#8217;55<br \/>\n2. Ang\u00e8las 3&#8217;51<br \/>\n3. Astets (Roger Lapassade) 5&#8217;59<br \/>\n4. Garbura 3&#8217;04<br \/>\n5. Salm\u00eds de Palomas 5&#8217;34<br \/>\n6. Garfo 3&#8217;59<br \/>\n7. Estofat 4&#8217;03<br \/>\n8. L&#8217;\u00f2ra deu t\u00e8 4&#8217;04<br \/>\n9. Crusp\u00e8ths 4&#8217;17<br \/>\n10. Tomatas farcidas 4&#8217;37<br \/>\n11. Saussissas 2&#8217;50<br \/>\n12. Poth a la gascona 5&#8217;08<\/p>\n","protected":false},"excerpt":{"rendered":"<p>Joan Franc\u00e9s Tisn\u00e8r : Voix, tambours, accord\u00e9on, programmations et samples Jakes Aymonino : Voix, guitare Alan Cadelhan : Clarinettes, bendir Mixel Etxekopar : Fl\u00fbtes (flabuta, xirola) Un cuisinier surprise nous concocte des recettes de cuisine, r\u00e9colt\u00e9es en B\u00e9arn aupr\u00e8s de J.A Lespatlut, \u00e0 sa sauce musicale, empreintes de folklores et d&#8217;improvisation&#8230; Titres : 1. \u00dastrias [&hellip;]<\/p>\n","protected":false},"featured_media":19883,"template":"","meta":{"_acf_changed":false,"_genesis_hide_title":false,"_genesis_hide_breadcrumbs":false,"_genesis_hide_singular_image":false,"_genesis_hide_footer_widgets":false,"_genesis_custom_body_class":"","_genesis_custom_post_class":"","_genesis_layout":""},"product_brand":[],"product_cat":[7219,16683],"product_tag":[],"class_list":{"0":"post-37457","1":"product","2":"type-product","3":"status-publish","4":"has-post-thumbnail","6":"product_cat-chancon-oc","7":"product_cat-musica-oc","8":"pa_auteur-collectiu-oc-2","9":"pa_auteur-tisner-joan-frances-oc","10":"pa_editeur-menestrers-gascons-oc","11":"pa_langue-occitan-oc","12":"pa_langue-occitan-gascon-oc","13":"entry","15":"first","16":"instock","17":"shipping-taxable","18":"purchasable","19":"product-type-simple"},"acf":[],"_links":{"self":[{"href":"https:\/\/www.libraria-occitana.org\/oc\/wp-json\/wp\/v2\/product\/37457","targetHints":{"allow":["GET"]}}],"collection":[{"href":"https:\/\/www.libraria-occitana.org\/oc\/wp-json\/wp\/v2\/product"}],"about":[{"href":"https:\/\/www.libraria-occitana.org\/oc\/wp-json\/wp\/v2\/types\/product"}],"wp:featuredmedia":[{"embeddable":true,"href":"https:\/\/www.libraria-occitana.org\/oc\/wp-json\/wp\/v2\/media\/19883"}],"wp:attachment":[{"href":"https:\/\/www.libraria-occitana.org\/oc\/wp-json\/wp\/v2\/media?parent=37457"}],"wp:term":[{"taxonomy":"product_brand","embeddable":true,"href":"https:\/\/www.libraria-occitana.org\/oc\/wp-json\/wp\/v2\/product_brand?post=37457"},{"taxonomy":"product_cat","embeddable":true,"href":"https:\/\/www.libraria-occitana.org\/oc\/wp-json\/wp\/v2\/product_cat?post=37457"},{"taxonomy":"product_tag","embeddable":true,"href":"https:\/\/www.libraria-occitana.org\/oc\/wp-json\/wp\/v2\/product_tag?post=37457"}],"curies":[{"name":"wp","href":"https:\/\/api.w.org\/{rel}","templated":true}]}}