{"id":37568,"date":"2017-10-07T19:17:35","date_gmt":"2017-10-07T17:17:35","guid":{"rendered":"http:\/\/www.libraria-occitana.org\/?post_type=product&#038;p=37568"},"modified":"2026-04-29T06:51:31","modified_gmt":"2026-04-29T04:51:31","slug":"turlututu-2-cants-e-dancas-doccitania-libre-2-cd","status":"publish","type":"product","link":"https:\/\/www.libraria-occitana.org\/oc\/produch\/turlututu-2-cants-e-dancas-doccitania-libre-2-cd\/","title":{"rendered":"Turlutut\u00fa 2 : Cants e dan\u00e7as d&#8217;Occitania&#8230; (libre + 2 CD)"},"content":{"rendered":"<p>C\u2019est sous la forme d\u2019une invitation au voyage que nous p\u00e9n\u00e9trons de plain-pied dans ce nouveau floril\u00e8ge \u00e0 couper le souffle de chansons et de textes enfantins enti\u00e8rement en langue occitane.<\/p>\n<p>En effet, vingt ans apr\u00e8s la sortie du <a href=\"http:\/\/www.libraria-occitana.org\/produit\/turlututu-cants-e-dancas-doccitania-libre-2-cd\/\"><em>Turlutut\u00fa<\/em><\/a> n\u00b01, le groupe La Talvera r\u00e9cidive ici en offrant 40 nouvelles chansons pour la plupart de cr\u00e9ation et autant de comptines et de formules, qui vous entra\u00eeneront dans les m\u00e9andres du r\u00eave et de l\u2019imaginaire.<\/p>\n<p>2 CD encart\u00e9s (+ de 60\u2019 chacun) rassemblant 40 chansons in\u00e9dites, 24 comptines ou mimologismes, et 30 versions instrumentales.<\/p>\n<p><a href=\"http:\/\/www.libraria-occitana.org\/produit\/turlututu-cants-e-dancas-doccitania-libre-2-cd\/\"><em>Turlutut\u00fa : Cants e dan\u00e7as d&#8217;Occitania&#8230;<\/em><\/a> (libre + 2 CD)<\/p>\n","protected":false},"excerpt":{"rendered":"<p>C\u2019est sous la forme d\u2019une invitation au voyage que nous p\u00e9n\u00e9trons de plain-pied dans ce nouveau floril\u00e8ge \u00e0 couper le souffle de chansons et de textes enfantins enti\u00e8rement en langue occitane. En effet, vingt ans apr\u00e8s la sortie du Turlutut\u00fa n\u00b01, le groupe La Talvera r\u00e9cidive ici en offrant 40 nouvelles chansons pour la plupart [&hellip;]<\/p>\n","protected":false},"featured_media":37571,"template":"","meta":{"_acf_changed":false,"_genesis_hide_title":false,"_genesis_hide_breadcrumbs":false,"_genesis_hide_singular_image":false,"_genesis_hide_footer_widgets":false,"_genesis_custom_body_class":"","_genesis_custom_post_class":"","_genesis_layout":""},"product_brand":[],"product_cat":[7137,7145,7133],"product_tag":[],"class_list":{"0":"post-37568","1":"product","2":"type-product","3":"status-publish","4":"has-post-thumbnail","6":"product_cat-diccionaris-lenga-escolar-oc","7":"product_cat-escolar-pedagogia-oc","8":"product_cat-libres-oc","9":"pa_auteur-la-talvera-oc","10":"pa_editeur-cordae-la-talvera-oc","11":"pa_langue-occitan-lengadocian-oc","12":"pa_langue-occitan-francais-oc","13":"entry","15":"first","16":"instock","17":"shipping-taxable","18":"purchasable","19":"product-type-simple"},"acf":[],"_links":{"self":[{"href":"https:\/\/www.libraria-occitana.org\/oc\/wp-json\/wp\/v2\/product\/37568","targetHints":{"allow":["GET"]}}],"collection":[{"href":"https:\/\/www.libraria-occitana.org\/oc\/wp-json\/wp\/v2\/product"}],"about":[{"href":"https:\/\/www.libraria-occitana.org\/oc\/wp-json\/wp\/v2\/types\/product"}],"wp:featuredmedia":[{"embeddable":true,"href":"https:\/\/www.libraria-occitana.org\/oc\/wp-json\/wp\/v2\/media\/37571"}],"wp:attachment":[{"href":"https:\/\/www.libraria-occitana.org\/oc\/wp-json\/wp\/v2\/media?parent=37568"}],"wp:term":[{"taxonomy":"product_brand","embeddable":true,"href":"https:\/\/www.libraria-occitana.org\/oc\/wp-json\/wp\/v2\/product_brand?post=37568"},{"taxonomy":"product_cat","embeddable":true,"href":"https:\/\/www.libraria-occitana.org\/oc\/wp-json\/wp\/v2\/product_cat?post=37568"},{"taxonomy":"product_tag","embeddable":true,"href":"https:\/\/www.libraria-occitana.org\/oc\/wp-json\/wp\/v2\/product_tag?post=37568"}],"curies":[{"name":"wp","href":"https:\/\/api.w.org\/{rel}","templated":true}]}}