{"id":37694,"date":"2017-11-11T17:35:24","date_gmt":"2017-11-11T16:35:24","guid":{"rendered":"http:\/\/www.libraria-occitana.org\/produit\/sorcellerie-et-culte-des-fontaines-en-limousin-suivi-de-leau-le-diable-les-saints-retour-aux-sources\/"},"modified":"2026-04-29T11:11:15","modified_gmt":"2026-04-29T09:11:15","slug":"sorcellerie-et-culte-des-fontaines-en-limousin-suivi-de-leau-le-diable-les-saints-retour-aux-sources","status":"publish","type":"product","link":"https:\/\/www.libraria-occitana.org\/oc\/produch\/sorcellerie-et-culte-des-fontaines-en-limousin-suivi-de-leau-le-diable-les-saints-retour-aux-sources\/","title":{"rendered":"Sorcellerie et culte des fontaines en Limousin suivi de L&#8217;eau, le diable, les saints : retour aux sources"},"content":{"rendered":"<p>D\u00e8s son arriv\u00e9e \u00e0 Gimel en 1892, le peintre et grand voyageur Gaston Vuillier est fascin\u00e9 par la Corr\u00e8ze qu\u2019il d\u00e9couvre : les pratiques magiques de ses forgerons-gu\u00e9risseurs, les rituels secrets des \u201crecommandeuses\u201c qui savent \u201ctirer les saints\u201c et guider les malades aupr\u00e8s des fontaines sacr\u00e9es, et bien d\u2019autres \u201csorcelleries\u201c.<\/p>\n<p>Il leur consacre deux articles, \u00ab Chez les magiciens et sorciers de la Corr\u00e8ze \u00bb et \u00ab Le culte des fontaines en Limousin \u00bb qui paraissent dans <em>Le Tour du monde<\/em> en 1899 et en 1901, accompagn\u00e9s de dessins d\u2019une grande puissance. Les premiers font partie des collections du Mus\u00e9e du Clo\u00eetre de Tulle, qui leur a consacr\u00e9 une exposition en 2017.<\/p>\n<p>Ils paraissent ici dans une nouvelle \u00e9dition, accompagn\u00e9s d\u2019une pr\u00e9sentation ethno-historique de Marie-France Houdart, qui nous aide \u00e0 mieux comprendre l\u2019origine et le sens de rites secrets rest\u00e9s pour certains bien vivants. Faut-il y voir des restes de paganisme, des superstitions d\u2019un autre \u00e2ge, ou autre chose ? Que s\u2019est-il pass\u00e9 quand une religion, au nom de Dieu et de ses saints, s\u2019est install\u00e9e \u00e0 la place d\u2019une autre ? Ces pratiques sont-elles une sp\u00e9cificit\u00e9 limousine ? Faut-il croire pour gu\u00e9rir ?<\/p>\n<p><strong>Un beau livre,<\/strong><br \/>\n<strong>des images \u00e9tonnantes,<\/strong><br \/>\n<strong>des questions passionnantes.<\/strong><\/p>\n","protected":false},"excerpt":{"rendered":"<p>D\u00e8s son arriv\u00e9e \u00e0 Gimel en 1892, le peintre et grand voyageur Gaston Vuillier est fascin\u00e9 par la Corr\u00e8ze qu\u2019il d\u00e9couvre : les pratiques magiques de ses forgerons-gu\u00e9risseurs, les rituels secrets des \u201crecommandeuses\u201c qui savent \u201ctirer les saints\u201c et guider les malades aupr\u00e8s des fontaines sacr\u00e9es, et bien d\u2019autres \u201csorcelleries\u201c. Il leur consacre deux articles, [&hellip;]<\/p>\n","protected":false},"featured_media":37692,"template":"","meta":{"_acf_changed":false,"_genesis_hide_title":false,"_genesis_hide_breadcrumbs":false,"_genesis_hide_singular_image":false,"_genesis_hide_footer_widgets":false,"_genesis_custom_body_class":"","_genesis_custom_post_class":"","_genesis_layout":""},"product_brand":[],"product_cat":[7209,7133,7207],"product_tag":[],"class_list":{"0":"post-37694","1":"product","2":"type-product","3":"status-publish","4":"has-post-thumbnail","6":"product_cat-costumas-rites-e-cresencas-oc","7":"product_cat-libres-oc","8":"product_cat-tradicions-patrimoni-oc","9":"pa_auteur-houdart-marie-france-oc","10":"pa_auteur-vuillier-gaston-oc","11":"pa_editeur-maiade-oc","12":"pa_langue-francais-oc","13":"entry","15":"first","16":"instock","17":"shipping-taxable","18":"purchasable","19":"product-type-simple"},"acf":[],"_links":{"self":[{"href":"https:\/\/www.libraria-occitana.org\/oc\/wp-json\/wp\/v2\/product\/37694","targetHints":{"allow":["GET"]}}],"collection":[{"href":"https:\/\/www.libraria-occitana.org\/oc\/wp-json\/wp\/v2\/product"}],"about":[{"href":"https:\/\/www.libraria-occitana.org\/oc\/wp-json\/wp\/v2\/types\/product"}],"wp:featuredmedia":[{"embeddable":true,"href":"https:\/\/www.libraria-occitana.org\/oc\/wp-json\/wp\/v2\/media\/37692"}],"wp:attachment":[{"href":"https:\/\/www.libraria-occitana.org\/oc\/wp-json\/wp\/v2\/media?parent=37694"}],"wp:term":[{"taxonomy":"product_brand","embeddable":true,"href":"https:\/\/www.libraria-occitana.org\/oc\/wp-json\/wp\/v2\/product_brand?post=37694"},{"taxonomy":"product_cat","embeddable":true,"href":"https:\/\/www.libraria-occitana.org\/oc\/wp-json\/wp\/v2\/product_cat?post=37694"},{"taxonomy":"product_tag","embeddable":true,"href":"https:\/\/www.libraria-occitana.org\/oc\/wp-json\/wp\/v2\/product_tag?post=37694"}],"curies":[{"name":"wp","href":"https:\/\/api.w.org\/{rel}","templated":true}]}}