{"id":37725,"date":"2017-12-14T19:39:28","date_gmt":"2017-12-14T18:39:28","guid":{"rendered":"http:\/\/www.libraria-occitana.org\/produit\/la-cabrette-histoire-technique-dune-cornemuse\/"},"modified":"2026-04-29T04:52:01","modified_gmt":"2026-04-29T02:52:01","slug":"la-cabrette-histoire-technique-dune-cornemuse","status":"publish","type":"product","link":"https:\/\/www.libraria-occitana.org\/oc\/produch\/la-cabrette-histoire-technique-dune-cornemuse\/","title":{"rendered":"La Cabrette : Histoire &#038; technique d&#8217;une cornemuse"},"content":{"rendered":"<p>Coordonn\u00e9 par Andr\u00e9 Ricros et \u00e9crit avec la collaboration d&#8217;\u00c9ric Montbel, Didier Perre, Bernard Blanc, Michel Chavannon et Marius Lutgerink, ce livre de pr\u00e8s de 850 pages et de plus de 700 documents iconographiques va vous r\u00e9v\u00e9ler l&#8217;histoire \u00e9tonnante et sinueuse de la cornemuse embl\u00e9matique du Massif Central : la cabrette !<\/p>\n<p>Des recherches approfondies vous feront d\u00e9couvrir pr\u00e8s de quarante fabricants de cabrette du XIX\u00e8me si\u00e8cle, de Weber \u00e0 Amadieu, de Pez\u00e9 \u00e0 Sochay, de Pouyet \u00e0 Fabre en passant par Gasparoux et Defarges&#8230;<\/p>\n<p>Tout au long de cet ouvrage, vous suivrez \u00e9galement les p\u00e9rip\u00e9ties qui ont port\u00e9 cet instrument sur le devant de la sc\u00e8ne pour en faire l&#8217;embl\u00e8me de tout un territoire : des relations \u00e9troites qu&#8217;il entretint avec l&#8217;\u00e9pop\u00e9e des auvergnats de Paris aux emprunts qu&#8217;il fit \u00e0 la musette de cour, ainsi qu&#8217;un \u00e9tat des lieux exhaustif de sa pr\u00e9sence en Haute-Loire compl\u00e8tent ce travail in\u00e9dit.<\/p>\n<p>Cette publication, fruit de longues ann\u00e9es de recherches, est en tous points un \u00e9v\u00e9nement, et s&#8217;annonce sans aucun doute comme un document de r\u00e9f\u00e9rence sur l&#8217;histoire des musiques et des hommes du Massif Central.<\/p>\n","protected":false},"excerpt":{"rendered":"<p>Coordonn\u00e9 par Andr\u00e9 Ricros et \u00e9crit avec la collaboration d&#8217;\u00c9ric Montbel, Didier Perre, Bernard Blanc, Michel Chavannon et Marius Lutgerink, ce livre de pr\u00e8s de 850 pages et de plus de 700 documents iconographiques va vous r\u00e9v\u00e9ler l&#8217;histoire \u00e9tonnante et sinueuse de la cornemuse embl\u00e9matique du Massif Central : la cabrette ! Des recherches approfondies [&hellip;]<\/p>\n","protected":false},"featured_media":37717,"template":"","meta":{"_acf_changed":false,"_genesis_hide_title":false,"_genesis_hide_breadcrumbs":false,"_genesis_hide_singular_image":false,"_genesis_hide_footer_widgets":false,"_genesis_custom_body_class":"","_genesis_custom_post_class":"","_genesis_layout":""},"product_brand":[],"product_cat":[7195,7133,7191],"product_tag":[],"class_list":{"0":"post-37725","1":"product","2":"type-product","3":"status-publish","4":"has-post-thumbnail","6":"product_cat-estudis-oc","7":"product_cat-libres-oc","8":"product_cat-musica-danca-oc","9":"pa_auteur-montbel-eric-oc","10":"pa_auteur-perre-didier-oc","11":"pa_auteur-ricros-andre-oc","12":"pa_editeur-editions-italiques-oc","13":"pa_illustrateur-blanc-bernard-oc","14":"pa_illustrateur-chavannon-michel-oc","15":"pa_illustrateur-lutgerink-marius-oc","16":"pa_langue-francais-oc","17":"entry","19":"first","20":"outofstock","21":"shipping-taxable","22":"purchasable","23":"product-type-simple"},"acf":[],"_links":{"self":[{"href":"https:\/\/www.libraria-occitana.org\/oc\/wp-json\/wp\/v2\/product\/37725","targetHints":{"allow":["GET"]}}],"collection":[{"href":"https:\/\/www.libraria-occitana.org\/oc\/wp-json\/wp\/v2\/product"}],"about":[{"href":"https:\/\/www.libraria-occitana.org\/oc\/wp-json\/wp\/v2\/types\/product"}],"wp:featuredmedia":[{"embeddable":true,"href":"https:\/\/www.libraria-occitana.org\/oc\/wp-json\/wp\/v2\/media\/37717"}],"wp:attachment":[{"href":"https:\/\/www.libraria-occitana.org\/oc\/wp-json\/wp\/v2\/media?parent=37725"}],"wp:term":[{"taxonomy":"product_brand","embeddable":true,"href":"https:\/\/www.libraria-occitana.org\/oc\/wp-json\/wp\/v2\/product_brand?post=37725"},{"taxonomy":"product_cat","embeddable":true,"href":"https:\/\/www.libraria-occitana.org\/oc\/wp-json\/wp\/v2\/product_cat?post=37725"},{"taxonomy":"product_tag","embeddable":true,"href":"https:\/\/www.libraria-occitana.org\/oc\/wp-json\/wp\/v2\/product_tag?post=37725"}],"curies":[{"name":"wp","href":"https:\/\/api.w.org\/{rel}","templated":true}]}}