{"id":37755,"date":"2017-12-18T20:37:41","date_gmt":"2017-12-18T19:37:41","guid":{"rendered":"http:\/\/www.libraria-occitana.org\/produit\/la-chabrette\/"},"modified":"2026-04-18T05:42:00","modified_gmt":"2026-04-18T03:42:00","slug":"la-chabrette","status":"publish","type":"product","link":"https:\/\/www.libraria-occitana.org\/oc\/produch\/la-chabrette\/","title":{"rendered":"La chabrette"},"content":{"rendered":"<p><strong>Philippe \u201cRando\u201d Randonneix :<\/strong> chabrettes<br \/>\n<strong>Musiciens invit\u00e9s :<\/strong>\u00a0Magal\u00ed Urroz : accord\u00e9on diatonique (1, 9) ; Alexandra Lacouchie : violon (3, 12) ;\u00a0Pauline Randonneix : chant (4) ;\u00a0Isabelle Bolla\u00ebrt : chabrette (5) ;\u00a0Olivier Daviau : vielle \u00e0 roue (6)<\/p>\n<p>\u201cRando\u201d a \u00e9t\u00e9 un des tout premiers acteurs, et en reste, apr\u00e8s ces quelques dizaines d\u2019ann\u00e9es, un militant et un \u201cpilier\u201d reconnu, comme lors de ses participations actives aux quatre derni\u00e8res Rencontres de Chabretaires annuelles, entre 2014 et 2017. Il avoue aussi \u00ab \u201cse commettre\u201d, depuis maintenant une douzaine d\u2019ann\u00e9es, mais \u00e0 la musette, avec La Fraternelle de Cornemuses du Centre \u00bb.<\/p>\n<p>C\u2019est en 2006, \u00e0 la suite de l\u2019enregistrement du CD <em>Un tot pitit bocin<\/em> qu\u2019il cr\u00e9e avec Alexandra et Magal\u00ed le trio Tres per doS qui va lui permettre d\u2019explorer encore plus en profondeur un r\u00e9pertoire de musique de bal strictement limousin, ainsi que le chant \u00e0 danser en occitan local.<\/p>\n<p>Avant, ce sont les treize ann\u00e9es d\u2019enseignement au CRR de Limoges, au D\u00e9partement de Musique traditionnelle, sous la direction de Fran\u00e7oise \u00c9tay, la constitution de l\u2019ensemble Chabrettes et Hautbois du Limousin, les participations \u00e0 de multiples animations de stages d\u2019instrument, l\u2019organisation des Rencontres de Chabrette au Ch\u00e2teau de Ligoure, la participation au groupe Couleur Chabrette, les rencontres avec Andr\u00e9 Pangaud et Camillou Gavinet. Tout ceci avec la toute premi\u00e8re chabrette refabriqu\u00e9e par Claude, suivie par la suite de quelques autres, de Marius, et maintenant de Fr\u00e9d\u00e9ric.<\/p>\n<p>Mais ce sont bien les rencontres, d\u2019abord adolescentes, avec Louis Jarraud, qui jouait le r\u00e9pertoire du P\u00e8re Jabet, \u00ab un cousin dont j\u2019ai h\u00e9rit\u00e9 d\u2019une ancienne cabrette \u00bb, qui ont \u00e9t\u00e9 d\u00e9terminantes. Les souvenirs de ces pr\u00e9cieux moments, presque filiaux, dans cette petite maison du hameau du Barnagaud, \u00e0 jouer, mais surtout discuter, \u00e9changer, en occitan limousin, ne s\u2019effaceront pas.<\/p>\n<p>Et, oui, l\u2019enfant a commenc\u00e9, il y a encore plus d\u2019ann\u00e9es, comme danseur, dans le groupe folklorique Lou Fougau de Bujaleuf. Cet amour de la danse, qui ne l\u2019a jamais quitt\u00e9, et qui le pousse, toujours, \u00e0 se laisser entra\u00eener, \u00ab pour une paire de bourr\u00e9es, ou quelque mazurka, scottish, ou m\u00eame valse \u00bb\u2026<\/p>\n<p><strong>Titres :<\/strong><br \/>\n1. Valse de ce temps-l\u00e0 (trad.) 5&#8217;01<br \/>\n2. Mazurkas de Chabrier et de Geneix (trad.) 3&#8217;08<br \/>\n3. Polkas piqu\u00e9es (trad.) 2&#8217;38<br \/>\n4. Bourr\u00e9es droites (trad.) 3&#8217;33<br \/>\n5. Valse \u2013 La Fille du Ge\u00f4lier (trad.) 3&#8217;48<br \/>\n6. Marche \u2013 Tilou Tilou (trad.) 2&#8217;29<br \/>\n7. Bourr\u00e9es de Chabrier (trad.) 5&#8217;13<br \/>\n8. Scottishs \u2013 de Mme Doudet \/ de Cordes (trad. \/ \u00c9ric Montbel) 2&#8217;26<br \/>\n9. Branle de Naussanes (trad.) 2&#8217;09<br \/>\n10. Bourr\u00e9e-Valse \u2013 La Parisienne (trad.) 2&#8217;48<br \/>\n11. Air \u2013 Adam et Heva (trad.) 4&#8217;51<br \/>\n12. Mazurkas de P\u00e9chadre (trad.) 4&#8217;54<\/p>\n","protected":false},"excerpt":{"rendered":"<p>Philippe \u201cRando\u201d Randonneix : chabrettes Musiciens invit\u00e9s :\u00a0Magal\u00ed Urroz : accord\u00e9on diatonique (1, 9) ; Alexandra Lacouchie : violon (3, 12) ;\u00a0Pauline Randonneix : chant (4) ;\u00a0Isabelle Bolla\u00ebrt : chabrette (5) ;\u00a0Olivier Daviau : vielle \u00e0 roue (6) \u201cRando\u201d a \u00e9t\u00e9 un des tout premiers acteurs, et en reste, apr\u00e8s ces quelques dizaines d\u2019ann\u00e9es, un [&hellip;]<\/p>\n","protected":false},"featured_media":37753,"template":"","meta":{"_acf_changed":false,"_genesis_hide_title":false,"_genesis_hide_breadcrumbs":false,"_genesis_hide_singular_image":false,"_genesis_hide_footer_widgets":false,"_genesis_custom_body_class":"","_genesis_custom_post_class":"","_genesis_layout":""},"product_brand":[],"product_cat":[16683,7229],"product_tag":[],"class_list":{"0":"post-37755","1":"product","2":"type-product","3":"status-publish","4":"has-post-thumbnail","6":"product_cat-musica-oc","7":"product_cat-novela-tradicion-oc","8":"pa_auteur-randonneix-philippe-oc","9":"pa_editeur-bemol-productions-oc","10":"pa_langue-francais-oc","11":"pa_langue-occitan-oc","12":"pa_langue-occitan-lemosin-oc","13":"entry","15":"first","16":"instock","17":"shipping-taxable","18":"purchasable","19":"product-type-simple"},"acf":[],"_links":{"self":[{"href":"https:\/\/www.libraria-occitana.org\/oc\/wp-json\/wp\/v2\/product\/37755","targetHints":{"allow":["GET"]}}],"collection":[{"href":"https:\/\/www.libraria-occitana.org\/oc\/wp-json\/wp\/v2\/product"}],"about":[{"href":"https:\/\/www.libraria-occitana.org\/oc\/wp-json\/wp\/v2\/types\/product"}],"wp:featuredmedia":[{"embeddable":true,"href":"https:\/\/www.libraria-occitana.org\/oc\/wp-json\/wp\/v2\/media\/37753"}],"wp:attachment":[{"href":"https:\/\/www.libraria-occitana.org\/oc\/wp-json\/wp\/v2\/media?parent=37755"}],"wp:term":[{"taxonomy":"product_brand","embeddable":true,"href":"https:\/\/www.libraria-occitana.org\/oc\/wp-json\/wp\/v2\/product_brand?post=37755"},{"taxonomy":"product_cat","embeddable":true,"href":"https:\/\/www.libraria-occitana.org\/oc\/wp-json\/wp\/v2\/product_cat?post=37755"},{"taxonomy":"product_tag","embeddable":true,"href":"https:\/\/www.libraria-occitana.org\/oc\/wp-json\/wp\/v2\/product_tag?post=37755"}],"curies":[{"name":"wp","href":"https:\/\/api.w.org\/{rel}","templated":true}]}}