{"id":37773,"date":"2017-12-12T15:14:17","date_gmt":"2017-12-12T14:14:17","guid":{"rendered":"http:\/\/www.libraria-occitana.org\/produit\/bal-a-la-voix-2\/"},"modified":"2026-04-19T02:21:20","modified_gmt":"2026-04-19T00:21:20","slug":"bal-a-la-voix-2","status":"publish","type":"product","link":"https:\/\/www.libraria-occitana.org\/oc\/produch\/bal-a-la-voix-2\/","title":{"rendered":"Bal \u00e0 la voix #2"},"content":{"rendered":"<p><strong>Didier D\u00e9combat :<\/strong> voix<br \/>\n<strong>\u00c9ric Desgrugillers :<\/strong> voix, pieds<br \/>\n<strong>S\u00e9bastien Guerrier :<\/strong> voix, pieds, beat box<\/p>\n<p>Dans ce second album, \u00ab Ceux de Lanla \u00bb offrent \u00e0 leur bal \u00e0 la voix un tout nouveau r\u00e9pertoire : un choix de chansons et d&#8217;airs \u00e0 danser r\u00e9colt\u00e9s dans les archives sonores des pays d&#8217;Auvergne, ainsi que quelques compositions. Toujours plus complices, les trois belles voix d\u00e9ploient leur \u00e9nergie musicale pour la danse. Elles s&#8217;enroulent, se percutent et se r\u00e9pondent dans des interpr\u00e9tations efficaces et dans des arrangements o\u00f9 tout est possible ! Des imitations d&#8217;instruments, des cris, des bourdons, des harmonies particuli\u00e8res ; des rythmiques \u00e0 la voix, \u00e0 la beat box et aux pieds&#8230; et d&#8217;autres surprises !<\/p>\n<p><strong>Titres :<\/strong><br \/>\n1. Pas de loup dans le bois vicaire | Scottishes 4&#8217;04<br \/>\n2. La lune se retrire au sud-est | Bourr\u00e9es \u00e0 deux temps 4&#8217;18<br \/>\n3. Lo b\u00f2sc de la B\u00f2rda v\u00e8s Carlat | Bourr\u00e9es 2&#8217;54<br \/>\n4. Mazurka \u00e0 Tournadre \u2013 Mazurka \u00e0 Mazi\u00e8re | Mazurkas 3&#8217;15<br \/>\n5. Lo mes de mai \u2013 Valse \u00e0 Jean Vic | Valses 5&#8217;26<br \/>\n6. Ma maire n&#8217;avi\u00e0 mai &#8216;na dent | Scottish &#8211; polka 3&#8217;49<br \/>\n7. La canlha, de que ieu t&#8217;ai fach ? A ! se sabiatz ! | Bourr\u00e9es 3&#8217;31<br \/>\n8. La barbi\u00e8re 4&#8217;28<br \/>\n9. Portatz n-a beure, Jan\u00e8ta, e lo peisson Chabrit | Bourr\u00e9es \u00e0 deux temps 4&#8217;24<br \/>\n10. Se n&#8217;avi\u00e1 &#8216;na mia sul pont de Tula, se coifar\u00e1 bian !| Bourr\u00e9es 3&#8217;33<br \/>\n11. Bourr\u00e9e 92 \u2013 Per bien sejar | Bourr\u00e9es 3&#8217;15<br \/>\n12. Lo cosin | Marche de noces 3&#8217;27<br \/>\n13. Polkas piqu\u00e9es | Polkas 2&#8217;36<br \/>\n14. R\u00e8ssa, r\u00e8ssa au bo\u00e8s de ma tanta&#8230; | Formulette et bourr\u00e9es 3&#8217;07<br \/>\n15. La berg\u00e8re aux oiseaux | Mazurka 4&#8217;47<br \/>\n16. Las pomas rojas \u2013 Scottish \u00e0 \u00c9ric | Scottishes 2&#8217;53<br \/>\n17. J&#8217;ai pass\u00e9 la semaine \u2013 L&#8217;aurillacoise | Valse 4&#8217;27<\/p>\n<p>&nbsp;<\/p>\n<p><strong>Lo b\u00f2sc de la B\u00f2rda<\/strong><\/p>\n<p><audio class=\"wp-audio-shortcode\" id=\"audio-37773-1\" preload=\"none\" style=\"width: 100%;\" controls=\"controls\"><source type=\"audio\/mpeg\" src=\"https:\/\/www.libraria-occitana.org\/wp-content\/uploads\/2017\/12\/10582_quausdelanla_vol2_p03.mp3?_=1\" \/><a href=\"https:\/\/www.libraria-occitana.org\/wp-content\/uploads\/2017\/12\/10582_quausdelanla_vol2_p03.mp3\">https:\/\/www.libraria-occitana.org\/wp-content\/uploads\/2017\/12\/10582_quausdelanla_vol2_p03.mp3<\/a><\/audio><\/p>\n<p><strong>La barbi\u00e8re<\/strong><\/p>\n<p><audio class=\"wp-audio-shortcode\" id=\"audio-37773-2\" preload=\"none\" style=\"width: 100%;\" controls=\"controls\"><source type=\"audio\/mpeg\" src=\"https:\/\/www.libraria-occitana.org\/wp-content\/uploads\/2017\/12\/10582_quausdelanla_vol2_p08.mp3?_=2\" \/><a href=\"https:\/\/www.libraria-occitana.org\/wp-content\/uploads\/2017\/12\/10582_quausdelanla_vol2_p08.mp3\">https:\/\/www.libraria-occitana.org\/wp-content\/uploads\/2017\/12\/10582_quausdelanla_vol2_p08.mp3<\/a><\/audio><\/p>\n<p><strong>Portatz n-a beure<\/strong><\/p>\n<p><audio class=\"wp-audio-shortcode\" id=\"audio-37773-3\" preload=\"none\" style=\"width: 100%;\" controls=\"controls\"><source type=\"audio\/mpeg\" src=\"https:\/\/www.libraria-occitana.org\/wp-content\/uploads\/2017\/12\/10582_quausdelanla_vol2_p09.mp3?_=3\" \/><a href=\"https:\/\/www.libraria-occitana.org\/wp-content\/uploads\/2017\/12\/10582_quausdelanla_vol2_p09.mp3\">https:\/\/www.libraria-occitana.org\/wp-content\/uploads\/2017\/12\/10582_quausdelanla_vol2_p09.mp3<\/a><\/audio><\/p>\n<p>&nbsp;<\/p>\n","protected":false},"excerpt":{"rendered":"<p>Didier D\u00e9combat : voix \u00c9ric Desgrugillers : voix, pieds S\u00e9bastien Guerrier : voix, pieds, beat box Dans ce second album, \u00ab Ceux de Lanla \u00bb offrent \u00e0 leur bal \u00e0 la voix un tout nouveau r\u00e9pertoire : un choix de chansons et d&#8217;airs \u00e0 danser r\u00e9colt\u00e9s dans les archives sonores des pays d&#8217;Auvergne, ainsi que [&hellip;]<\/p>\n","protected":false},"featured_media":37761,"template":"","meta":{"_acf_changed":false,"_genesis_hide_title":false,"_genesis_hide_breadcrumbs":false,"_genesis_hide_singular_image":false,"_genesis_hide_footer_widgets":false,"_genesis_custom_body_class":"","_genesis_custom_post_class":"","_genesis_layout":""},"product_brand":[],"product_cat":[16683,7229],"product_tag":[],"class_list":{"0":"post-37773","1":"product","2":"type-product","3":"status-publish","4":"has-post-thumbnail","6":"product_cat-musica-oc","7":"product_cat-novela-tradicion-oc","8":"pa_auteur-quaus-de-lanla-oc","9":"pa_editeur-quaus-de-lanla-fr-oc","10":"pa_langue-francais-oc","11":"pa_langue-occitan-oc","12":"pa_langue-occitan-auvernhat-oc","13":"entry","15":"first","16":"outofstock","17":"shipping-taxable","18":"purchasable","19":"product-type-simple"},"acf":[],"_links":{"self":[{"href":"https:\/\/www.libraria-occitana.org\/oc\/wp-json\/wp\/v2\/product\/37773","targetHints":{"allow":["GET"]}}],"collection":[{"href":"https:\/\/www.libraria-occitana.org\/oc\/wp-json\/wp\/v2\/product"}],"about":[{"href":"https:\/\/www.libraria-occitana.org\/oc\/wp-json\/wp\/v2\/types\/product"}],"wp:featuredmedia":[{"embeddable":true,"href":"https:\/\/www.libraria-occitana.org\/oc\/wp-json\/wp\/v2\/media\/37761"}],"wp:attachment":[{"href":"https:\/\/www.libraria-occitana.org\/oc\/wp-json\/wp\/v2\/media?parent=37773"}],"wp:term":[{"taxonomy":"product_brand","embeddable":true,"href":"https:\/\/www.libraria-occitana.org\/oc\/wp-json\/wp\/v2\/product_brand?post=37773"},{"taxonomy":"product_cat","embeddable":true,"href":"https:\/\/www.libraria-occitana.org\/oc\/wp-json\/wp\/v2\/product_cat?post=37773"},{"taxonomy":"product_tag","embeddable":true,"href":"https:\/\/www.libraria-occitana.org\/oc\/wp-json\/wp\/v2\/product_tag?post=37773"}],"curies":[{"name":"wp","href":"https:\/\/api.w.org\/{rel}","templated":true}]}}