{"id":37779,"date":"2017-05-19T15:35:35","date_gmt":"2017-05-19T13:35:35","guid":{"rendered":"http:\/\/www.libraria-occitana.org\/produit\/le-chien-roux\/"},"modified":"2026-04-29T02:41:22","modified_gmt":"2026-04-29T00:41:22","slug":"le-chien-roux","status":"publish","type":"product","link":"https:\/\/www.libraria-occitana.org\/oc\/produch\/le-chien-roux\/","title":{"rendered":"Le chien roux"},"content":{"rendered":"<p><strong>Cl\u00e9mence Cognet :<\/strong> chant, violon, pieds<br \/>\n<strong>Lucie Dessiaumes :<\/strong> chant, marionnette<br \/>\n<strong>Lo\u00efc \u00c9tienne :<\/strong> accord\u00e9ons diatoniques, pieds<br \/>\n<strong>Paulette :<\/strong> chant<\/p>\n<p>\u201cLa Vielha\u201d chante des histoires venues d&#8217;hier qui parlent aux oreilles d&#8217;aujourd&#8217;hui.\u00a0Ce groupe est issu de l&#8217;association Les Brayauds (CdMDT 63) et du Collectif Les \u00c9bruiteurs.<\/p>\n<p>Ils sont quatre : trois musiciens pour interpr\u00e9ter les m\u00e9lodies et les mots sensibles d&#8217;une po\u00e9sie populaire du Massif Central et d&#8217;ailleurs, une marionnette brodeuse de menteries pour animer le bal. Une musique \u00e0 danser men\u00e9e \u00e0 la voix, cadenc\u00e9e et chaleureuse, nourrie \u00e0 la marmite brayaude.<\/p>\n<p><strong>Titres :<\/strong><br \/>\n1. Joana d&#8217;Aim\u00e9 | Scottish<br \/>\n2. Borra-borra \/ Lo m\u00e8rle blanc \/ Lo chin lo chat | Bourr\u00e9es 3 temps<br \/>\n3. Dan\u00e7ava tot lo l\u00f2ng de la nu\u00e8ch | Valse<br \/>\n4. Grand ma\u00eetre de la nuit | Bourr\u00e9e 2 temps<br \/>\n5. Se la voli\u00e1 chausir \/ Anam z-escodre | Bourr\u00e9es 3 temps<br \/>\n6. Dess\u00fas la rota dei Lonzac | Scottish<br \/>\n7. Le mois de mai il est venu \/ Le mois d&#8217;avril vient \u00e0 passer | Valses<br \/>\n8. Para lo lop | Bourr\u00e9e 3 temps<br \/>\n9. La ruth\u00e9noise \/ Il \u00e9tait une fille belle et gentille | Mazurkas<br \/>\n10. L&#8217;autre jour m&#8217;allant promener | Polka<br \/>\n11. Mon p\u00e8re avait cinq-cents moutons | Rond d&#8217;Argenton<br \/>\n12. Tr\u00e8s enfants d&#8217;en Bretanhat | Bourr\u00e9e 3 temps<br \/>\n13. La despartida (Pilhate-voi b\u00eala &#8216;q\u00fcelh ma\u00e7olin) | Valse<br \/>\n14. Qu\u00e9 donarai ieu a ma mia | Chanson<br \/>\n15. Le chien roux (D&#8217;ont va sonhar berg\u00e8ira) | Bourr\u00e9e 3 temps<\/p>\n<p>&nbsp;<\/p>\n","protected":false},"excerpt":{"rendered":"<p>Cl\u00e9mence Cognet : chant, violon, pieds Lucie Dessiaumes : chant, marionnette Lo\u00efc \u00c9tienne : accord\u00e9ons diatoniques, pieds Paulette : chant \u201cLa Vielha\u201d chante des histoires venues d&#8217;hier qui parlent aux oreilles d&#8217;aujourd&#8217;hui.\u00a0Ce groupe est issu de l&#8217;association Les Brayauds (CdMDT 63) et du Collectif Les \u00c9bruiteurs. Ils sont quatre : trois musiciens pour interpr\u00e9ter les [&hellip;]<\/p>\n","protected":false},"featured_media":37777,"template":"","meta":{"_acf_changed":false,"_genesis_hide_title":false,"_genesis_hide_breadcrumbs":false,"_genesis_hide_singular_image":false,"_genesis_hide_footer_widgets":false,"_genesis_custom_body_class":"","_genesis_custom_post_class":"","_genesis_layout":""},"product_brand":[],"product_cat":[16683,7229],"product_tag":[],"class_list":{"0":"post-37779","1":"product","2":"type-product","3":"status-publish","4":"has-post-thumbnail","6":"product_cat-musica-oc","7":"product_cat-novela-tradicion-oc","8":"pa_auteur-la-vielha-oc","9":"pa_editeur-cdmdt-63-fr-oc","10":"pa_langue-francais-oc","11":"pa_langue-occitan-oc","12":"pa_langue-occitan-auvernhat-oc","13":"pa_langue-occitan-lemosin-oc","14":"entry","16":"first","17":"outofstock","18":"shipping-taxable","19":"purchasable","20":"product-type-simple"},"acf":[],"_links":{"self":[{"href":"https:\/\/www.libraria-occitana.org\/oc\/wp-json\/wp\/v2\/product\/37779","targetHints":{"allow":["GET"]}}],"collection":[{"href":"https:\/\/www.libraria-occitana.org\/oc\/wp-json\/wp\/v2\/product"}],"about":[{"href":"https:\/\/www.libraria-occitana.org\/oc\/wp-json\/wp\/v2\/types\/product"}],"wp:featuredmedia":[{"embeddable":true,"href":"https:\/\/www.libraria-occitana.org\/oc\/wp-json\/wp\/v2\/media\/37777"}],"wp:attachment":[{"href":"https:\/\/www.libraria-occitana.org\/oc\/wp-json\/wp\/v2\/media?parent=37779"}],"wp:term":[{"taxonomy":"product_brand","embeddable":true,"href":"https:\/\/www.libraria-occitana.org\/oc\/wp-json\/wp\/v2\/product_brand?post=37779"},{"taxonomy":"product_cat","embeddable":true,"href":"https:\/\/www.libraria-occitana.org\/oc\/wp-json\/wp\/v2\/product_cat?post=37779"},{"taxonomy":"product_tag","embeddable":true,"href":"https:\/\/www.libraria-occitana.org\/oc\/wp-json\/wp\/v2\/product_tag?post=37779"}],"curies":[{"name":"wp","href":"https:\/\/api.w.org\/{rel}","templated":true}]}}