{"id":37816,"date":"2006-07-22T18:16:24","date_gmt":"2006-07-22T16:16:24","guid":{"rendered":"http:\/\/www.libraria-occitana.org\/produit\/terroirs-et-maisons-de-france-les-demeures-traditionnelles-et-leur-environnement-geologique\/"},"modified":"2026-04-29T10:36:58","modified_gmt":"2026-04-29T08:36:58","slug":"terroirs-et-maisons-de-france-les-demeures-traditionnelles-et-leur-environnement-geologique","status":"publish","type":"product","link":"https:\/\/www.libraria-occitana.org\/oc\/produch\/terroirs-et-maisons-de-france-les-demeures-traditionnelles-et-leur-environnement-geologique\/","title":{"rendered":"Terroirs et Maisons de France : Les demeures traditionnelles et leur environnement g\u00e9ologique"},"content":{"rendered":"<p>La richesse et la diversit\u00e9 des vieilles demeures sont telles qu&#8217;un ouvrage unique ne peut les contenir toutes. Toutefois, la vingtaine de r\u00e9gions envisag\u00e9es ici offre un panorama suffisamment vaste pour que rien d&#8217;essentiel ne soit oubli\u00e9. Les auteurs sont des sp\u00e9cialistes de g\u00e9ologie r\u00e9gionale qui analysent avec leur personnalit\u00e9 et leur originalit\u00e9 les rapports entre la pierre et l&#8217;architecture. Il ne faut pas donc pas s&#8217;attendre \u00e0 un canevas rigide o\u00f9 s&#8217;enferme la description de chaque type de maison, mais \u00e0 des approches diverses et \u00e0 des pr\u00e9sentations vari\u00e9es o\u00f9 les relations entre les mat\u00e9riaux, l&#8217;architecture et le milieu sont aussi mises en \u00e9vidence.<\/p>\n","protected":false},"excerpt":{"rendered":"<p>La richesse et la diversit\u00e9 des vieilles demeures sont telles qu&#8217;un ouvrage unique ne peut les contenir toutes. Toutefois, la vingtaine de r\u00e9gions envisag\u00e9es ici offre un panorama suffisamment vaste pour que rien d&#8217;essentiel ne soit oubli\u00e9. Les auteurs sont des sp\u00e9cialistes de g\u00e9ologie r\u00e9gionale qui analysent avec leur personnalit\u00e9 et leur originalit\u00e9 les rapports [&hellip;]<\/p>\n","protected":false},"featured_media":37814,"template":"","meta":{"_acf_changed":false,"_genesis_hide_title":false,"_genesis_hide_breadcrumbs":false,"_genesis_hide_singular_image":false,"_genesis_hide_footer_widgets":false,"_genesis_custom_body_class":"","_genesis_custom_post_class":"","_genesis_layout":""},"product_brand":[],"product_cat":[7133,7215,7207],"product_tag":[],"class_list":{"0":"post-37816","1":"product","2":"type-product","3":"status-publish","4":"has-post-thumbnail","6":"product_cat-libres-oc","7":"product_cat-patrimoni-bastit-oc","8":"product_cat-tradicions-patrimoni-oc","9":"pa_auteur-collectiu-oc-2","10":"pa_auteur-marty-jean-pierre-oc","11":"pa_auteur-pomerol-charles-oc","12":"pa_auteur-sustrac-gerard-oc","13":"pa_editeur-creer-oc","14":"pa_langue-francais-oc","15":"entry","17":"first","18":"outofstock","19":"shipping-taxable","20":"purchasable","21":"product-type-simple"},"acf":[],"_links":{"self":[{"href":"https:\/\/www.libraria-occitana.org\/oc\/wp-json\/wp\/v2\/product\/37816","targetHints":{"allow":["GET"]}}],"collection":[{"href":"https:\/\/www.libraria-occitana.org\/oc\/wp-json\/wp\/v2\/product"}],"about":[{"href":"https:\/\/www.libraria-occitana.org\/oc\/wp-json\/wp\/v2\/types\/product"}],"wp:featuredmedia":[{"embeddable":true,"href":"https:\/\/www.libraria-occitana.org\/oc\/wp-json\/wp\/v2\/media\/37814"}],"wp:attachment":[{"href":"https:\/\/www.libraria-occitana.org\/oc\/wp-json\/wp\/v2\/media?parent=37816"}],"wp:term":[{"taxonomy":"product_brand","embeddable":true,"href":"https:\/\/www.libraria-occitana.org\/oc\/wp-json\/wp\/v2\/product_brand?post=37816"},{"taxonomy":"product_cat","embeddable":true,"href":"https:\/\/www.libraria-occitana.org\/oc\/wp-json\/wp\/v2\/product_cat?post=37816"},{"taxonomy":"product_tag","embeddable":true,"href":"https:\/\/www.libraria-occitana.org\/oc\/wp-json\/wp\/v2\/product_tag?post=37816"}],"curies":[{"name":"wp","href":"https:\/\/api.w.org\/{rel}","templated":true}]}}