{"id":37884,"date":"2017-12-22T13:55:25","date_gmt":"2017-12-22T12:55:25","guid":{"rendered":"http:\/\/www.libraria-occitana.org\/produit\/petite-histoire-de-loccitanie\/"},"modified":"2026-04-29T10:09:54","modified_gmt":"2026-04-29T08:09:54","slug":"petite-histoire-de-loccitanie","status":"publish","type":"product","link":"https:\/\/www.libraria-occitana.org\/oc\/produch\/petite-histoire-de-loccitanie\/","title":{"rendered":"Petite Histoire de l&#8217;Occitanie"},"content":{"rendered":"<p>\u00ab Occitanie \u00bb ! Le mot d\u00e9signe l\u2019ensemble des r\u00e9gions ayant pour langue originelle une langue d\u00e9riv\u00e9e du latin comme le fran\u00e7ais, le roumain, l\u2019italien etc. Sous forme de dialectes (languedocien, proven\u00e7al, limousin\u2026), cette langue a \u00e9t\u00e9 la langue parl\u00e9e par la majorit\u00e9 de la population de 31 d\u00e9partements fran\u00e7ais, de plusieurs vall\u00e9es italiennes et du Val d\u2019Aran du XI\u00e8me si\u00e8cle jusque dans la seconde moiti\u00e9 du XIX\u00e8me. Aujourd\u2019hui la pratique quotidienne de la langue a beaucoup diminu\u00e9 jusque souvent \u00e0 dispara\u00eetre mais le sentiment d\u2019appartenance \u00e0 cet ensemble est fort dans les r\u00e9gions originellement de langue occitane. L\u2019histoire d\u2019Occitanie a \u00e9volu\u00e9 depuis un millier d\u2019ann\u00e9es au double rythme de l\u2019ensemble fran\u00e7ais, pour la plupart de ces r\u00e9gions, et \u00e0 son propre rythme. C&#8217;est cette histoire que cet ouvrage a l\u2019ambition de restituer. Le grand ensemble g\u00e9ographique d\u00e9nomm\u00e9 \u00ab Occitanie \u00bb ne doit pas \u00eatre confondue avec la r\u00e9gion administrative actuelle intitul\u00e9e \u00ab Occitanie-Pyr\u00e9n\u00e9es-M\u00e9diterran\u00e9e \u00bb qui ne regroupe que 13 d\u00e9partements.<\/p>\n","protected":false},"excerpt":{"rendered":"<p>\u00ab Occitanie \u00bb ! Le mot d\u00e9signe l\u2019ensemble des r\u00e9gions ayant pour langue originelle une langue d\u00e9riv\u00e9e du latin comme le fran\u00e7ais, le roumain, l\u2019italien etc. Sous forme de dialectes (languedocien, proven\u00e7al, limousin\u2026), cette langue a \u00e9t\u00e9 la langue parl\u00e9e par la majorit\u00e9 de la population de 31 d\u00e9partements fran\u00e7ais, de plusieurs vall\u00e9es italiennes et [&hellip;]<\/p>\n","protected":false},"featured_media":37797,"template":"","meta":{"_acf_changed":false,"_genesis_hide_title":false,"_genesis_hide_breadcrumbs":false,"_genesis_hide_singular_image":false,"_genesis_hide_footer_widgets":false,"_genesis_custom_body_class":"","_genesis_custom_post_class":"","_genesis_layout":""},"product_brand":[],"product_cat":[7157,7149,7133],"product_tag":[],"class_list":{"0":"post-37884","1":"product","2":"type-product","3":"status-publish","4":"has-post-thumbnail","6":"product_cat-istoria-generala-oc","7":"product_cat-istoria-geografia-oc","8":"product_cat-libres-oc","9":"pa_auteur-sagnes-jean-oc","10":"pa_editeur-cairn-oc","11":"pa_langue-francais-oc","12":"entry","14":"first","15":"outofstock","16":"shipping-taxable","17":"purchasable","18":"product-type-simple"},"acf":[],"_links":{"self":[{"href":"https:\/\/www.libraria-occitana.org\/oc\/wp-json\/wp\/v2\/product\/37884","targetHints":{"allow":["GET"]}}],"collection":[{"href":"https:\/\/www.libraria-occitana.org\/oc\/wp-json\/wp\/v2\/product"}],"about":[{"href":"https:\/\/www.libraria-occitana.org\/oc\/wp-json\/wp\/v2\/types\/product"}],"wp:featuredmedia":[{"embeddable":true,"href":"https:\/\/www.libraria-occitana.org\/oc\/wp-json\/wp\/v2\/media\/37797"}],"wp:attachment":[{"href":"https:\/\/www.libraria-occitana.org\/oc\/wp-json\/wp\/v2\/media?parent=37884"}],"wp:term":[{"taxonomy":"product_brand","embeddable":true,"href":"https:\/\/www.libraria-occitana.org\/oc\/wp-json\/wp\/v2\/product_brand?post=37884"},{"taxonomy":"product_cat","embeddable":true,"href":"https:\/\/www.libraria-occitana.org\/oc\/wp-json\/wp\/v2\/product_cat?post=37884"},{"taxonomy":"product_tag","embeddable":true,"href":"https:\/\/www.libraria-occitana.org\/oc\/wp-json\/wp\/v2\/product_tag?post=37884"}],"curies":[{"name":"wp","href":"https:\/\/api.w.org\/{rel}","templated":true}]}}