{"id":37947,"date":"2017-04-13T16:46:03","date_gmt":"2017-04-13T14:46:03","guid":{"rendered":"http:\/\/www.libraria-occitana.org\/?post_type=product&#038;p=37947"},"modified":"2024-07-04T00:36:17","modified_gmt":"2024-07-03T22:36:17","slug":"leberon-la-revue-limousine-des-litteratures-de-limaginaire-n4","status":"publish","type":"product","link":"https:\/\/www.libraria-occitana.org\/oc\/produch\/leberon-la-revue-limousine-des-litteratures-de-limaginaire-n4\/","title":{"rendered":"Leberon : La revue limousine des litt\u00e9ratures de l&#8217;imaginaire N\u00b04"},"content":{"rendered":"<p>L\u2019association Leberon a pour objectif de promouvoir les litt\u00e9ratures de l\u2019imaginaire (Fantastique, Fantasy, Science-Fiction, Polars\/Thrillers) en Limousin.<br \/>\nPour ce faire, elle propose la revue \u00ab Leberon \u00bb, au rythme de parution semestriel, dans laquelle vous pourrez trouver des nouvelles et contes propos\u00e9s par des auteurs limousins.<br \/>\n\u00ab Lo leberon \u00bb (prononcer \u00ab lou leberou \u00bb), c\u2019est le nom occitan du loup-garou.<br \/>\nLe loup-garou, menace inqui\u00e9tante qui s\u2019en prend aux randonneurs perdus des monts d\u2019Ambazac ?<br \/>\nLe loup garou de guerre qui combat le Roi-Liche aux c\u00f4t\u00e9s des peuples libres ?<br \/>\nLe loup-garou mutant, g\u00e9n\u00e9tiquement modifi\u00e9 cr\u00e9\u00e9 par l\u2019alliance d\u2019un scientifique frustr\u00e9 et d\u2019un homme d\u2019affaire cupide ?<br \/>\nLe loup-garou m\u00e9taphorique, pr\u00e9dateur de nos rues, menace de nos nuits ?<br \/>\nAucun de ceux-l\u00e0, et pourtant un peu tous.<br \/>\nNotre loup-garou est un troubadour, qui ne chante que pour la lune mais que chacun peut entendre s\u2019il pr\u00eate l\u2019oreille.<br \/>\nC\u2019est donc \u00e0 un voyage aux confins des mondes connus ou encore \u00e0 d\u00e9couvrir que vous invite \u00ab lo leberon \u00bb, puissiez-vous vous perdre avec lui dans les for\u00eats limousines ou la ceinture d\u2019ast\u00e9ro\u00efdes, \u00e0 la recherche de quelque vampire, f\u00e9e ou mutant, et laissez-vous conter nos histoires \u00e9piques, terrifiantes, merveilleuses ou cruelles.<\/p>\n","protected":false},"excerpt":{"rendered":"<p>L\u2019association Leberon a pour objectif de promouvoir les litt\u00e9ratures de l\u2019imaginaire (Fantastique, Fantasy, Science-Fiction, Polars\/Thrillers) en Limousin. Pour ce faire, elle propose la revue \u00ab Leberon \u00bb, au rythme de parution semestriel, dans laquelle vous pourrez trouver des nouvelles et contes propos\u00e9s par des auteurs limousins. \u00ab Lo leberon \u00bb (prononcer \u00ab lou leberou \u00bb), [&hellip;]<\/p>\n","protected":false},"featured_media":43195,"template":"","meta":{"_acf_changed":false,"_genesis_hide_title":false,"_genesis_hide_breadcrumbs":false,"_genesis_hide_singular_image":false,"_genesis_hide_footer_widgets":false,"_genesis_custom_body_class":"","_genesis_custom_post_class":"","_genesis_layout":""},"product_brand":[],"product_cat":[7133,7175,7183],"product_tag":[],"class_list":{"0":"post-37947","1":"product","2":"type-product","3":"status-publish","4":"has-post-thumbnail","6":"product_cat-libres-oc","7":"product_cat-literatura-oc","8":"product_cat-romans-novelas-oc","9":"pa_auteur-collectiu-oc-2","10":"pa_editeur-leberon-oc","11":"pa_langue-francais-oc","12":"pa_langue-occitan-oc","13":"pa_langue-occitan-lemosin-oc","14":"entry","16":"first","17":"outofstock","18":"shipping-taxable","19":"purchasable","20":"product-type-simple"},"acf":[],"_links":{"self":[{"href":"https:\/\/www.libraria-occitana.org\/oc\/wp-json\/wp\/v2\/product\/37947","targetHints":{"allow":["GET"]}}],"collection":[{"href":"https:\/\/www.libraria-occitana.org\/oc\/wp-json\/wp\/v2\/product"}],"about":[{"href":"https:\/\/www.libraria-occitana.org\/oc\/wp-json\/wp\/v2\/types\/product"}],"wp:featuredmedia":[{"embeddable":true,"href":"https:\/\/www.libraria-occitana.org\/oc\/wp-json\/wp\/v2\/media\/43195"}],"wp:attachment":[{"href":"https:\/\/www.libraria-occitana.org\/oc\/wp-json\/wp\/v2\/media?parent=37947"}],"wp:term":[{"taxonomy":"product_brand","embeddable":true,"href":"https:\/\/www.libraria-occitana.org\/oc\/wp-json\/wp\/v2\/product_brand?post=37947"},{"taxonomy":"product_cat","embeddable":true,"href":"https:\/\/www.libraria-occitana.org\/oc\/wp-json\/wp\/v2\/product_cat?post=37947"},{"taxonomy":"product_tag","embeddable":true,"href":"https:\/\/www.libraria-occitana.org\/oc\/wp-json\/wp\/v2\/product_tag?post=37947"}],"curies":[{"name":"wp","href":"https:\/\/api.w.org\/{rel}","templated":true}]}}