{"id":37950,"date":"2017-12-13T16:55:26","date_gmt":"2017-12-13T15:55:26","guid":{"rendered":"http:\/\/www.libraria-occitana.org\/?post_type=product&#038;p=37950"},"modified":"2025-03-09T01:28:20","modified_gmt":"2025-03-09T00:28:20","slug":"mini-lop-vol-2","status":"publish","type":"product","link":"https:\/\/www.libraria-occitana.org\/oc\/produch\/mini-lop-vol-2\/","title":{"rendered":"Mini-Lop Vol 2"},"content":{"rendered":"<p>Version occitana de la seria d&#8217;animacion <em>Mini-Loup<\/em> (Genao Productions). D&#8217;apres la benda dessenhada de Philippe Matter.<\/p>\n<p>Seguiss\u00e8tz las aventuras de Mini-Lop, lo lobaton gausa-tot, qu\u2019es pas empesat del cap mas sonque de la nifla e que n\u2019es fi\u00e8r ! Aquel pichon er\u00f2i pintoresc, fissaire e afrontat, nos pert\u00f2ca a cada c\u00f2p. Amb el, pas de temps per se languir, li agrada mai que tot de far de galejadas e de peguesas amb los amics, que d\u2019amics, n\u2019a ! Avan\u00e7a dins un mitan familial que reconf\u00f2rta. Aic\u00ed se tracta dels t\u00e8mes et\u00e8rnes de l\u2019enf\u00e0ncia, amb amistan\u00e7a e esperit, \u00e7\u00f2 que balha al n\u00f2stre er\u00f2i una polida gr\u00e0cia, de joven\u00e7a\u2026 e son debolic !<\/p>\n<p>Dab las votz de Monica Burg, Silvan Carr\u00e8ra, Cecila Chapduelh, Emilie Esquerr\u00e9, Alban Garr\u00f2s, P\u00e8ir Arnaut Grosclaude-Lapl\u00e9ch\u00e8re, Lauren\u00e7 Labadia, Delfina Lafon, Audrey P\u00e9mouli\u00e9, Olivier Pijasson, C\u00e9line Ricard, Guilhem Surpas.<\/p>\n<p>A comptar de 4 ans. 12 epis\u00f2dis.<\/p>\n<p>1. Las roinas de l&#8217;esglasi<br \/>\n2. Banhada obligat\u00f2ria<br \/>\n3. Lo bonet de la vergonha<br \/>\n4. Fadas magicas e cavali\u00e8rs cosmics<br \/>\n5. Ua vrespada de mainadas<br \/>\n6. Lo mot de la regenta<br \/>\n7. Lo papeta es flame<br \/>\n8. La nuech jos la tenda<br \/>\n9. D\u00f3d\u00f3 lo pauruc<br \/>\n10. Madomais\u00e8la Biglu muda<br \/>\n11. La ca\u00e7a a las catarinetas<br \/>\n12. Que partim en classa verda<\/p>\n<p><a href=\"http:\/\/www.libraria-occitana.org\/oc\/produit\/mini-lop-vol-1\/\"><em>Mini-Lop<\/em> Vol 1<\/a><\/p>\n","protected":false},"excerpt":{"rendered":"<p>Version occitana de la seria d&#8217;animacion Mini-Loup (Genao Productions). D&#8217;apres la benda dessenhada de Philippe Matter. Seguiss\u00e8tz las aventuras de Mini-Lop, lo lobaton gausa-tot, qu\u2019es pas empesat del cap mas sonque de la nifla e que n\u2019es fi\u00e8r ! Aquel pichon er\u00f2i pintoresc, fissaire e afrontat, nos pert\u00f2ca a cada c\u00f2p. Amb el, pas de [&hellip;]<\/p>\n","protected":false},"featured_media":37956,"template":"","meta":{"_acf_changed":false,"_genesis_hide_title":false,"_genesis_hide_breadcrumbs":false,"_genesis_hide_singular_image":false,"_genesis_hide_footer_widgets":false,"_genesis_custom_body_class":"","_genesis_custom_post_class":"","_genesis_layout":""},"product_brand":[],"product_cat":[7246,7240],"product_tag":[],"class_list":{"0":"post-37950","1":"product","2":"type-product","3":"status-publish","4":"has-post-thumbnail","6":"product_cat-jounessa-videos-2-oc","7":"product_cat-video-oc","8":"pa_auteur-mege-frederic-oc","9":"pa_editeur-contam-oc","10":"pa_editeur-genao-productions-oc","11":"pa_langue-occitan-oc","12":"entry","14":"first","15":"outofstock","16":"shipping-taxable","17":"purchasable","18":"product-type-simple"},"acf":[],"_links":{"self":[{"href":"https:\/\/www.libraria-occitana.org\/oc\/wp-json\/wp\/v2\/product\/37950","targetHints":{"allow":["GET"]}}],"collection":[{"href":"https:\/\/www.libraria-occitana.org\/oc\/wp-json\/wp\/v2\/product"}],"about":[{"href":"https:\/\/www.libraria-occitana.org\/oc\/wp-json\/wp\/v2\/types\/product"}],"wp:featuredmedia":[{"embeddable":true,"href":"https:\/\/www.libraria-occitana.org\/oc\/wp-json\/wp\/v2\/media\/37956"}],"wp:attachment":[{"href":"https:\/\/www.libraria-occitana.org\/oc\/wp-json\/wp\/v2\/media?parent=37950"}],"wp:term":[{"taxonomy":"product_brand","embeddable":true,"href":"https:\/\/www.libraria-occitana.org\/oc\/wp-json\/wp\/v2\/product_brand?post=37950"},{"taxonomy":"product_cat","embeddable":true,"href":"https:\/\/www.libraria-occitana.org\/oc\/wp-json\/wp\/v2\/product_cat?post=37950"},{"taxonomy":"product_tag","embeddable":true,"href":"https:\/\/www.libraria-occitana.org\/oc\/wp-json\/wp\/v2\/product_tag?post=37950"}],"curies":[{"name":"wp","href":"https:\/\/api.w.org\/{rel}","templated":true}]}}