{"id":37992,"date":"2017-04-17T18:33:31","date_gmt":"2017-04-17T16:33:31","guid":{"rendered":"http:\/\/www.libraria-occitana.org\/produit\/trotet-partida-1-lengadociana\/"},"modified":"2026-04-29T04:51:13","modified_gmt":"2026-04-29T02:51:13","slug":"trotet-partida-1-lengadociana","status":"publish","type":"product","link":"https:\/\/www.libraria-occitana.org\/oc\/produch\/trotet-partida-1-lengadociana\/","title":{"rendered":"Trotet Partida 1 Lengadociana"},"content":{"rendered":"<p>Version occitana de la seria d'animacion <em>Trotro<\/em> (Storimage \/ 2 Minutes), inspirada daus libres de literatura-j\u00f2unessa de B\u00e9n\u00e9dicte Guettier (<em>L'\u00e2ne Trotro<\/em>, edicions Gallimard).<\/p>\n<p>Trotet l'amic dels mainadets<br \/>\nTrotet es un asiron gris. Aluserpit, escarabilhat, es totjorn plan de biais e se sap despatolhar dins la vida.<br \/>\nJ\u00f2ga amb son amiga Lili e aimari\u00e1 que Nana li faga mai de cas. Sas aventuras son de bon comprene pels pus pichons, e ne s\u00f2rt una aimabla ironia suls caprices dels mainatges que v\u00f2lon far lor sicap.<\/p>\n<p>Dab las votz de Cecila Chapduelh, Caroline Dufau, Lauren\u00e7 Labadia.<\/p>\n<p><strong>Titres :<\/strong><br \/>\n1. Trotet j\u00f2ga a las rescondudas<br \/>\n2. Trotet a un polit cartable<br \/>\n3. Trotet es un pichon mostre<br \/>\n4. Trotet sap legir<br \/>\n5. Trotet fa las crompas<br \/>\n6. Trotet musicaire<br \/>\n7. Trotet e la plu\u00e8ja<br \/>\n8. Trotet j\u00f2ga dins son li\u00e8ch<br \/>\n9. Trotet es amor\u00f3s<br \/>\n10. Trotet fa la sopa<br \/>\n11. Trotet met sa cambra en \u00f2rdre<br \/>\n12. Trotet lava Orson<br \/>\n13. Trotet e lo peis<\/p>\n<p><a href=\"http:\/\/www.libraria-occitana.org\/oc\/produit\/trotet-partida-1-gascona\/\"><em>Trotet<\/em>\u00a0Partida 2 Gascona<\/a><br \/>\n<a href=\"http:\/\/www.libraria-occitana.org\/oc\/produit\/trotet-partida-3-provencala\/\"><em>Trotet<\/em>\u00a0Partida 3 Proven\u00e7ala<br \/>\n<\/a><a href=\"http:\/\/www.libraria-occitana.org\/oc\/produit\/trotet-partida-4-lemosina\/\"><em>Trotet<\/em> Partida 4 Limosina<\/a><\/p>\n","protected":false},"excerpt":{"rendered":"<p>Version occitana de la seria d&#8217;animacion Trotro (Storimage \/ 2 Minutes), inspirada daus libres de literatura-j\u00f2unessa de B\u00e9n\u00e9dicte Guettier (L&#8217;\u00e2ne Trotro, edicions Gallimard). Trotet l&#8217;amic dels mainadets Trotet es un asiron gris. Aluserpit, escarabilhat, es totjorn plan de biais e se sap despatolhar dins la vida. J\u00f2ga amb son amiga Lili e aimari\u00e1 que Nana [&hellip;]<\/p>\n","protected":false},"featured_media":37981,"template":"","meta":{"_acf_changed":false,"_genesis_hide_title":false,"_genesis_hide_breadcrumbs":false,"_genesis_hide_singular_image":false,"_genesis_hide_footer_widgets":false,"_genesis_custom_body_class":"","_genesis_custom_post_class":"","_genesis_layout":""},"product_brand":[],"product_cat":[7246,7240],"product_tag":[],"class_list":{"0":"post-37992","1":"product","2":"type-product","3":"status-publish","4":"has-post-thumbnail","6":"product_cat-jounessa-videos-2-oc","7":"product_cat-video-oc","8":"pa_auteur-cazes-eric-oc","9":"pa_auteur-lezoray-stephane-oc","10":"pa_editeur-2-minutes-oc","11":"pa_editeur-contam-oc","12":"pa_editeur-storimage-oc","13":"pa_langue-occitan-oc","14":"pa_langue-occitan-lengadocian-oc","15":"entry","17":"first","18":"outofstock","19":"shipping-taxable","20":"purchasable","21":"product-type-simple"},"acf":[],"_links":{"self":[{"href":"https:\/\/www.libraria-occitana.org\/oc\/wp-json\/wp\/v2\/product\/37992","targetHints":{"allow":["GET"]}}],"collection":[{"href":"https:\/\/www.libraria-occitana.org\/oc\/wp-json\/wp\/v2\/product"}],"about":[{"href":"https:\/\/www.libraria-occitana.org\/oc\/wp-json\/wp\/v2\/types\/product"}],"wp:featuredmedia":[{"embeddable":true,"href":"https:\/\/www.libraria-occitana.org\/oc\/wp-json\/wp\/v2\/media\/37981"}],"wp:attachment":[{"href":"https:\/\/www.libraria-occitana.org\/oc\/wp-json\/wp\/v2\/media?parent=37992"}],"wp:term":[{"taxonomy":"product_brand","embeddable":true,"href":"https:\/\/www.libraria-occitana.org\/oc\/wp-json\/wp\/v2\/product_brand?post=37992"},{"taxonomy":"product_cat","embeddable":true,"href":"https:\/\/www.libraria-occitana.org\/oc\/wp-json\/wp\/v2\/product_cat?post=37992"},{"taxonomy":"product_tag","embeddable":true,"href":"https:\/\/www.libraria-occitana.org\/oc\/wp-json\/wp\/v2\/product_tag?post=37992"}],"curies":[{"name":"wp","href":"https:\/\/api.w.org\/{rel}","templated":true}]}}