{"id":37998,"date":"2017-04-17T18:51:25","date_gmt":"2017-04-17T16:51:25","guid":{"rendered":"http:\/\/www.libraria-occitana.org\/?post_type=product&#038;p=37998"},"modified":"2026-04-27T04:51:14","modified_gmt":"2026-04-27T02:51:14","slug":"trotet-partida-3-provencala","status":"publish","type":"product","link":"https:\/\/www.libraria-occitana.org\/oc\/produch\/trotet-partida-3-provencala\/","title":{"rendered":"Trotet Partida 3 Proven\u00e7ala"},"content":{"rendered":"<p>Version occitana de la seria d'animacion <em>Trotro<\/em> (Storimage \/ 2 Minutes), inspirada daus libres de literatura-j\u00f2unessa de B\u00e9n\u00e9dicte Guettier (<em>L'\u00e2ne Trotro<\/em>, edicions Gallimard).<\/p>\n<p>Trotet l'amic dels mainadets<br \/>\nTrotet es un asiron gris. Aluserpit, escarabilhat, es totjorn plan de biais e se sap despatolhar dins la vida.<br \/>\nJ\u00f2ga amb son amiga Lili e aimari\u00e1 que Nana li faga mai de cas. Sas aventuras son de bon comprene pels pus pichons, e ne s\u00f2rt una aimabla ironia suls caprices dels mainatges que v\u00f2lon far lor sicap.<\/p>\n<p>Dab las votz de Emmanuelle Aym\u00e8s, Cecila Chapduelh, Rod\u00edn Kaufmann, Claudina Paul-Gr\u00f2s.<\/p>\n<p><strong>Titres :<\/strong><br \/>\n27. Trotet e lo bon\u00f2me de n\u00e8u<br \/>\n28. Trotet fa una c\u00f2ca<br \/>\n29. Trotet e la fot\u00f2<br \/>\n30. Al\u00f2 Trotet<br \/>\n31. Trotet palhasson<br \/>\n32. Trotet dessenha<br \/>\n33. Trotet torna trobar Orson<br \/>\n34. Trotet espanta Nan\u00e0<br \/>\n35. Trotet es un pichon Pap\u00e0<br \/>\n36. Trotet arrosa<br \/>\n37. Trotet e l'eiri\u00e7on<br \/>\n38. Trotet fa de roller<br \/>\n39. Trotet e lo peisson rotge<\/p>\n<p><a href=\"http:\/\/www.libraria-occitana.org\/oc\/produit\/trotet-partida-1-lengadociana\/\"><em>Trotet<\/em> Partida 1 Lengadociana<\/a><br \/>\n<a href=\"http:\/\/www.libraria-occitana.org\/oc\/produit\/trotet-partida-1-gascona\/\"><em>Trotet<\/em> Partida 2 Gascona<\/a><br \/>\n<a href=\"http:\/\/www.libraria-occitana.org\/oc\/produit\/trotet-partida-4-lemosina\/\"><em>Trotet<\/em> Partida 4 Limosina<\/a><\/p>\n","protected":false},"excerpt":{"rendered":"<p>Version occitana de la seria d&#8217;animacion Trotro (Storimage \/ 2 Minutes), inspirada daus libres de literatura-j\u00f2unessa de B\u00e9n\u00e9dicte Guettier (L&#8217;\u00e2ne Trotro, edicions Gallimard). Trotet l&#8217;amic dels mainadets Trotet es un asiron gris. Aluserpit, escarabilhat, es totjorn plan de biais e se sap despatolhar dins la vida. J\u00f2ga amb son amiga Lili e aimari\u00e1 que Nana [&hellip;]<\/p>\n","protected":false},"featured_media":37987,"template":"","meta":{"_acf_changed":false,"_genesis_hide_title":false,"_genesis_hide_breadcrumbs":false,"_genesis_hide_singular_image":false,"_genesis_hide_footer_widgets":false,"_genesis_custom_body_class":"","_genesis_custom_post_class":"","_genesis_layout":""},"product_brand":[],"product_cat":[7246,7240],"product_tag":[],"class_list":{"0":"post-37998","1":"product","2":"type-product","3":"status-publish","4":"has-post-thumbnail","6":"product_cat-jounessa-videos-2-oc","7":"product_cat-video-oc","8":"pa_auteur-cazes-eric-oc","9":"pa_auteur-lezoray-stephane-oc","10":"pa_editeur-2-minutes-oc","11":"pa_editeur-contam-oc","12":"pa_editeur-storimage-oc","13":"pa_langue-occitan-oc","14":"pa_langue-occitan-provencau-oc","15":"entry","17":"first","18":"instock","19":"shipping-taxable","20":"purchasable","21":"product-type-simple"},"acf":[],"_links":{"self":[{"href":"https:\/\/www.libraria-occitana.org\/oc\/wp-json\/wp\/v2\/product\/37998","targetHints":{"allow":["GET"]}}],"collection":[{"href":"https:\/\/www.libraria-occitana.org\/oc\/wp-json\/wp\/v2\/product"}],"about":[{"href":"https:\/\/www.libraria-occitana.org\/oc\/wp-json\/wp\/v2\/types\/product"}],"wp:featuredmedia":[{"embeddable":true,"href":"https:\/\/www.libraria-occitana.org\/oc\/wp-json\/wp\/v2\/media\/37987"}],"wp:attachment":[{"href":"https:\/\/www.libraria-occitana.org\/oc\/wp-json\/wp\/v2\/media?parent=37998"}],"wp:term":[{"taxonomy":"product_brand","embeddable":true,"href":"https:\/\/www.libraria-occitana.org\/oc\/wp-json\/wp\/v2\/product_brand?post=37998"},{"taxonomy":"product_cat","embeddable":true,"href":"https:\/\/www.libraria-occitana.org\/oc\/wp-json\/wp\/v2\/product_cat?post=37998"},{"taxonomy":"product_tag","embeddable":true,"href":"https:\/\/www.libraria-occitana.org\/oc\/wp-json\/wp\/v2\/product_tag?post=37998"}],"curies":[{"name":"wp","href":"https:\/\/api.w.org\/{rel}","templated":true}]}}