{"id":38015,"date":"2017-12-17T20:12:53","date_gmt":"2017-12-17T19:12:53","guid":{"rendered":"http:\/\/www.libraria-occitana.org\/?post_type=product&#038;p=38015"},"modified":"2025-03-09T01:48:18","modified_gmt":"2025-03-09T00:48:18","slug":"senher-ram","status":"publish","type":"product","link":"https:\/\/www.libraria-occitana.org\/oc\/produch\/senher-ram\/","title":{"rendered":"S\u00e9nher Ram"},"content":{"rendered":"<p>Version\u00a0occitana dau cort metratge d&#8217;animacion britanic\u00a0<em>Stick Man<\/em>\u00a0(Orange Eyes, Magic Light Pictures).<\/p>\n<p>S\u00e9nher Ram mena una vida plan tranquilla amb D\u00f2na Rameta e lors tres ramilhons dins son ostalon d\u2019arbre. Un matin que corr\u00eds coma cada matin, un can l\u2019aganta e j\u00f2ga amb el coma s\u2019\u00e8ra una tra\u00e7a de branca. Per S\u00e9nher Ram, es la debuta d\u2019una ti\u00e8ra d\u2019aventuras que lo menar\u00e0n plan lu\u00e8nh de l\u2019ostal\u2026<\/p>\n<p>Jos-titolatge en franc\u00e9s.\u00a0Filme disponible en tres versions : Gascon, Lengadocian, Lemosin.<\/p>\n<p>Dab las votz de J\u00f2rdi Besombes, Silvan Carr\u00e8ra, Emilie Esquerr\u00e9, Alban Garr\u00f2s, Violette Labadie, Lauren\u00e7 Labadia, Delfina Lafon, L\u00e9onie Laurent, Audrey P\u00e9mouli\u00e9.<\/p>\n","protected":false},"excerpt":{"rendered":"<p>Version\u00a0occitana dau cort metratge d&#8217;animacion britanic\u00a0Stick Man\u00a0(Orange Eyes, Magic Light Pictures). S\u00e9nher Ram mena una vida plan tranquilla amb D\u00f2na Rameta e lors tres ramilhons dins son ostalon d\u2019arbre. Un matin que corr\u00eds coma cada matin, un can l\u2019aganta e j\u00f2ga amb el coma s\u2019\u00e8ra una tra\u00e7a de branca. Per S\u00e9nher Ram, es la debuta [&hellip;]<\/p>\n","protected":false},"featured_media":38018,"template":"","meta":{"_acf_changed":false,"_genesis_hide_title":false,"_genesis_hide_breadcrumbs":false,"_genesis_hide_singular_image":false,"_genesis_hide_footer_widgets":false,"_genesis_custom_body_class":"","_genesis_custom_post_class":"","_genesis_layout":""},"product_brand":[],"product_cat":[7246,7240],"product_tag":[],"class_list":{"0":"post-38015","1":"product","2":"type-product","3":"status-publish","4":"has-post-thumbnail","6":"product_cat-jounessa-videos-2-oc","7":"product_cat-video-oc","8":"pa_auteur-jaspaert-jeroen-oc","9":"pa_auteur-snaddon-daniel-oc","10":"pa_editeur-contam-oc","11":"pa_editeur-magic-pictures-oc","12":"pa_langue-occitan-gascon-oc","13":"pa_langue-occitan-lemosin-oc","14":"pa_langue-occitan-lengadocian-oc","15":"pa_langue-occitan-francais-oc","16":"entry","18":"first","19":"outofstock","20":"shipping-taxable","21":"purchasable","22":"product-type-simple"},"acf":[],"_links":{"self":[{"href":"https:\/\/www.libraria-occitana.org\/oc\/wp-json\/wp\/v2\/product\/38015","targetHints":{"allow":["GET"]}}],"collection":[{"href":"https:\/\/www.libraria-occitana.org\/oc\/wp-json\/wp\/v2\/product"}],"about":[{"href":"https:\/\/www.libraria-occitana.org\/oc\/wp-json\/wp\/v2\/types\/product"}],"wp:featuredmedia":[{"embeddable":true,"href":"https:\/\/www.libraria-occitana.org\/oc\/wp-json\/wp\/v2\/media\/38018"}],"wp:attachment":[{"href":"https:\/\/www.libraria-occitana.org\/oc\/wp-json\/wp\/v2\/media?parent=38015"}],"wp:term":[{"taxonomy":"product_brand","embeddable":true,"href":"https:\/\/www.libraria-occitana.org\/oc\/wp-json\/wp\/v2\/product_brand?post=38015"},{"taxonomy":"product_cat","embeddable":true,"href":"https:\/\/www.libraria-occitana.org\/oc\/wp-json\/wp\/v2\/product_cat?post=38015"},{"taxonomy":"product_tag","embeddable":true,"href":"https:\/\/www.libraria-occitana.org\/oc\/wp-json\/wp\/v2\/product_tag?post=38015"}],"curies":[{"name":"wp","href":"https:\/\/api.w.org\/{rel}","templated":true}]}}