{"id":38049,"date":"2018-01-19T13:55:03","date_gmt":"2018-01-19T12:55:03","guid":{"rendered":"http:\/\/www.libraria-occitana.org\/produit\/la-cleda\/"},"modified":"2026-04-18T02:36:14","modified_gmt":"2026-04-18T00:36:14","slug":"la-cleda","status":"publish","type":"product","link":"https:\/\/www.libraria-occitana.org\/oc\/produch\/la-cleda\/","title":{"rendered":"La Cleda"},"content":{"rendered":"<p><strong>Basile Br\u00e9maud :<\/strong> violon &amp; chant<br \/>\n<strong>Mat\u00e8u Baudoin :<\/strong> violon, tambourin \u00e0 cordes, pandero &amp; chant<br \/>\n<strong>Yann Gourdon :<\/strong> vielle \u00e0 roue<br \/>\n<strong>Nicolas Rouzier :<\/strong> chabrette &amp; chant<\/p>\n<p>\u00ab La Cleda est un ancien s\u00e9choir \u00e0 ch\u00e2taignes, le lieu o\u00f9 on enfumait pour conserver. Aujourd\u2019hui d\u00e9saffect\u00e9, ce b\u00e2timent \u00e0 chang\u00e9 de vocation : nous l\u2019avons investi comme refuge, comme abri pour \u00e9laborer notre discours musical. Venus du B\u00e9arn, de l\u2019Auvergne, du Limousin et des C\u00e9vennes, ce lieu nous a servi de point de ralliement pour unir nos expressions. Au Ldel\u00e0 des identit\u00e9s formelles de nos musiques, c\u2019est le rapport que nous entretenons \u00e0 celles-ci qui fonde notre communaut\u00e9 musicale. Nous nous engageons \u00e0 exprimer toute l\u2019intensit\u00e9 po\u00e9tique et sonore pr\u00e9sente dans la mati\u00e8re musicale traditionnelle.\u00a0\u00bb<\/p>\n<p><strong>Titres :<\/strong><br \/>\n1.\u00a0Marche de noces de Chabaud \/ Bourr\u00e9e de l&#8217;H\u00f4pital 5&#8217;52<br \/>\n2.\u00a0Per dan\u00e7ar la poleca \/ Polka d&#8217;apr\u00e8s Antonin Chabrier 2&#8217;42<br \/>\n3.\u00a0Oh montagne, que tu es haute 4&#8217;17<br \/>\n4.\u00a0Quo es la sensilha e lo pinson \/ La crosada 2&#8217;48<br \/>\n5.\u00a0Para lo lop 5&#8217;42<br \/>\n6.\u00a0Mazurkas d&#8217;apr\u00e8s Alfred Rochon et Jean-Marie Tournadre 4&#8217;03<br \/>\n7.\u00a0Sauti\u00e8res 3&#8217;22<br \/>\n8.\u00a0Un vespre a la serena \/ Fai bon dan\u00e7ar 11&#8217;42<br \/>\n9.\u00a0Dan\u00e7an tant ben 2&#8217;20<br \/>\n10.\u00a0Devant Bordeaux sont arriv\u00e9s \/ L&#8217;auseron de nau plumetas 6&#8217;30<br \/>\n11.\u00a0Bourr\u00e9es coul\u00e9es 5&#8217;59<\/p>\n","protected":false},"excerpt":{"rendered":"<p>Basile Br\u00e9maud : violon &amp; chant Mat\u00e8u Baudoin : violon, tambourin \u00e0 cordes, pandero &amp; chant Yann Gourdon : vielle \u00e0 roue Nicolas Rouzier : chabrette &amp; chant \u00ab La Cleda est un ancien s\u00e9choir \u00e0 ch\u00e2taignes, le lieu o\u00f9 on enfumait pour conserver. Aujourd\u2019hui d\u00e9saffect\u00e9, ce b\u00e2timent \u00e0 chang\u00e9 de vocation : nous l\u2019avons [&hellip;]<\/p>\n","protected":false},"featured_media":38046,"template":"","meta":{"_acf_changed":false,"_genesis_hide_title":false,"_genesis_hide_breadcrumbs":false,"_genesis_hide_singular_image":false,"_genesis_hide_footer_widgets":false,"_genesis_custom_body_class":"","_genesis_custom_post_class":"","_genesis_layout":""},"product_brand":[],"product_cat":[16683,7229],"product_tag":[],"class_list":{"0":"post-38049","1":"product","2":"type-product","3":"status-publish","4":"has-post-thumbnail","6":"product_cat-musica-oc","7":"product_cat-novela-tradicion-oc","8":"pa_auteur-la-cleda-oc","9":"pa_editeur-la-novia-oc","10":"pa_editeur-pagans-oc","11":"pa_langue-francais-oc","12":"pa_langue-occitan-oc","13":"entry","15":"first","16":"instock","17":"shipping-taxable","18":"purchasable","19":"product-type-simple"},"acf":[],"_links":{"self":[{"href":"https:\/\/www.libraria-occitana.org\/oc\/wp-json\/wp\/v2\/product\/38049","targetHints":{"allow":["GET"]}}],"collection":[{"href":"https:\/\/www.libraria-occitana.org\/oc\/wp-json\/wp\/v2\/product"}],"about":[{"href":"https:\/\/www.libraria-occitana.org\/oc\/wp-json\/wp\/v2\/types\/product"}],"wp:featuredmedia":[{"embeddable":true,"href":"https:\/\/www.libraria-occitana.org\/oc\/wp-json\/wp\/v2\/media\/38046"}],"wp:attachment":[{"href":"https:\/\/www.libraria-occitana.org\/oc\/wp-json\/wp\/v2\/media?parent=38049"}],"wp:term":[{"taxonomy":"product_brand","embeddable":true,"href":"https:\/\/www.libraria-occitana.org\/oc\/wp-json\/wp\/v2\/product_brand?post=38049"},{"taxonomy":"product_cat","embeddable":true,"href":"https:\/\/www.libraria-occitana.org\/oc\/wp-json\/wp\/v2\/product_cat?post=38049"},{"taxonomy":"product_tag","embeddable":true,"href":"https:\/\/www.libraria-occitana.org\/oc\/wp-json\/wp\/v2\/product_tag?post=38049"}],"curies":[{"name":"wp","href":"https:\/\/api.w.org\/{rel}","templated":true}]}}