{"id":38198,"date":"2015-03-07T20:07:02","date_gmt":"2015-03-07T19:07:02","guid":{"rendered":"http:\/\/www.libraria-occitana.org\/product\/litterature-regionaliste-et-ethnologie\/"},"modified":"2026-04-25T20:51:20","modified_gmt":"2026-04-25T18:51:20","slug":"litterature-regionaliste-et-ethnologie","status":"publish","type":"product","link":"https:\/\/www.libraria-occitana.org\/oc\/produch\/litterature-regionaliste-et-ethnologie\/","title":{"rendered":"Litt\u00e9rature r\u00e9gionaliste et ethnologie"},"content":{"rendered":"<p>Ouvrage issu des Journ\u00e9es d\u2019\u00e9tudes organis\u00e9es par l\u2019Ethnop\u00f4le Garae et le Mus\u00e9on Arlaten en partenariat avec l\u2019IIAC-Equipe Lahic (Carcassonne, 7-8 septembre 2010 \/ Arles, les 1-2 d\u00e9cembre 2011), sous la direction scientifique de Sylvie Sagnes et Dominique S\u00e9r\u00e9na-Allier.<\/p>\n<p>\u00c0 l\u2019heure o\u00f9 l\u2019anthropologie ne cesse d\u2019interroger les relations complexes qu\u2019elle entretient avec la litt\u00e9rature, ce recueil propose une contribution au d\u00e9bat, en reformulant les termes. Chacune \u00e0 leur mani\u00e8re, les contributions resserrent la focale sur l\u2019ethnologie (ou ses pr\u00e9mices, le folklore) et la litt\u00e9rature r\u00e9gionaliste qu\u2019un m\u00eame go\u00fbt du pittoresque semble inspirer. Approch\u00e9 sous cet angle, ce qui lie et d\u00e9lie ces sciences et la litt\u00e9rature se recompose et s\u2019\u00e9claire d\u2019une lumi\u00e8re plus crue. Les affinit\u00e9s se renient avec autant de force que s\u2019impose la commune disposition de l\u2019ethnographe et de l\u2019\u00e9crivain \u00e0 restituer des mondes autres, des alt\u00e9rit\u00e9s qu\u2019amplifie dans le roman la puissance fictionnelle des traditions dites \u00ab populaires \u00bb.<\/p>\n<p>Avec les contributions de Christiane Amiel, Arnauld Chandivert, Daniel Fabre, Philippe Gardy, Daniel Maggetti, Jean-Pierre Pini\u00e8s, Sylvie Sagnes, Dominique S\u00e9r\u00e9na-Allier, Claudie Voisenat et Fran\u00e7oise Zonabend.<\/p>\n<p><a href=\"http:\/\/www.libraria-occitana.org\/wp-content\/uploads\/2018\/03\/sommaire.pdf\"><strong>Somari<\/strong><\/a><\/p>\n<p>&nbsp;<\/p>\n","protected":false},"excerpt":{"rendered":"<p>Ouvrage issu des Journ\u00e9es d\u2019\u00e9tudes organis\u00e9es par l\u2019Ethnop\u00f4le Garae et le Mus\u00e9on Arlaten en partenariat avec l\u2019IIAC-Equipe Lahic (Carcassonne, 7-8 septembre 2010 \/ Arles, les 1-2 d\u00e9cembre 2011), sous la direction scientifique de Sylvie Sagnes et Dominique S\u00e9r\u00e9na-Allier. \u00c0 l\u2019heure o\u00f9 l\u2019anthropologie ne cesse d\u2019interroger les relations complexes qu\u2019elle entretient avec la litt\u00e9rature, ce recueil [&hellip;]<\/p>\n","protected":false},"featured_media":38196,"template":"","meta":{"_acf_changed":false,"_genesis_hide_title":false,"_genesis_hide_breadcrumbs":false,"_genesis_hide_singular_image":false,"_genesis_hide_footer_widgets":false,"_genesis_custom_body_class":"","_genesis_custom_post_class":"","_genesis_layout":""},"product_brand":[],"product_cat":[7189,7133,7175],"product_tag":[],"class_list":{"0":"post-38198","1":"product","2":"type-product","3":"status-publish","4":"has-post-thumbnail","6":"product_cat-estudis-literaris-oc","7":"product_cat-libres-oc","8":"product_cat-literatura-oc","9":"pa_auteur-collectiu-oc-2","10":"pa_auteur-sagnes-sylvie-oc","11":"pa_editeur-actes-sud-oc","12":"pa_editeur-garae-hesiode-oc","13":"pa_editeur-museon-arlaten-oc","14":"entry","16":"first","17":"instock","18":"shipping-taxable","19":"purchasable","20":"product-type-simple"},"acf":[],"_links":{"self":[{"href":"https:\/\/www.libraria-occitana.org\/oc\/wp-json\/wp\/v2\/product\/38198","targetHints":{"allow":["GET"]}}],"collection":[{"href":"https:\/\/www.libraria-occitana.org\/oc\/wp-json\/wp\/v2\/product"}],"about":[{"href":"https:\/\/www.libraria-occitana.org\/oc\/wp-json\/wp\/v2\/types\/product"}],"wp:featuredmedia":[{"embeddable":true,"href":"https:\/\/www.libraria-occitana.org\/oc\/wp-json\/wp\/v2\/media\/38196"}],"wp:attachment":[{"href":"https:\/\/www.libraria-occitana.org\/oc\/wp-json\/wp\/v2\/media?parent=38198"}],"wp:term":[{"taxonomy":"product_brand","embeddable":true,"href":"https:\/\/www.libraria-occitana.org\/oc\/wp-json\/wp\/v2\/product_brand?post=38198"},{"taxonomy":"product_cat","embeddable":true,"href":"https:\/\/www.libraria-occitana.org\/oc\/wp-json\/wp\/v2\/product_cat?post=38198"},{"taxonomy":"product_tag","embeddable":true,"href":"https:\/\/www.libraria-occitana.org\/oc\/wp-json\/wp\/v2\/product_tag?post=38198"}],"curies":[{"name":"wp","href":"https:\/\/api.w.org\/{rel}","templated":true}]}}