{"id":38279,"date":"2017-12-23T12:31:46","date_gmt":"2017-12-23T11:31:46","guid":{"rendered":"http:\/\/www.libraria-occitana.org\/product\/tant-que-farem-atau\/"},"modified":"2026-04-29T05:11:54","modified_gmt":"2026-04-29T03:11:54","slug":"tant-que-farem-atau","status":"publish","type":"product","link":"https:\/\/www.libraria-occitana.org\/oc\/produch\/tant-que-farem-atau\/","title":{"rendered":"Tant que farem atau !"},"content":{"rendered":"<p><strong>Patrick Bec :<\/strong> Accord\u00e9on diatonique, trompette, gralla, flauta<br \/>\n<strong>Yves Cassan :<\/strong> Cabrette<br \/>\n<strong>Gilbert Chausy :<\/strong> Batterie<br \/>\n<strong>Michel Croizet :<\/strong> Accord\u00e9on chromatique<br \/>\n<strong>Pascal Geoffray :<\/strong> Violon, guitares, basse<br \/>\n<strong>Serge Laroussinie :<\/strong> Basse, trompette, harmonica, gralla<br \/>\n<strong>Henri Pareilh-Peyroux :<\/strong> Guitare<br \/>\n<strong>Yves Portefaix :<\/strong> Gralla, saxophone, brau<br \/>\net <strong>de nombreux invit\u00e9s<\/strong>.<\/p>\n<p>tRraucat\u00e8rme est un groupe de musique m\u00e9langeant instruments et sonorit\u00e9s traditionnelles d&#8217;Auvergne avec rock, reggae, ska&#8230;<br \/>\nCe nouveau disque, 10 ans apr\u00e8s le pr\u00e9c\u00e9dent, est toujours ax\u00e9 sur le chant et la musique \u00e0 danser puis\u00e9s dans les collectages, mais pr\u00e9sente aussi un r\u00e9pertoire de chansons sociales auvergnates en occitan, teint\u00e9es du blues des ouvriers agricoles, de celui des migrants ou des femmes.<\/p>\n<p><strong>Titres :<\/strong><br \/>\n1. Chavan\u00e8t [Borr\u00e8ia (St-Flor\/Valsavienne)] 2&#8217;56<br \/>\n2. Son pas d&#8217;aic\u00ed&#8230; Ieu z-ai cinc s\u00f2us [Borr\u00e8ias] 2&#8217;45<br \/>\n3. En tornar de velhar [Valsa\/Polk\u00e0] 4&#8217;49<br \/>\n4. Quand la pastora [Valsa 5 temps] 2&#8217;29<br \/>\n5. Se ieu z-avi\u00e1 &#8216;na mia [Escotish] 2&#8217;23<br \/>\n6. Giga Raga [Ronda] 3&#8217;11<br \/>\n7. Ai la nhaca [Polk\u00e0\/Boss\u00e0] 4&#8217;54<br \/>\n8. Dolors [Polk\u00e0] 2&#8217;52<br \/>\n9. Quand \u00e8re pastre [Borr\u00e8ia] 3&#8217;58<br \/>\n10. De de\u00e7ai, de delai&#8230; S\u00e8tz maridadona remix [Borr\u00e8ias] 2&#8217;35<br \/>\n11. Le drap\u00e8l [Mazurk\u00e0] 2&#8217;15<br \/>\n12. Marius [Borr\u00e9ia 2 temps] 3&#8217;39<br \/>\n13. Skatalunya [Marcha] 2&#8217;19<br \/>\n14. La vielh\u00f2ta [Paso doble] 3&#8217;00<br \/>\n15. Lo Lucador [Valsa] 4&#8217;02<br \/>\n16. La chap\u00e8la [Ronda] 2&#8217;15<br \/>\n17. Paire Maire [Ronda] 3&#8217;50<br \/>\n18. L&#8217;emblidarai pas [Mazurk\u00e0] 3&#8217;35<br \/>\n19. Diga Jan\u00e8ta [Escotish] 3&#8217;07<br \/>\n20. Iv\u00e8rn [Valsa] 2&#8217;59<br \/>\n21. La plani\u00e8ra&#8230; La rapida [Borr\u00e8ias] 3&#8217;50<\/p>\n","protected":false},"excerpt":{"rendered":"<p>Patrick Bec : Accord\u00e9on diatonique, trompette, gralla, flauta Yves Cassan : Cabrette Gilbert Chausy : Batterie Michel Croizet : Accord\u00e9on chromatique Pascal Geoffray : Violon, guitares, basse Serge Laroussinie : Basse, trompette, harmonica, gralla Henri Pareilh-Peyroux : Guitare Yves Portefaix : Gralla, saxophone, brau et de nombreux invit\u00e9s. tRraucat\u00e8rme est un groupe de musique m\u00e9langeant [&hellip;]<\/p>\n","protected":false},"featured_media":38277,"template":"","meta":{"_acf_changed":false,"_genesis_hide_title":false,"_genesis_hide_breadcrumbs":false,"_genesis_hide_singular_image":false,"_genesis_hide_footer_widgets":false,"_genesis_custom_body_class":"","_genesis_custom_post_class":"","_genesis_layout":""},"product_brand":[],"product_cat":[16683,7229],"product_tag":[],"class_list":{"0":"post-38279","1":"product","2":"type-product","3":"status-publish","4":"has-post-thumbnail","6":"product_cat-musica-oc","7":"product_cat-novela-tradicion-oc","8":"pa_auteur-traucaterme-oc","9":"pa_editeur-traucaterme-oc-1","10":"pa_langue-occitan-lengadocian-oc","11":"pa_langue-occitan-francais-oc","12":"entry","14":"first","15":"instock","16":"shipping-taxable","17":"purchasable","18":"product-type-simple"},"acf":[],"_links":{"self":[{"href":"https:\/\/www.libraria-occitana.org\/oc\/wp-json\/wp\/v2\/product\/38279","targetHints":{"allow":["GET"]}}],"collection":[{"href":"https:\/\/www.libraria-occitana.org\/oc\/wp-json\/wp\/v2\/product"}],"about":[{"href":"https:\/\/www.libraria-occitana.org\/oc\/wp-json\/wp\/v2\/types\/product"}],"wp:featuredmedia":[{"embeddable":true,"href":"https:\/\/www.libraria-occitana.org\/oc\/wp-json\/wp\/v2\/media\/38277"}],"wp:attachment":[{"href":"https:\/\/www.libraria-occitana.org\/oc\/wp-json\/wp\/v2\/media?parent=38279"}],"wp:term":[{"taxonomy":"product_brand","embeddable":true,"href":"https:\/\/www.libraria-occitana.org\/oc\/wp-json\/wp\/v2\/product_brand?post=38279"},{"taxonomy":"product_cat","embeddable":true,"href":"https:\/\/www.libraria-occitana.org\/oc\/wp-json\/wp\/v2\/product_cat?post=38279"},{"taxonomy":"product_tag","embeddable":true,"href":"https:\/\/www.libraria-occitana.org\/oc\/wp-json\/wp\/v2\/product_tag?post=38279"}],"curies":[{"name":"wp","href":"https:\/\/api.w.org\/{rel}","templated":true}]}}