{"id":38309,"date":"2017-10-30T18:36:03","date_gmt":"2017-10-30T17:36:03","guid":{"rendered":"http:\/\/www.libraria-occitana.org\/product\/au-cafe-du-canal\/"},"modified":"2026-04-29T10:00:32","modified_gmt":"2026-04-29T08:00:32","slug":"au-cafe-du-canal","status":"publish","type":"product","link":"https:\/\/www.libraria-occitana.org\/oc\/produch\/au-cafe-du-canal\/","title":{"rendered":"Au caf\u00e9 du canal"},"content":{"rendered":"<p>Il \u00e9tait une fois\u2026 l&#8217;\u00e9t\u00e9 1988. Les quatre fr\u00e8res et s\u0153urs Burgui\u00e8re ne sont pas encore les Ogres de Barback. Ils sont \u00e0 Cergy dans le combi VW de leurs parents, il n&#8217;y a pas de ceinture de s\u00e9curit\u00e9, pas de climatisation ni de GPS et il y a Papa qui fume cigarette sur cigarette, Maman qui regarde la carte routi\u00e8re, partant pour 800 kilom\u00e8tres de nationale congestionn\u00e9e. Direction l&#8217;Ard\u00e8che pour les vacances. Le poste est \u00e0 cassette, il n&#8217;y en a qu&#8217;une. C&#8217;est celle de Pierre Perret. Elle fera dix ans de bon et joyeux services, aller-retour, retour-aller, puis dans le walkman, sur la cha\u00eene hi-fi du salon\u2026 un v\u00e9ritable coup de foudre pour les chansons du Pierrot. Bien plus tard, ayant suivi les pas de leur a\u00een\u00e9 chansonnier, les Ogres rencontr\u00e8rent Monsieur Pierre Perret, et ils n&#8217;en firent qu&#8217;une bouch\u00e9e !<\/p>\n<p>Une amiti\u00e9, de celle dont on fait les histoires d&#8217;ami Pierrot, d&#8217;ogres et de petit poucet, \u00e9tait n\u00e9e.<\/p>\n<p>Aujourd&#8217;hui, les Ogres de Barback ont demand\u00e9 \u00e0 l&#8217;ami Pierrot de leur pr\u00eater sa plume, ses chansons et son c\u0153ur pour r\u00e9unir et orchestrer une tribu autour de ces chansons qui ont berc\u00e9 tant d&#8217;\u00e2mes et tant d&#8217;histoires. Et quelle tribu ! De tous \u00e2ges, de tous horizons g\u00e9ographiques ou musicaux, les artistes qui la composent m\u00ealent leur sensibilit\u00e9 \u00e0 celle du Pierrot, pour la relecture partielle d&#8217;une \u0153uvre, avec laquelle ils ont tous, comme chacun de nous, une histoire personnelle. Il n&#8217;en fallait pas moins pour f\u00eater les 60 ans de chansons de Pierre Perret\u2026 Il \u00e9tait une fois\u2026 la plume et la voix du ma\u00eetre Pierre, le savoir d\u00e9faire des \u00e9l\u00e8ves Ogres de Barback et une luxuriante tribu pour un disque, pour une f\u00eate !<\/p>\n<p>Tribu r\u00e9unie et orchestr\u00e9e par Les Ogres de Barback.<\/p>\n<p>Avec Pierre Perret, Magyd Cherfi, Massilia Sound System, Didier Wampas, Idir, Tryo, Olivia Ruiz, Mouss &amp; Hakim, Fran\u00e7ois Morel, Danyel Waro, Lo\u00efc Lantoine, Rosemary Standley, F\u00e9f\u00e9, Christian Olivier, Beno\u00eet Morel, Alexis HK, Flavia Coelho, Eyo&#8217;nl\u00e9, Jid\u00e9 Hoareau, Ren\u00e9 Lacaille, Lionel Suarez, Lo Barrut, Alex Leitao&#8230;<\/p>\n<p><strong>Titres :<br \/>\n<\/strong>1.\u00a0Ma p&#8217;tite Julia [Pierre Perret, Fran\u00e7ois Morel, Lionel Suarez] 3&#8217;20<br \/>\n2.\u00a0Mimi la douce\u00a0[Magyd Cherfi] 3&#8217;09<br \/>\n3.\u00a0Estelle\u00a0[Tryo] 2&#8217;41<br \/>\n4\u00a0Je suis de Castelsarrasin [Olivia Ruiz, Mouss &amp; Hakim, Lo Barrut] 5&#8217;32<br \/>\n5.\u00a0Lily [F\u00e9f\u00e9, Eyo&#8217;nl\u00e9 Brass Band, Lionel Suarez] 4&#8217;25<br \/>\n6.\u00a0Ma nouvelle adresse [Lo\u00efc Lantoine, The Very Big Experimental Toubifri Orchestra] 4&#8217;10<br \/>\n7.\u00a0L&#8217;oiseau dans l&#8217;all\u00e9e [Dany\u00e8l Waro, Rosemary Standley, Jid\u00e9 Hoareau, Ren\u00e9 Lacaille] 3&#8217;32<br \/>\n8.\u00a0La vivouza [Christian Olivier, Beno\u00eet Morel] 4&#8217;55<br \/>\n9.\u00a0La petite kurde [Idir] 3&#8217;18<br \/>\n10.\u00a0Mon p&#8217;tit loup [Flavia Coelho, Eyo&#8217;nl\u00e9 Brass Band] 5&#8217;01<br \/>\n11.\u00a0Celui d&#8217;Alice [Alexis HK] 3&#8217;41<br \/>\n12.\u00a0Tonton Cristobal [Massilia Sound System] 3&#8217;12<br \/>\n13.\u00a0Le zizi [Didier Wampas, Fran\u00e7ois Morel, Lionel Suarez] 4&#8217;15<br \/>\n14.\u00a0Fillette, le bonheur c&#8217;est toujours pour demain [Pierre Perret, Les Ogres de Barback] 4&#8217;45<br \/>\n15.\u00a0Au caf\u00e9 du canal [La Tribu] 3&#8217;34<strong><br \/>\n<\/strong><\/p>\n","protected":false},"excerpt":{"rendered":"<p>Il \u00e9tait une fois\u2026 l&#8217;\u00e9t\u00e9 1988. Les quatre fr\u00e8res et s\u0153urs Burgui\u00e8re ne sont pas encore les Ogres de Barback. Ils sont \u00e0 Cergy dans le combi VW de leurs parents, il n&#8217;y a pas de ceinture de s\u00e9curit\u00e9, pas de climatisation ni de GPS et il y a Papa qui fume cigarette sur cigarette, [&hellip;]<\/p>\n","protected":false},"featured_media":38307,"template":"","meta":{"_acf_changed":false,"_genesis_hide_title":false,"_genesis_hide_breadcrumbs":false,"_genesis_hide_singular_image":false,"_genesis_hide_footer_widgets":false,"_genesis_custom_body_class":"","_genesis_custom_post_class":"","_genesis_layout":""},"product_brand":[],"product_cat":[7219,16683],"product_tag":[],"class_list":{"0":"post-38309","1":"product","2":"type-product","3":"status-publish","4":"has-post-thumbnail","6":"product_cat-chancon-oc","7":"product_cat-musica-oc","8":"pa_auteur-la-tribu-de-pierre-perret-oc","9":"pa_editeur-irfan-le-label-oc","10":"pa_langue-francais-oc","11":"entry","13":"first","14":"outofstock","15":"shipping-taxable","16":"purchasable","17":"product-type-simple"},"acf":[],"_links":{"self":[{"href":"https:\/\/www.libraria-occitana.org\/oc\/wp-json\/wp\/v2\/product\/38309","targetHints":{"allow":["GET"]}}],"collection":[{"href":"https:\/\/www.libraria-occitana.org\/oc\/wp-json\/wp\/v2\/product"}],"about":[{"href":"https:\/\/www.libraria-occitana.org\/oc\/wp-json\/wp\/v2\/types\/product"}],"wp:featuredmedia":[{"embeddable":true,"href":"https:\/\/www.libraria-occitana.org\/oc\/wp-json\/wp\/v2\/media\/38307"}],"wp:attachment":[{"href":"https:\/\/www.libraria-occitana.org\/oc\/wp-json\/wp\/v2\/media?parent=38309"}],"wp:term":[{"taxonomy":"product_brand","embeddable":true,"href":"https:\/\/www.libraria-occitana.org\/oc\/wp-json\/wp\/v2\/product_brand?post=38309"},{"taxonomy":"product_cat","embeddable":true,"href":"https:\/\/www.libraria-occitana.org\/oc\/wp-json\/wp\/v2\/product_cat?post=38309"},{"taxonomy":"product_tag","embeddable":true,"href":"https:\/\/www.libraria-occitana.org\/oc\/wp-json\/wp\/v2\/product_tag?post=38309"}],"curies":[{"name":"wp","href":"https:\/\/api.w.org\/{rel}","templated":true}]}}