{"id":38322,"date":"2017-05-06T17:05:49","date_gmt":"2017-05-06T15:05:49","guid":{"rendered":"http:\/\/www.libraria-occitana.org\/product\/la-visite-dun-parisien-a-limoges\/"},"modified":"2026-04-29T10:16:03","modified_gmt":"2026-04-29T08:16:03","slug":"la-visite-dun-parisien-a-limoges","status":"publish","type":"product","link":"https:\/\/www.libraria-occitana.org\/oc\/produch\/la-visite-dun-parisien-a-limoges\/","title":{"rendered":"La visite d&#8217;un Parisien \u00e0 Limoges"},"content":{"rendered":"<p>Pr\u00e9sentation par Laurent Bourdelas.<\/p>\n<p>La Visite d&#8217;un Parisien \u00e0 Limoges \u00e0 l&#8217;occasion du Concours R\u00e9gional de 1879 pr\u00e9c\u00e9d\u00e9 d\u2019un Voyage vers le Limousin en 1841 par \u00c9mile de La B\u00e9dolli\u00e8re.<\/p>\n<p>En 1841, \u00c9mile de La B\u00e9dolli\u00e8re, \u00e9crivain, goguettier, traducteur et journaliste au Si\u00e8cle, r\u00e9dige <em>Les Fran\u00e7ais peints par eux-m\u00eames<\/em>, encyclop\u00e9die morale du dix-neuvi\u00e8me si\u00e8cle o\u00f9 figure un voyage vers le Limousin.<\/p>\n<p>L\u2019ouvrage, d\u2019abord publi\u00e9 en feuilleton, fait appel \u00e0 de nombreuses grandes plumes de l\u2019\u00e9poque, ainsi qu\u2019\u00e0 de grands dessinateurs et graveurs. L\u2019article sur le Limousin, que nous r\u00e9\u00e9ditons ici, tr\u00e8s plaisant \u00e0 lire, r\u00e9dig\u00e9 \u00e0 la Balzac, est accompagn\u00e9 par des dessins de Philippe-Auguste Jeanron, r\u00e9publicain, peintre, dessinateur, lithographe et essayiste fran\u00e7ais. Ponctu\u00e9 de citations en occitan limousin, ce texte bien document\u00e9, mais non exempt de pr\u00e9jug\u00e9s, est le reflet du regard parisien sur cette province.<\/p>\n<p>En 1879, un myst\u00e9rieux visiteur \u00ab\u2009parisien\u2009\u00bb reprend le proc\u00e9d\u00e9 pour une excursion \u00e0 Limoges \u00e0 l\u2019occasion du Concours r\u00e9gional. En arpentant avec lui les principaux quartiers de la ville \u00e0 cette \u00e9poque, en le suivant \u00e0 la rencontre des monuments et de diverses personnes, on comprend vite son vif attachement \u00e0 la jeune R\u00e9publique et au peuple des ouvriers et paysans, son anticl\u00e9ricalisme et sa d\u00e9testation des bourgeois. L\u2019historien Laurent Bourdelas perce en partie l\u2019\u00e9nigme de son identit\u00e9 : le \u00ab\u2009Parisien\u2009\u00bb serait plut\u00f4t un Limougeaud, dont le texte semble bien participer de la naissance du mythe de \u00ab\u2009Limoges la rouge\u2009\u00bb.<\/p>\n","protected":false},"excerpt":{"rendered":"<p>Pr\u00e9sentation par Laurent Bourdelas. La Visite d&#8217;un Parisien \u00e0 Limoges \u00e0 l&#8217;occasion du Concours R\u00e9gional de 1879 pr\u00e9c\u00e9d\u00e9 d\u2019un Voyage vers le Limousin en 1841 par \u00c9mile de La B\u00e9dolli\u00e8re. En 1841, \u00c9mile de La B\u00e9dolli\u00e8re, \u00e9crivain, goguettier, traducteur et journaliste au Si\u00e8cle, r\u00e9dige Les Fran\u00e7ais peints par eux-m\u00eames, encyclop\u00e9die morale du dix-neuvi\u00e8me si\u00e8cle o\u00f9 [&hellip;]<\/p>\n","protected":false},"featured_media":38320,"template":"","meta":{"_acf_changed":false,"_genesis_hide_title":false,"_genesis_hide_breadcrumbs":false,"_genesis_hide_singular_image":false,"_genesis_hide_footer_widgets":false,"_genesis_custom_body_class":"","_genesis_custom_post_class":"","_genesis_layout":""},"product_brand":[],"product_cat":[7199,7133,7175,7197,7187],"product_tag":[],"class_list":{"0":"post-38322","1":"product","2":"type-product","3":"status-publish","4":"has-post-thumbnail","6":"product_cat-guides-torisme-viatge-oc","7":"product_cat-libres-oc","8":"product_cat-literatura-oc","9":"product_cat-natura-torisme-oc","10":"product_cat-temonhatges-memoris-oc","11":"pa_auteur-la-bedolliere-emile-de-oc","12":"pa_editeur-geste-oc","13":"pa_langue-francais-oc","14":"entry","16":"first","17":"instock","18":"shipping-taxable","19":"purchasable","20":"product-type-simple"},"acf":[],"_links":{"self":[{"href":"https:\/\/www.libraria-occitana.org\/oc\/wp-json\/wp\/v2\/product\/38322","targetHints":{"allow":["GET"]}}],"collection":[{"href":"https:\/\/www.libraria-occitana.org\/oc\/wp-json\/wp\/v2\/product"}],"about":[{"href":"https:\/\/www.libraria-occitana.org\/oc\/wp-json\/wp\/v2\/types\/product"}],"wp:featuredmedia":[{"embeddable":true,"href":"https:\/\/www.libraria-occitana.org\/oc\/wp-json\/wp\/v2\/media\/38320"}],"wp:attachment":[{"href":"https:\/\/www.libraria-occitana.org\/oc\/wp-json\/wp\/v2\/media?parent=38322"}],"wp:term":[{"taxonomy":"product_brand","embeddable":true,"href":"https:\/\/www.libraria-occitana.org\/oc\/wp-json\/wp\/v2\/product_brand?post=38322"},{"taxonomy":"product_cat","embeddable":true,"href":"https:\/\/www.libraria-occitana.org\/oc\/wp-json\/wp\/v2\/product_cat?post=38322"},{"taxonomy":"product_tag","embeddable":true,"href":"https:\/\/www.libraria-occitana.org\/oc\/wp-json\/wp\/v2\/product_tag?post=38322"}],"curies":[{"name":"wp","href":"https:\/\/api.w.org\/{rel}","templated":true}]}}