{"id":38349,"date":"2017-12-09T17:33:28","date_gmt":"2017-12-09T16:33:28","guid":{"rendered":"http:\/\/www.libraria-occitana.org\/product\/tres-aventuras-dau-roman-de-rainart-libre-cd\/"},"modified":"2026-04-29T10:05:45","modified_gmt":"2026-04-29T08:05:45","slug":"tres-aventuras-dau-roman-de-rainart-libre-cd","status":"publish","type":"product","link":"https:\/\/www.libraria-occitana.org\/oc\/produch\/tres-aventuras-dau-roman-de-rainart-libre-cd\/","title":{"rendered":"Tres aventuras dau Roman de Rainart (libre + CD)"},"content":{"rendered":"<p>Adaptacion de tres aventuras dau <em>Roman de Rainart<\/em> :<\/p>\n<ul>\n<li><strong>Rainard e los chambons d'Isengrin<\/strong>, onte Rainart v\u00f2u raubar tres chambons a Isengrin que los se garda preciosament.<\/li>\n<li><strong>Tiecelin e Rainart<\/strong> onte Rainart emb paraulas lauvengi\u00e8ras ess\u00e0ia d'en primier de raubar lo fromatge a Tiecelin pu\u00e8i de golar la graula per la mesma enchaison.<\/li>\n<li><strong>Chantaclar e las jalinas van damandar just\u00edcia au rei<\/strong>, onte l'i es pus question de rusa mas de l'eveniment que f\u00f2r\u00e7a N\u00f2ble lo rei de convocar Rainart per lo jutjar.<\/li>\n<\/ul>\n<p>Aqueu sup\u00f2rt de lecturas e d'aprendissatges linguistics permet de trabalhar en classa de CM-6ena las entradas dins la cultura liter\u00e0ria e artistica \u00ab Er\u00f2is \/ Ero\u00efnas e personatges \u00bb, \u00ab La morala en questions \u00bb, \u00ab Se confrontar au meravilh\u00f3s, a l'estranh \u2013 Lo mostre a las divisas de l'uman \u00bb e \u00ab Resistir aus mai f\u00f2rts : rusas, meissonjas e morricas \u00bb (Programas de l'Educacion nacionala per lo cicle 3 de 2017).<\/p>\n<p>Traduccion facha en partir d'un trabalh de rechercha sus lo texte en o\u00efl d'Elena Biu, mestre de confer\u00e9ncias en ling\u00fcistica medievala e filologia romana de l'UFR de lenga francesa de la Sorbona.<\/p>\n<p>Cicle 3.<br \/>\nPistas pedagogicas de telecharjar sus <a href=\"http:\/\/www.capoc.fr\/\">http:\/\/www.capoc.fr\/<\/a><\/p>\n","protected":false},"excerpt":{"rendered":"<p>Adaptacion de tres aventuras dau Roman de Rainart : Rainard e los chambons d&#8217;Isengrin, onte Rainart v\u00f2u raubar tres chambons a Isengrin que los se garda preciosament. Tiecelin e Rainart onte Rainart emb paraulas lauvengi\u00e8ras ess\u00e0ia d&#8217;en primier de raubar lo fromatge a Tiecelin pu\u00e8i de golar la graula per la mesma enchaison. Chantaclar e [&hellip;]<\/p>\n","protected":false},"featured_media":38347,"template":"","meta":{"_acf_changed":false,"_genesis_hide_title":false,"_genesis_hide_breadcrumbs":false,"_genesis_hide_singular_image":false,"_genesis_hide_footer_widgets":false,"_genesis_custom_body_class":"","_genesis_custom_post_class":"","_genesis_layout":""},"product_brand":[],"product_cat":[7167,7165,7133],"product_tag":[],"class_list":{"0":"post-38349","1":"product","2":"type-product","3":"status-publish","4":"has-post-thumbnail","6":"product_cat-ados-oc","7":"product_cat-jounessa-bd-umor","8":"product_cat-libres-oc","9":"pa_auteur-biu-helene-oc","10":"pa_auteur-collectiu-oc-2","11":"pa_editeur-canope-editions-oc","12":"pa_illustrateur-busnel-melanie-oc","13":"pa_illustrateur-decamps-domenja-decomps-dominique-oc","14":"pa_langue-occitan-oc","15":"pa_langue-occitan-lemosin-oc","16":"entry","18":"first","19":"instock","20":"shipping-taxable","21":"purchasable","22":"product-type-simple"},"acf":[],"_links":{"self":[{"href":"https:\/\/www.libraria-occitana.org\/oc\/wp-json\/wp\/v2\/product\/38349","targetHints":{"allow":["GET"]}}],"collection":[{"href":"https:\/\/www.libraria-occitana.org\/oc\/wp-json\/wp\/v2\/product"}],"about":[{"href":"https:\/\/www.libraria-occitana.org\/oc\/wp-json\/wp\/v2\/types\/product"}],"wp:featuredmedia":[{"embeddable":true,"href":"https:\/\/www.libraria-occitana.org\/oc\/wp-json\/wp\/v2\/media\/38347"}],"wp:attachment":[{"href":"https:\/\/www.libraria-occitana.org\/oc\/wp-json\/wp\/v2\/media?parent=38349"}],"wp:term":[{"taxonomy":"product_brand","embeddable":true,"href":"https:\/\/www.libraria-occitana.org\/oc\/wp-json\/wp\/v2\/product_brand?post=38349"},{"taxonomy":"product_cat","embeddable":true,"href":"https:\/\/www.libraria-occitana.org\/oc\/wp-json\/wp\/v2\/product_cat?post=38349"},{"taxonomy":"product_tag","embeddable":true,"href":"https:\/\/www.libraria-occitana.org\/oc\/wp-json\/wp\/v2\/product_tag?post=38349"}],"curies":[{"name":"wp","href":"https:\/\/api.w.org\/{rel}","templated":true}]}}