{"id":38389,"date":"2018-03-16T08:55:17","date_gmt":"2018-03-16T07:55:17","guid":{"rendered":"http:\/\/www.libraria-occitana.org\/product\/quercy-pontoise\/"},"modified":"2026-04-29T10:00:36","modified_gmt":"2026-04-29T08:00:36","slug":"quercy-pontoise","status":"publish","type":"product","link":"https:\/\/www.libraria-occitana.org\/oc\/produch\/quercy-pontoise\/","title":{"rendered":"Quercy-Pontoise"},"content":{"rendered":"<p><strong>Enregistr\u00e9 en public, lors de la tourn\u00e9e 2016.<\/strong><\/p>\n<p>Pendant 10 ans les membres des 2 formations se sont crois\u00e9s r\u00e9guli\u00e8rement, ont collabor\u00e9, s\u2019enrichissant mutuellement. C\u2019est \u00e0 l\u2019issue de l\u2019une de ces r\u00e9unions, sur l\u2019album <em>Adiu Miladiu<\/em> du Bal Brotto Lopez, qu\u2019en 2016 ils d\u00e9cident de franchir le pas. Une tourn\u00e9e r\u00e9unissant les deux univers voit le jour dans la foul\u00e9e.<\/p>\n<p>Quercy-Pontoise. Difficile de trouver meilleur nom pour l\u2019album enregistr\u00e9 en public cet \u00e9t\u00e9 l\u00e0. Simple boutade du chanteur des Ogres, pour pr\u00e9senter \u00e0 la fois l\u2019origine francilienne de sa fratrie et celle de ses confr\u00e8res du sud, nous dit-on ? Pas si s\u00fbr. Car, on comprend d\u00e8s la premi\u00e8re piste, que d\u2019un c\u00f4t\u00e9 comme de l\u2019autre, on prend l\u2019affaire tr\u00e8s au s\u00e9rieux.<\/p>\n<p>Les Ogres, fid\u00e8les \u00e0 leurs principes d\u2019ouverture sur le monde, int\u00e8grent parfaitement \u00e0 leur r\u00e9pertoire les sonorit\u00e9s et les lettres du bal occitan. Ainsi, Vous m\u2019emmerdez !, de leur album \u00e9ponyme, devient Que m\u2019emmerdatz !. Ils adoptent les codes jusqu\u2019\u00e0 chanter dans la langue des troubadours avec un travail remarquable de prononciation. L\u2019alternance des voix de Fred Burgui\u00e8re et de Guillaume Lopez, l\u2019\u00e9quilibre entre les compositions issues des 2 formations dans le choix des titres et le m\u00eame attachement \u00e0 la qualit\u00e9 des textes r\u00e9concilient O\u00efl et Oc.<\/p>\n<p>M\u00eame Allain Leprest s\u2019en trouve occitanis\u00e9, avec sa chanson C\u2019est peut-\u00eatre, adapt\u00e9e dans les deux langues. Autre t\u00e9moin de cette concorde, Mon pays, co-\u00e9crite par les six musiciens de l\u2019ensemble, rapproche avec humour les chauvinismes parisiens et gascons dans une valse populaire. Populaire et r\u00e9solument festif : voil\u00e0 les caract\u00e9ristiques des 2 univers qui expliquent que le mariage fonctionne si bien. L\u2019opus, tourn\u00e9 d\u2019abord vers le public, fait la part belle aux tempos rapides, o\u00f9 s\u2019expriment toute la virtuosit\u00e9 des instrumentistes et leur go\u00fbt pour les m\u00e9lodies d\u2019inspiration traditionnelle. Parfois soutenues &#8211; car avec les Ogres le rock n\u2019est jamais tr\u00e8s loin &#8211; par la saturation d\u2019une guitare.<\/p>\n<p>Tous ces musiciens sont des multi-instrumentistes. Trombone, scie musicale, contrebasse, soubassophone, piano\u2026 le large instrumentarium dont ils disposent permet d\u2019explorer au long des 12 morceaux du disque une palette sonore exceptionnellement riche. Ce projet des s\u0153urs et fr\u00e8res Burgui\u00e8re et du duo Cyrille Brotto et Guillaume Lopez s\u2019av\u00e8re donc \u00eatre propice \u00e0 la danse et autres r\u00e9jouissances. Sans jamais perdre de vue la possibilit\u00e9 de laisser une place \u00e0 des copains de passage. C\u2019est le cas de la derni\u00e8re plage de l\u2019album, Lo pont de Nantas \/ Amazone, qui accueille les chanteurs languedociens Aqueles et la violoniste Alexandra Lacouchie. Donner de l\u2019espace aux autres, cette qualit\u00e9 rare chez les musiciens, commune aux membres du bal de Quercy Pontoise ne s\u2019explique pas. C\u2019est l\u2019envie de partage qui les r\u00e9unit tous sur la m\u00eame sc\u00e8ne.<\/p>\n<p><strong>Titres :<\/strong><br \/>\n1. Cor adobat (C\u0153ur arrang\u00e9) 6&#8217;29<br \/>\n2. Vous m&#8217;emmerdez ! (Que m&#8217;enmerdatz !) 4&#8217;19<br \/>\n3. Dejol pont 4&#8217;11<br \/>\n4. Latchoska \/ Dos min\u00e9 \/ Lo rainal e lo merle 6&#8217;47<br \/>\n5. Femme du guerrier 4&#8217;37<br \/>\n6. Toi jamais \/ La thoux\u00e9enne \/ Luquejada 6&#8217;06<br \/>\n7. Ieu soi perdut sense tu 4&#8217;26<br \/>\n8. Mon pays 3&#8217;23<br \/>\n9. C&#8217;est peut-\u00eatre 3&#8217;50<br \/>\n10. Condko\u00ef 4&#8217;55<br \/>\n11. Adam \/ Pas bien 6&#8217;25<br \/>\n12. Lo pont de Nantas \/ Amazone 5&#8217;41<\/p>\n","protected":false},"excerpt":{"rendered":"<p>Enregistr\u00e9 en public, lors de la tourn\u00e9e 2016. Pendant 10 ans les membres des 2 formations se sont crois\u00e9s r\u00e9guli\u00e8rement, ont collabor\u00e9, s\u2019enrichissant mutuellement. C\u2019est \u00e0 l\u2019issue de l\u2019une de ces r\u00e9unions, sur l\u2019album Adiu Miladiu du Bal Brotto Lopez, qu\u2019en 2016 ils d\u00e9cident de franchir le pas. Une tourn\u00e9e r\u00e9unissant les deux univers voit [&hellip;]<\/p>\n","protected":false},"featured_media":38387,"template":"","meta":{"_acf_changed":false,"_genesis_hide_title":false,"_genesis_hide_breadcrumbs":false,"_genesis_hide_singular_image":false,"_genesis_hide_footer_widgets":false,"_genesis_custom_body_class":"","_genesis_custom_post_class":"","_genesis_layout":""},"product_brand":[],"product_cat":[7219,16683],"product_tag":[],"class_list":{"0":"post-38389","1":"product","2":"type-product","3":"status-publish","4":"has-post-thumbnail","6":"product_cat-chancon-oc","7":"product_cat-musica-oc","8":"pa_auteur-duo-brotto-lopez-oc","9":"pa_auteur-les-ogres-de-barback-oc","10":"pa_editeur-irfan-le-label-oc","11":"pa_langue-francais-oc","12":"pa_langue-occitan-oc","13":"pa_langue-occitan-lengadocian-oc","14":"entry","16":"first","17":"outofstock","18":"shipping-taxable","19":"purchasable","20":"product-type-simple"},"acf":[],"_links":{"self":[{"href":"https:\/\/www.libraria-occitana.org\/oc\/wp-json\/wp\/v2\/product\/38389","targetHints":{"allow":["GET"]}}],"collection":[{"href":"https:\/\/www.libraria-occitana.org\/oc\/wp-json\/wp\/v2\/product"}],"about":[{"href":"https:\/\/www.libraria-occitana.org\/oc\/wp-json\/wp\/v2\/types\/product"}],"wp:featuredmedia":[{"embeddable":true,"href":"https:\/\/www.libraria-occitana.org\/oc\/wp-json\/wp\/v2\/media\/38387"}],"wp:attachment":[{"href":"https:\/\/www.libraria-occitana.org\/oc\/wp-json\/wp\/v2\/media?parent=38389"}],"wp:term":[{"taxonomy":"product_brand","embeddable":true,"href":"https:\/\/www.libraria-occitana.org\/oc\/wp-json\/wp\/v2\/product_brand?post=38389"},{"taxonomy":"product_cat","embeddable":true,"href":"https:\/\/www.libraria-occitana.org\/oc\/wp-json\/wp\/v2\/product_cat?post=38389"},{"taxonomy":"product_tag","embeddable":true,"href":"https:\/\/www.libraria-occitana.org\/oc\/wp-json\/wp\/v2\/product_tag?post=38389"}],"curies":[{"name":"wp","href":"https:\/\/api.w.org\/{rel}","templated":true}]}}