{"id":38435,"date":"2015-05-04T16:28:30","date_gmt":"2015-05-04T14:28:30","guid":{"rendered":"http:\/\/www.libraria-occitana.org\/product\/tornarem-dancar\/"},"modified":"2026-04-03T01:41:26","modified_gmt":"2026-04-02T23:41:26","slug":"tornarem-dancar","status":"publish","type":"product","link":"https:\/\/www.libraria-occitana.org\/oc\/produch\/tornarem-dancar\/","title":{"rendered":"Tornarem dan\u00e7ar"},"content":{"rendered":"<p><strong>Philippe Ancelin :<\/strong> violon, violon alto<br \/>\n<strong>Nicolas Rouzier :<\/strong> chabrettes, ch\u00e8vre, chant<\/p>\n<p>Ce 33 tours reprend les morceaux du CD paru en 2004 et \u00e0 ce jour \u00e9puis\u00e9.<\/p>\n<p>Tous les th\u00e8mes sont traditionnels sauf \u00ab Les Furcides \u00bb, \u00ab La t\u00f2rna \u00bb, \u00ab Lo jau negre \u00bb. Arrangements par Philippe Ancelin et Nicolas Rouzier.<\/p>\n<p>Pochettes r\u00e9alis\u00e9es par S\u00e9gol\u00e8ne Moteley \u00e0 partir d&#8217;une image de Anna Atkins puis s\u00e9rigraphi\u00e9es par S\u00e9gol\u00e8ne Moteley et Standard In-Fi \u00e0 l&#8217;ESADSE.<\/p>\n<p><strong>Titres :<\/strong><br \/>\n<strong>F\u00e0cia A :<\/strong><br \/>\n1. Tu pars pour l&#8217;Italie &#8211; Marche \u00e0 Mouret 2&#8217;48<br \/>\n2. &#8216;Na trist&#8217; annada &#8211; Cosin Janton &#8211; Bourre\u0301e a\u0300 Peyrat 2&#8217;34<br \/>\n3. Suite de sautie\u0300res &#8211; Barra d&#8217;emb clau &#8211; Tua ton chen &#8211; Sautie\u0300re a\u0300 Tellier 2&#8217;39<br \/>\n4. Marche a\u0300 Brandely &#8211; Les Furcides &#8211; La t\u00f2rna 4&#8217;36<br \/>\n5. Rossignolet charmant 3&#8217;13<br \/>\n6. La\u0300 bas dans la prairie &#8211; Bourre\u0301e a\u0300 Mouret &#8211; Los faures 4&#8217;06<br \/>\n7. Glissante des grands papas &#8211; L&#8217;aiga de ro\u0300cha 2&#8217;13<\/p>\n<p><strong>F\u00e0cia B :<\/strong><br \/>\n1. Au fond de mon village &#8211; Polka de Naves &#8211; Pas pique\u0301 6&#8217;09<br \/>\n2. Novissima 3&#8217;23<br \/>\n3. Las dro\u0300llas dau Lonzac &#8211; Las chabras brunas &#8211; Carnaval passa &#8211; Al cuol de Pierron &#8211; La de\u0301laisse\u0301e 4&#8217;48<br \/>\n4. Marchand, petit marchand &#8211; Lo jau negre &#8211; Ont anarem gardar 2&#8217;53<br \/>\n5. Re\u0301veillez-vous fide\u0300les 2&#8217;45<br \/>\n6. Nai Nai so\u0300m so\u0300m 2&#8217;26<\/p>\n","protected":false},"excerpt":{"rendered":"<p>Philippe Ancelin : violon, violon alto Nicolas Rouzier : chabrettes, ch\u00e8vre, chant Ce 33 tours reprend les morceaux du CD paru en 2004 et \u00e0 ce jour \u00e9puis\u00e9. Tous les th\u00e8mes sont traditionnels sauf \u00ab Les Furcides \u00bb, \u00ab La t\u00f2rna \u00bb, \u00ab Lo jau negre \u00bb. Arrangements par Philippe Ancelin et Nicolas Rouzier. Pochettes [&hellip;]<\/p>\n","protected":false},"featured_media":38433,"template":"","meta":{"_acf_changed":false,"_genesis_hide_title":false,"_genesis_hide_breadcrumbs":false,"_genesis_hide_singular_image":false,"_genesis_hide_footer_widgets":false,"_genesis_custom_body_class":"","_genesis_custom_post_class":"","_genesis_layout":""},"product_brand":[],"product_cat":[16683,7229],"product_tag":[],"class_list":{"0":"post-38435","1":"product","2":"type-product","3":"status-publish","4":"has-post-thumbnail","6":"product_cat-musica-oc","7":"product_cat-novela-tradicion-oc","8":"pa_auteur-duo-ancelin-rouzier-oc","9":"pa_editeur-standard-in-fi-oc","10":"pa_langue-francais-oc","11":"pa_langue-occitan-lemosin-oc","12":"entry","14":"first","15":"outofstock","16":"shipping-taxable","17":"purchasable","18":"product-type-simple"},"acf":[],"_links":{"self":[{"href":"https:\/\/www.libraria-occitana.org\/oc\/wp-json\/wp\/v2\/product\/38435","targetHints":{"allow":["GET"]}}],"collection":[{"href":"https:\/\/www.libraria-occitana.org\/oc\/wp-json\/wp\/v2\/product"}],"about":[{"href":"https:\/\/www.libraria-occitana.org\/oc\/wp-json\/wp\/v2\/types\/product"}],"wp:featuredmedia":[{"embeddable":true,"href":"https:\/\/www.libraria-occitana.org\/oc\/wp-json\/wp\/v2\/media\/38433"}],"wp:attachment":[{"href":"https:\/\/www.libraria-occitana.org\/oc\/wp-json\/wp\/v2\/media?parent=38435"}],"wp:term":[{"taxonomy":"product_brand","embeddable":true,"href":"https:\/\/www.libraria-occitana.org\/oc\/wp-json\/wp\/v2\/product_brand?post=38435"},{"taxonomy":"product_cat","embeddable":true,"href":"https:\/\/www.libraria-occitana.org\/oc\/wp-json\/wp\/v2\/product_cat?post=38435"},{"taxonomy":"product_tag","embeddable":true,"href":"https:\/\/www.libraria-occitana.org\/oc\/wp-json\/wp\/v2\/product_tag?post=38435"}],"curies":[{"name":"wp","href":"https:\/\/api.w.org\/{rel}","templated":true}]}}