{"id":38457,"date":"2018-03-15T19:39:29","date_gmt":"2018-03-15T18:39:29","guid":{"rendered":"http:\/\/www.libraria-occitana.org\/product\/le-limon-de-lame\/"},"modified":"2026-04-18T00:21:55","modified_gmt":"2026-04-17T22:21:55","slug":"le-limon-de-lame","status":"publish","type":"product","link":"https:\/\/www.libraria-occitana.org\/oc\/produch\/le-limon-de-lame\/","title":{"rendered":"Le limon de l&#8217;\u00e2me"},"content":{"rendered":"<p><strong>Un r\u00e9cit-m\u00e9moire des ann\u00e9es 60<\/strong><\/p>\n<p><strong>Dans le pays, il y avait ceux qui avaient leur certificat d&#8217;\u00e9tude, ceux qui ne l&#8217;avaient pas<\/strong>, ceux qui ne savaient pas un mot de fran\u00e7ais, ceux qui le parlaient et l&#8217;\u00e9crivaient, ceux qui savaient tout faire de leurs mains\u2026<\/p>\n<p>Il y avait aussi ces deux fr\u00e8res qui s&#8217;\u00e9taient battus et dont l&#8217;un avait ouvert le ventre de l&#8217;autre avec une faux, ce que le p\u00e8re r\u00e9para avec du fil, une aiguille et une lamp\u00e9e d&#8217;eau-de-vie\u2026 C&#8217;\u00e9tait comme \u00e7a\u2026 Pourvu qu&#8217;on soit travailleur !<\/p>\n<p><strong>Pupupu\u2026 pupupu\u2026<\/strong> Au printemps, un oiseau myst\u00e9rieux se faisait entendre par-del\u00e0 les bouleaux et les saules de l&#8217;\u00e9tang. Pupupu\u2026 pupupu. \u00ab <em>Auva la peput ! Quand lo cocut ven la peput lo sec<\/em> \u00bb.<\/p>\n<p>C\u2019\u00e9tait comme \u00e7a, aux confins du P\u00e9rigord et du Limousin.<\/p>\n<p>C\u2019est un joli r\u00e9cit, celui de l\u2019enfance heureuse, sensible, d\u2019une fillette curieuse et inventive, dans le cocon d\u2019un monde paysan bien pr\u00e8s de dispara\u00eetre.<\/p>\n","protected":false},"excerpt":{"rendered":"<p>Un r\u00e9cit-m\u00e9moire des ann\u00e9es 60 Dans le pays, il y avait ceux qui avaient leur certificat d&#8217;\u00e9tude, ceux qui ne l&#8217;avaient pas, ceux qui ne savaient pas un mot de fran\u00e7ais, ceux qui le parlaient et l&#8217;\u00e9crivaient, ceux qui savaient tout faire de leurs mains\u2026 Il y avait aussi ces deux fr\u00e8res qui s&#8217;\u00e9taient battus [&hellip;]<\/p>\n","protected":false},"featured_media":38443,"template":"","meta":{"_acf_changed":false,"_genesis_hide_title":false,"_genesis_hide_breadcrumbs":false,"_genesis_hide_singular_image":false,"_genesis_hide_footer_widgets":false,"_genesis_custom_body_class":"","_genesis_custom_post_class":"","_genesis_layout":""},"product_brand":[],"product_cat":[7133,7175,7187],"product_tag":[],"class_list":{"0":"post-38457","1":"product","2":"type-product","3":"status-publish","4":"has-post-thumbnail","6":"product_cat-libres-oc","7":"product_cat-literatura-oc","8":"product_cat-temonhatges-memoris-oc","9":"pa_auteur-dudognon-francoise-oc","10":"pa_editeur-maiade-oc","11":"pa_illustrateur-yvan-gaspard-oc","12":"pa_langue-francais-oc","13":"entry","15":"first","16":"instock","17":"shipping-taxable","18":"purchasable","19":"product-type-simple"},"acf":[],"_links":{"self":[{"href":"https:\/\/www.libraria-occitana.org\/oc\/wp-json\/wp\/v2\/product\/38457","targetHints":{"allow":["GET"]}}],"collection":[{"href":"https:\/\/www.libraria-occitana.org\/oc\/wp-json\/wp\/v2\/product"}],"about":[{"href":"https:\/\/www.libraria-occitana.org\/oc\/wp-json\/wp\/v2\/types\/product"}],"wp:featuredmedia":[{"embeddable":true,"href":"https:\/\/www.libraria-occitana.org\/oc\/wp-json\/wp\/v2\/media\/38443"}],"wp:attachment":[{"href":"https:\/\/www.libraria-occitana.org\/oc\/wp-json\/wp\/v2\/media?parent=38457"}],"wp:term":[{"taxonomy":"product_brand","embeddable":true,"href":"https:\/\/www.libraria-occitana.org\/oc\/wp-json\/wp\/v2\/product_brand?post=38457"},{"taxonomy":"product_cat","embeddable":true,"href":"https:\/\/www.libraria-occitana.org\/oc\/wp-json\/wp\/v2\/product_cat?post=38457"},{"taxonomy":"product_tag","embeddable":true,"href":"https:\/\/www.libraria-occitana.org\/oc\/wp-json\/wp\/v2\/product_tag?post=38457"}],"curies":[{"name":"wp","href":"https:\/\/api.w.org\/{rel}","templated":true}]}}