{"id":38481,"date":"2018-05-18T12:55:21","date_gmt":"2018-05-18T10:55:21","guid":{"rendered":"http:\/\/www.libraria-occitana.org\/product\/micheu-chapduelh-una-pensada-sauvatja\/"},"modified":"2026-04-29T04:51:44","modified_gmt":"2026-04-29T02:51:44","slug":"micheu-chapduelh-una-pensada-sauvatja","status":"publish","type":"product","link":"https:\/\/www.libraria-occitana.org\/oc\/produch\/micheu-chapduelh-una-pensada-sauvatja\/","title":{"rendered":"Micheu Chapdu\u00e8lh : una pensada sauvatja"},"content":{"rendered":"<p>Nascut en 1947 au mai sarrat dau pa\u00eds perig\u00f2rd, Micheu Chapdu\u00e8lh es, dempei son temps de mainatge, un fin observaire de la vielha civilizacion paisana.<br \/>\nSa \u00ab pensada sauvatja \u00bb se fai lo resson d&#8217;una vision dau monde, uei dispareguda, que banhava sas rai\u00e7 dins l&#8217;animisme, lo fantastic e lo chamannisme. L&#8217;\u00f2me alaidonc se pensava pas coma lo mestre de la natura mas vivi\u00e1 en acordan\u00e7a emb lo monde que l&#8217;environava.<br \/>\nEnraijada dins una vielha saviesa paisana, quela \u00ab pensada sauvatja \u00bb se descrueba d&#8217;una granda modernitat a l&#8217;ora daus desfis ecologics de uei.<\/p>\n<p>En occitan, jostitolat en franc\u00e9s o en occitan (e tanben sens sostitolatge).<\/p>\n","protected":false},"excerpt":{"rendered":"<p>Nascut en 1947 au mai sarrat dau pa\u00eds perig\u00f2rd, Micheu Chapdu\u00e8lh es, dempei son temps de mainatge, un fin observaire de la vielha civilizacion paisana. Sa \u00ab pensada sauvatja \u00bb se fai lo resson d&#8217;una vision dau monde, uei dispareguda, que banhava sas rai\u00e7 dins l&#8217;animisme, lo fantastic e lo chamannisme. L&#8217;\u00f2me alaidonc se pensava [&hellip;]<\/p>\n","protected":false},"featured_media":38479,"template":"","meta":{"_acf_changed":false,"_genesis_hide_title":false,"_genesis_hide_breadcrumbs":false,"_genesis_hide_singular_image":false,"_genesis_hide_footer_widgets":false,"_genesis_custom_body_class":"","_genesis_custom_post_class":"","_genesis_layout":""},"product_brand":[],"product_cat":[7248,7240],"product_tag":[],"class_list":{"0":"post-38481","1":"product","2":"type-product","3":"status-publish","4":"has-post-thumbnail","6":"product_cat-musica-literatura-oc","7":"product_cat-video-oc","8":"pa_auteur-lavaud-patrick-oc","9":"pa_editeur-les-nuits-atypiques-oc","10":"pa_langue-occitan-lemosin-oc","11":"pa_langue-occitan-francais-oc","12":"entry","14":"first","15":"instock","16":"shipping-taxable","17":"purchasable","18":"product-type-simple"},"acf":[],"_links":{"self":[{"href":"https:\/\/www.libraria-occitana.org\/oc\/wp-json\/wp\/v2\/product\/38481","targetHints":{"allow":["GET"]}}],"collection":[{"href":"https:\/\/www.libraria-occitana.org\/oc\/wp-json\/wp\/v2\/product"}],"about":[{"href":"https:\/\/www.libraria-occitana.org\/oc\/wp-json\/wp\/v2\/types\/product"}],"wp:featuredmedia":[{"embeddable":true,"href":"https:\/\/www.libraria-occitana.org\/oc\/wp-json\/wp\/v2\/media\/38479"}],"wp:attachment":[{"href":"https:\/\/www.libraria-occitana.org\/oc\/wp-json\/wp\/v2\/media?parent=38481"}],"wp:term":[{"taxonomy":"product_brand","embeddable":true,"href":"https:\/\/www.libraria-occitana.org\/oc\/wp-json\/wp\/v2\/product_brand?post=38481"},{"taxonomy":"product_cat","embeddable":true,"href":"https:\/\/www.libraria-occitana.org\/oc\/wp-json\/wp\/v2\/product_cat?post=38481"},{"taxonomy":"product_tag","embeddable":true,"href":"https:\/\/www.libraria-occitana.org\/oc\/wp-json\/wp\/v2\/product_tag?post=38481"}],"curies":[{"name":"wp","href":"https:\/\/api.w.org\/{rel}","templated":true}]}}