{"id":38512,"date":"2007-01-06T11:28:34","date_gmt":"2007-01-06T10:28:34","guid":{"rendered":"http:\/\/www.libraria-occitana.org\/product\/lo-brec-la-blanche-nef-poema\/"},"modified":"2026-04-29T10:54:31","modified_gmt":"2026-04-29T08:54:31","slug":"lo-brec-la-blanche-nef-poema","status":"publish","type":"product","link":"https:\/\/www.libraria-occitana.org\/oc\/produch\/lo-brec-la-blanche-nef-poema\/","title":{"rendered":"Lo Br\u00e8c &#8211; La Blanche Nef : Po\u00e8ma"},"content":{"rendered":"<p>Epop\u00e8a hora temps, <em>Lo Br\u00e8c<\/em> qu'ei tanben ua parabola descabestrada suu noste monde, l'arrog\u00e0ncia deus potents e lo silenci deus p\u00f2bles d'on n\u00e8ishen totun las susmautas sauvadoras. Qu'ei enfin lo testament poetic longament hargat deu son autor, defuntat en junh de 2005.<\/p>\n","protected":false},"excerpt":{"rendered":"<p>Epop\u00e8a hora temps, Lo Br\u00e8c qu&#8217;ei tanben ua parabola descabestrada suu noste monde, l&#8217;arrog\u00e0ncia deus potents e lo silenci deus p\u00f2bles d&#8217;on n\u00e8ishen totun las susmautas sauvadoras. Qu&#8217;ei enfin lo testament poetic longament hargat deu son autor, defuntat en junh de 2005.<\/p>\n","protected":false},"featured_media":38510,"template":"","meta":{"_acf_changed":false,"_genesis_hide_title":false,"_genesis_hide_breadcrumbs":false,"_genesis_hide_singular_image":false,"_genesis_hide_footer_widgets":false,"_genesis_custom_body_class":"","_genesis_custom_post_class":"","_genesis_layout":""},"product_brand":[],"product_cat":[7133,7175,7181,7239],"product_tag":[],"class_list":{"0":"post-38512","1":"product","2":"type-product","3":"status-publish","4":"has-post-thumbnail","6":"product_cat-libres-oc","7":"product_cat-literatura-oc","8":"product_cat-poesia-oc","9":"product_cat-promos-oc","10":"pa_auteur-manciet-bernat-oc","11":"pa_editeur-reclams-oc","12":"pa_langue-occitan-gascon-oc","13":"pa_langue-occitan-francais-oc","14":"entry","16":"first","17":"instock","18":"shipping-taxable","19":"purchasable","20":"product-type-simple"},"acf":[],"_links":{"self":[{"href":"https:\/\/www.libraria-occitana.org\/oc\/wp-json\/wp\/v2\/product\/38512","targetHints":{"allow":["GET"]}}],"collection":[{"href":"https:\/\/www.libraria-occitana.org\/oc\/wp-json\/wp\/v2\/product"}],"about":[{"href":"https:\/\/www.libraria-occitana.org\/oc\/wp-json\/wp\/v2\/types\/product"}],"wp:featuredmedia":[{"embeddable":true,"href":"https:\/\/www.libraria-occitana.org\/oc\/wp-json\/wp\/v2\/media\/38510"}],"wp:attachment":[{"href":"https:\/\/www.libraria-occitana.org\/oc\/wp-json\/wp\/v2\/media?parent=38512"}],"wp:term":[{"taxonomy":"product_brand","embeddable":true,"href":"https:\/\/www.libraria-occitana.org\/oc\/wp-json\/wp\/v2\/product_brand?post=38512"},{"taxonomy":"product_cat","embeddable":true,"href":"https:\/\/www.libraria-occitana.org\/oc\/wp-json\/wp\/v2\/product_cat?post=38512"},{"taxonomy":"product_tag","embeddable":true,"href":"https:\/\/www.libraria-occitana.org\/oc\/wp-json\/wp\/v2\/product_tag?post=38512"}],"curies":[{"name":"wp","href":"https:\/\/api.w.org\/{rel}","templated":true}]}}