{"id":38518,"date":"2016-06-06T11:48:00","date_gmt":"2016-06-06T09:48:00","guid":{"rendered":"http:\/\/www.libraria-occitana.org\/product\/lo-barrut\/"},"modified":"2026-04-26T03:21:08","modified_gmt":"2026-04-26T01:21:08","slug":"lo-barrut","status":"publish","type":"product","link":"https:\/\/www.libraria-occitana.org\/oc\/produch\/lo-barrut\/","title":{"rendered":"Lo Barrut"},"content":{"rendered":"<p><strong>Erwan Billon, Titouan Billon, \u00c9milie Dreyer Dufer, Delphine Grellier, Olivier Grolleau, Samuel Grolleau, Audrey Hoyuelos, Jessy Ragey, Maud Seguier<\/strong><\/p>\n<p>Lo Barrut, c&#8217;est une histoire d&#8217;amiti\u00e9 tiss\u00e9e autour du plaisir de chanter ensemble. B\u00e2ties autour de la voix et de la riche litt\u00e9rature occitane, les cr\u00e9ations originales de Lo Barrut offrent une polyphonie sauvage et po\u00e9tique qui donne corps aux textes, et o\u00f9 les percussions renforcent l&#8217;intensit\u00e9 du verbe. Lo Barrut s&#8217;\u00e9mancipe des codes pour laisser libre cours \u00e0 sa cr\u00e9ativit\u00e9 collective, cr\u00e9ant un r\u00e9cit captivant qui tient en haleine le public.<\/p>\n<p><strong>Titres :<\/strong><br \/>\n1. Lunas (L\u00e9on Cordes)<br \/>\n2. Tango (L\u00e9on Cordes)<br \/>\n3. L&#8217;ombra de mai (Titouan Billon)<br \/>\n4. La Can\u00e7on de l&#8217;esp\u00e8ra (L\u00e9on Cordes)<br \/>\n5. Los enfants de la luna (Delphine Grellier &#8211; Titouan Billon)<\/p>\n","protected":false},"excerpt":{"rendered":"<p>Erwan Billon, Titouan Billon, \u00c9milie Dreyer Dufer, Delphine Grellier, Olivier Grolleau, Samuel Grolleau, Audrey Hoyuelos, Jessy Ragey, Maud Seguier Lo Barrut, c&#8217;est une histoire d&#8217;amiti\u00e9 tiss\u00e9e autour du plaisir de chanter ensemble. B\u00e2ties autour de la voix et de la riche litt\u00e9rature occitane, les cr\u00e9ations originales de Lo Barrut offrent une polyphonie sauvage et po\u00e9tique [&hellip;]<\/p>\n","protected":false},"featured_media":38516,"template":"","meta":{"_acf_changed":false,"_genesis_hide_title":false,"_genesis_hide_breadcrumbs":false,"_genesis_hide_singular_image":false,"_genesis_hide_footer_widgets":false,"_genesis_custom_body_class":"","_genesis_custom_post_class":"","_genesis_layout":""},"product_brand":[],"product_cat":[16683,7231],"product_tag":[],"class_list":{"0":"post-38518","1":"product","2":"type-product","3":"status-publish","4":"has-post-thumbnail","6":"product_cat-musica-oc","7":"product_cat-polifonias-oc","8":"pa_auteur-barrut-oc","9":"pa_editeur-oxivent-oc","10":"pa_langue-occitan-oc","11":"pa_langue-occitan-lengadocian-oc","12":"entry","14":"first","15":"outofstock","16":"shipping-taxable","17":"purchasable","18":"product-type-simple"},"acf":[],"_links":{"self":[{"href":"https:\/\/www.libraria-occitana.org\/oc\/wp-json\/wp\/v2\/product\/38518","targetHints":{"allow":["GET"]}}],"collection":[{"href":"https:\/\/www.libraria-occitana.org\/oc\/wp-json\/wp\/v2\/product"}],"about":[{"href":"https:\/\/www.libraria-occitana.org\/oc\/wp-json\/wp\/v2\/types\/product"}],"wp:featuredmedia":[{"embeddable":true,"href":"https:\/\/www.libraria-occitana.org\/oc\/wp-json\/wp\/v2\/media\/38516"}],"wp:attachment":[{"href":"https:\/\/www.libraria-occitana.org\/oc\/wp-json\/wp\/v2\/media?parent=38518"}],"wp:term":[{"taxonomy":"product_brand","embeddable":true,"href":"https:\/\/www.libraria-occitana.org\/oc\/wp-json\/wp\/v2\/product_brand?post=38518"},{"taxonomy":"product_cat","embeddable":true,"href":"https:\/\/www.libraria-occitana.org\/oc\/wp-json\/wp\/v2\/product_cat?post=38518"},{"taxonomy":"product_tag","embeddable":true,"href":"https:\/\/www.libraria-occitana.org\/oc\/wp-json\/wp\/v2\/product_tag?post=38518"}],"curies":[{"name":"wp","href":"https:\/\/api.w.org\/{rel}","templated":true}]}}