{"id":38533,"date":"2018-05-05T19:31:45","date_gmt":"2018-05-05T17:31:45","guid":{"rendered":"http:\/\/www.libraria-occitana.org\/product\/38529\/"},"modified":"2026-04-07T14:23:49","modified_gmt":"2026-04-07T12:23:49","slug":"roger-gonthier-un-architecte-singulier","status":"publish","type":"product","link":"https:\/\/www.libraria-occitana.org\/oc\/produch\/roger-gonthier-un-architecte-singulier\/","title":{"rendered":"Roger Gonthier : Un architecte singulier"},"content":{"rendered":"<p><em>\u00ab Architecte dipl\u00f4m\u00e9 par le Gouvernement, licenci\u00e9 en droit, chevalier de la L\u00e9gion d\u2019honneur [\u2026] dont l\u2019activit\u00e9 s\u2019est \u00e9tendue \u00e0 tous les domaines, b\u00e2timents industriels, maisons de rapport, b\u00e2timents publics, buildings, villas, parcs, urbanisme [\u2026], groupes d\u2019habitations \u00e0 bon march\u00e9 en particulier \u00e0 Limoges o\u00f9 ont \u00e9t\u00e9 r\u00e9alis\u00e9es six cit\u00e9s (qui) repr\u00e9sentent 1 200 logements, une superficie construite de 1 200 m\u00b2 et une d\u00e9pense de 45 millions de francs [\u2026] \u00bb<br \/>\n<\/em>C\u2019est ainsi qu\u2019on pr\u00e9sentait Roger Gonthier \u00e0 l\u2019issue de sa carri\u00e8re. Un remarquable architecte atypique\u2026, \u00ab notoirement m\u00e9connu \u00bb, aurait ajout\u00e9 Alexandre Vialatte.<\/p>\n<p>Le nom de Roger Gonthier, essentiellement associ\u00e9 \u00e0 la gare des B\u00e9n\u00e9dictins, est pourtant indissociable de l\u2019histoire du logement social \u00e0 Limoges dans l\u2019entre-deux-guerres. Il construit la cit\u00e9-jardin de Beaublanc, le groupe d\u2019immeubles HBM des Coutures, les cit\u00e9s Ranson, Ruben, Betoulle et Thuillat, tout en menant de front une multitude d\u2019autres chantiers. Il accorde autant de soin \u00e0 \u00e9difier de prestigieux immeubles parisiens et des \u00ab palais \u00bb de bord de mer qu\u2019\u00e0 concevoir des appartements pour la frange la plus pauvre et la plus mal log\u00e9e de la soci\u00e9t\u00e9. Toutes ses r\u00e9alisations, y compris ses b\u00e2timents sociaux, sont de qualit\u00e9. Et cette qualit\u00e9 se retrouve toujours dans le parc immobilier de Limoges habitat \u2013 l\u2019h\u00e9ritier de l\u2019OPHBM n\u00e9 en 1920 \u2013 dont tous les logements constituent aujourd\u2019hui \u00e0 la fois des \u00e9l\u00e9ments patrimoniaux et des lieux de vie dynamiques en raison de leurs caract\u00e9ristiques initiales de construction.<\/p>\n","protected":false},"excerpt":{"rendered":"<p>\u00ab Architecte dipl\u00f4m\u00e9 par le Gouvernement, licenci\u00e9 en droit, chevalier de la L\u00e9gion d\u2019honneur [\u2026] dont l\u2019activit\u00e9 s\u2019est \u00e9tendue \u00e0 tous les domaines, b\u00e2timents industriels, maisons de rapport, b\u00e2timents publics, buildings, villas, parcs, urbanisme [\u2026], groupes d\u2019habitations \u00e0 bon march\u00e9 en particulier \u00e0 Limoges o\u00f9 ont \u00e9t\u00e9 r\u00e9alis\u00e9es six cit\u00e9s (qui) repr\u00e9sentent 1 200 logements, [&hellip;]<\/p>\n","protected":false},"featured_media":38534,"template":"","meta":{"_acf_changed":false,"_genesis_hide_title":false,"_genesis_hide_breadcrumbs":false,"_genesis_hide_singular_image":false,"_genesis_hide_footer_widgets":false,"_genesis_custom_body_class":"","_genesis_custom_post_class":"","_genesis_layout":""},"product_brand":[],"product_cat":[7133,7215,7207],"product_tag":[],"class_list":{"0":"post-38533","1":"product","2":"type-product","3":"status-publish","4":"has-post-thumbnail","6":"product_cat-libres-oc","7":"product_cat-patrimoni-bastit-oc","8":"product_cat-tradicions-patrimoni-oc","9":"pa_auteur-plas-pascal-oc","10":"pa_editeur-le-puy-fraud-oc","11":"pa_langue-francais-oc","12":"entry","14":"first","15":"instock","16":"shipping-taxable","17":"purchasable","18":"product-type-simple"},"acf":[],"_links":{"self":[{"href":"https:\/\/www.libraria-occitana.org\/oc\/wp-json\/wp\/v2\/product\/38533","targetHints":{"allow":["GET"]}}],"collection":[{"href":"https:\/\/www.libraria-occitana.org\/oc\/wp-json\/wp\/v2\/product"}],"about":[{"href":"https:\/\/www.libraria-occitana.org\/oc\/wp-json\/wp\/v2\/types\/product"}],"wp:featuredmedia":[{"embeddable":true,"href":"https:\/\/www.libraria-occitana.org\/oc\/wp-json\/wp\/v2\/media\/38534"}],"wp:attachment":[{"href":"https:\/\/www.libraria-occitana.org\/oc\/wp-json\/wp\/v2\/media?parent=38533"}],"wp:term":[{"taxonomy":"product_brand","embeddable":true,"href":"https:\/\/www.libraria-occitana.org\/oc\/wp-json\/wp\/v2\/product_brand?post=38533"},{"taxonomy":"product_cat","embeddable":true,"href":"https:\/\/www.libraria-occitana.org\/oc\/wp-json\/wp\/v2\/product_cat?post=38533"},{"taxonomy":"product_tag","embeddable":true,"href":"https:\/\/www.libraria-occitana.org\/oc\/wp-json\/wp\/v2\/product_tag?post=38533"}],"curies":[{"name":"wp","href":"https:\/\/api.w.org\/{rel}","templated":true}]}}