{"id":38620,"date":"2006-06-15T18:51:13","date_gmt":"2006-06-15T16:51:13","guid":{"rendered":"http:\/\/www.libraria-occitana.org\/product\/aller-simple\/"},"modified":"2026-04-20T00:21:59","modified_gmt":"2026-04-19T22:21:59","slug":"aller-simple","status":"publish","type":"product","link":"https:\/\/www.libraria-occitana.org\/oc\/produch\/aller-simple\/","title":{"rendered":"Aller simple"},"content":{"rendered":"<p>Nous ne voulons sous aucun pr\u00e9texte la voir arriver, s&#8217;installer \u00e0 quelques centim\u00e8tres de notre peur extr\u00eame et pourtant\u2026 Elle s\u2019obstine et revient. La mort n\u2019a pas pour habitude de pr\u00e9venir. La mis\u00e8re non plus. Ce voyage sans lendemain nous porte au plus profond de l\u2019\u00e2me humaine, la douleur de vivre y c\u00f4toie ce qui sera l\u2019espoir, un jour. Une promesse est \u00e0 ce prix : revenir sur cette terre de Dordogne qui jadis a vu na\u00eetre les hommes. On dira que ce que l\u2019on voudra mais cette lecture vous sera b\u00e9n\u00e9fique, elle vous redonnera une part d\u2019humanit\u00e9 qui vous a quitt\u00e9\u2026<\/p>\n<p>Traduction fran\u00e7aise d&#8217;une nouvelle tir\u00e9e de <em>Lo viatge aquitan<\/em> (Le voyage aquitain, IEO, 2000).<\/p>\n","protected":false},"excerpt":{"rendered":"<p>Nous ne voulons sous aucun pr\u00e9texte la voir arriver, s&#8217;installer \u00e0 quelques centim\u00e8tres de notre peur extr\u00eame et pourtant\u2026 Elle s\u2019obstine et revient. La mort n\u2019a pas pour habitude de pr\u00e9venir. La mis\u00e8re non plus. Ce voyage sans lendemain nous porte au plus profond de l\u2019\u00e2me humaine, la douleur de vivre y c\u00f4toie ce qui [&hellip;]<\/p>\n","protected":false},"featured_media":38621,"template":"","meta":{"_acf_changed":false,"_genesis_hide_title":false,"_genesis_hide_breadcrumbs":false,"_genesis_hide_singular_image":false,"_genesis_hide_footer_widgets":false,"_genesis_custom_body_class":"","_genesis_custom_post_class":"","_genesis_layout":""},"product_brand":[],"product_cat":[7133,7175,7179,7183],"product_tag":[],"class_list":{"0":"post-38620","1":"product","2":"type-product","3":"status-publish","4":"has-post-thumbnail","6":"product_cat-libres-oc","7":"product_cat-literatura-oc","8":"product_cat-literatura-occitana-en-frances-oc","9":"product_cat-romans-novelas-oc","10":"pa_auteur-ganhaire-joan-oc","11":"pa_editeur-editions-de-latelier-in8-oc","12":"pa_illustrateur-blot-jean-paul-oc","13":"pa_langue-francais-oc","14":"entry","16":"first","17":"instock","18":"shipping-taxable","19":"purchasable","20":"product-type-simple"},"acf":[],"_links":{"self":[{"href":"https:\/\/www.libraria-occitana.org\/oc\/wp-json\/wp\/v2\/product\/38620","targetHints":{"allow":["GET"]}}],"collection":[{"href":"https:\/\/www.libraria-occitana.org\/oc\/wp-json\/wp\/v2\/product"}],"about":[{"href":"https:\/\/www.libraria-occitana.org\/oc\/wp-json\/wp\/v2\/types\/product"}],"wp:featuredmedia":[{"embeddable":true,"href":"https:\/\/www.libraria-occitana.org\/oc\/wp-json\/wp\/v2\/media\/38621"}],"wp:attachment":[{"href":"https:\/\/www.libraria-occitana.org\/oc\/wp-json\/wp\/v2\/media?parent=38620"}],"wp:term":[{"taxonomy":"product_brand","embeddable":true,"href":"https:\/\/www.libraria-occitana.org\/oc\/wp-json\/wp\/v2\/product_brand?post=38620"},{"taxonomy":"product_cat","embeddable":true,"href":"https:\/\/www.libraria-occitana.org\/oc\/wp-json\/wp\/v2\/product_cat?post=38620"},{"taxonomy":"product_tag","embeddable":true,"href":"https:\/\/www.libraria-occitana.org\/oc\/wp-json\/wp\/v2\/product_tag?post=38620"}],"curies":[{"name":"wp","href":"https:\/\/api.w.org\/{rel}","templated":true}]}}