{"id":38662,"date":"2018-04-22T15:48:58","date_gmt":"2018-04-22T13:48:58","guid":{"rendered":"http:\/\/www.libraria-occitana.org\/product\/fascinante-cathedrale-saint-etienne\/"},"modified":"2026-04-15T00:21:29","modified_gmt":"2026-04-14T22:21:29","slug":"fascinante-cathedrale-saint-etienne","status":"publish","type":"product","link":"https:\/\/www.libraria-occitana.org\/oc\/produch\/fascinante-cathedrale-saint-etienne\/","title":{"rendered":"Fascinante cath\u00e9drale Saint-\u00c9tienne"},"content":{"rendered":"<p>\u00c9difi\u00e9e pendant pr\u00e8s de huit si\u00e8cles, la cath\u00e9drale de Limoges se d\u00e9voile en ce beau livre. Le lecteur est invit\u00e9 \u00e0 pousser les portes du temps pour p\u00e9n\u00e9trer sous les vo\u00fbtes grandioses de cet \u00e9difice m\u00e9connu, d\u00e9couvrant histoires et anecdotes.<\/p>\n<p>De page en page, la cath\u00e9drale Saint-\u00c9tienne r\u00e9v\u00e8le ses myst\u00e8res : elle s\u2019offre \u00e0 la curiosit\u00e9 du visiteur et l\u2019entra\u00eene \u00e0 la d\u00e9couverte de son architecture, de son pass\u00e9 et de ses tr\u00e9sors cach\u00e9s.<\/p>\n<p>\u00c0 travers une soixantaine d\u2019articles, les 26 lettres de l\u2019alphabet se d\u00e9clinent en un ab\u00e9c\u00e9daire culturel et cultuel, v\u00e9ritable itin\u00e9raire du regard. Loin d\u2019\u00eatre un guide savant, cet ouvrage propose une exploration in\u00e9dite d\u2019un monument qui a su traverser les \u00e9poques et s\u2019imposer comme l\u2019un des joyaux du patrimoine de Limoges, cit\u00e9 mill\u00e9naire.<\/p>\n<p>Publi\u00e9 sous la direction du P. Fran\u00e7ois Renard, archipr\u00eatre de la cath\u00e9drale de Limoges, cet ouvrage richement illustr\u00e9 se pare des lettrines d\u00e9licates de Ma\u00efte Roche et des photographies de Sophie Drevon o\u00f9 se m\u00ealent ombre et lumi\u00e8re.<br \/>\nUn hommage \u00e0 un monument fascinant.<\/p>\n","protected":false},"excerpt":{"rendered":"<p>\u00c9difi\u00e9e pendant pr\u00e8s de huit si\u00e8cles, la cath\u00e9drale de Limoges se d\u00e9voile en ce beau livre. Le lecteur est invit\u00e9 \u00e0 pousser les portes du temps pour p\u00e9n\u00e9trer sous les vo\u00fbtes grandioses de cet \u00e9difice m\u00e9connu, d\u00e9couvrant histoires et anecdotes. De page en page, la cath\u00e9drale Saint-\u00c9tienne r\u00e9v\u00e8le ses myst\u00e8res : elle s\u2019offre \u00e0 la [&hellip;]<\/p>\n","protected":false},"featured_media":38663,"template":"","meta":{"_acf_changed":false,"_genesis_hide_title":false,"_genesis_hide_breadcrumbs":false,"_genesis_hide_singular_image":false,"_genesis_hide_footer_widgets":false,"_genesis_custom_body_class":"","_genesis_custom_post_class":"","_genesis_layout":""},"product_brand":[],"product_cat":[7133,7215,7207],"product_tag":[],"class_list":{"0":"post-38662","1":"product","2":"type-product","3":"status-publish","4":"has-post-thumbnail","6":"product_cat-libres-oc","7":"product_cat-patrimoni-bastit-oc","8":"product_cat-tradicions-patrimoni-oc","9":"pa_auteur-collectiu-oc-2","10":"pa_auteur-renard-francois-oc","11":"pa_editeur-les-ardents-editeurs-oc","12":"pa_langue-francais-oc","13":"entry","15":"first","16":"instock","17":"shipping-taxable","18":"purchasable","19":"product-type-simple"},"acf":[],"_links":{"self":[{"href":"https:\/\/www.libraria-occitana.org\/oc\/wp-json\/wp\/v2\/product\/38662","targetHints":{"allow":["GET"]}}],"collection":[{"href":"https:\/\/www.libraria-occitana.org\/oc\/wp-json\/wp\/v2\/product"}],"about":[{"href":"https:\/\/www.libraria-occitana.org\/oc\/wp-json\/wp\/v2\/types\/product"}],"wp:featuredmedia":[{"embeddable":true,"href":"https:\/\/www.libraria-occitana.org\/oc\/wp-json\/wp\/v2\/media\/38663"}],"wp:attachment":[{"href":"https:\/\/www.libraria-occitana.org\/oc\/wp-json\/wp\/v2\/media?parent=38662"}],"wp:term":[{"taxonomy":"product_brand","embeddable":true,"href":"https:\/\/www.libraria-occitana.org\/oc\/wp-json\/wp\/v2\/product_brand?post=38662"},{"taxonomy":"product_cat","embeddable":true,"href":"https:\/\/www.libraria-occitana.org\/oc\/wp-json\/wp\/v2\/product_cat?post=38662"},{"taxonomy":"product_tag","embeddable":true,"href":"https:\/\/www.libraria-occitana.org\/oc\/wp-json\/wp\/v2\/product_tag?post=38662"}],"curies":[{"name":"wp","href":"https:\/\/api.w.org\/{rel}","templated":true}]}}