{"id":38668,"date":"2018-05-22T15:57:00","date_gmt":"2018-05-22T13:57:00","guid":{"rendered":"http:\/\/www.libraria-occitana.org\/product\/haute-vienne-innattendue-la-haute-vienne-vue-par-les-haut-viennois\/"},"modified":"2024-07-04T00:22:28","modified_gmt":"2024-07-03T22:22:28","slug":"haute-vienne-innattendue-la-haute-vienne-vue-par-les-haut-viennois","status":"publish","type":"product","link":"https:\/\/www.libraria-occitana.org\/oc\/produch\/haute-vienne-innattendue-la-haute-vienne-vue-par-les-haut-viennois\/","title":{"rendered":"Haute-Vienne inattendue : La Haute-Vienne vue par les Haut-Viennois"},"content":{"rendered":"<p><em>Haute-Vienne inattendue<\/em> se veut un portrait original du d\u00e9partement de la Haute-Vienne. Ouvrage participatif, il se compose en grande partie d\u2019images d\u2019internautes \u00ab post\u00e9es \u00bb dans le cadre d\u2019un \u00e9v\u00e9nement en ligne, Votre d\u00e9partement en photo #Haute-Vienne inattendue, organis\u00e9 sur les r\u00e9seaux sociaux du Conseil d\u00e9partemental durant l\u2019\u00e9t\u00e9 2017.<\/p>\n<p>Dans un cahier central sont d\u00e9voil\u00e9es les photographies ayant obtenu les faveurs du jury et celles du public.<\/p>\n<p>Au fil des pages, le flux d\u2019images propose une d\u00e9ambulation photographique offrant un concentr\u00e9 des richesses, des savoir-faire et des beaut\u00e9s de ce d\u00e9partement comme en t\u00e9moignent celles et ceux qui ont fait le choix de vivre et de partager avec les lecteurs ce territoire d\u2019exception.<\/p>\n","protected":false},"excerpt":{"rendered":"<p>Haute-Vienne inattendue se veut un portrait original du d\u00e9partement de la Haute-Vienne. Ouvrage participatif, il se compose en grande partie d\u2019images d\u2019internautes \u00ab post\u00e9es \u00bb dans le cadre d\u2019un \u00e9v\u00e9nement en ligne, Votre d\u00e9partement en photo #Haute-Vienne inattendue, organis\u00e9 sur les r\u00e9seaux sociaux du Conseil d\u00e9partemental durant l\u2019\u00e9t\u00e9 2017. Dans un cahier central sont d\u00e9voil\u00e9es [&hellip;]<\/p>\n","protected":false},"featured_media":38669,"template":"","meta":{"_acf_changed":false,"_genesis_hide_title":false,"_genesis_hide_breadcrumbs":false,"_genesis_hide_singular_image":false,"_genesis_hide_footer_widgets":false,"_genesis_custom_body_class":"","_genesis_custom_post_class":"","_genesis_layout":""},"product_brand":[],"product_cat":[7199,7133,7197],"product_tag":[],"class_list":{"0":"post-38668","1":"product","2":"type-product","3":"status-publish","4":"has-post-thumbnail","6":"product_cat-guides-torisme-viatge-oc","7":"product_cat-libres-oc","8":"product_cat-natura-torisme-oc","9":"pa_auteur-collectiu-oc-2","10":"pa_editeur-les-ardents-editeurs-oc","11":"pa_langue-francais-oc","12":"entry","14":"first","15":"outofstock","16":"shipping-taxable","17":"purchasable","18":"product-type-simple"},"acf":[],"_links":{"self":[{"href":"https:\/\/www.libraria-occitana.org\/oc\/wp-json\/wp\/v2\/product\/38668","targetHints":{"allow":["GET"]}}],"collection":[{"href":"https:\/\/www.libraria-occitana.org\/oc\/wp-json\/wp\/v2\/product"}],"about":[{"href":"https:\/\/www.libraria-occitana.org\/oc\/wp-json\/wp\/v2\/types\/product"}],"wp:featuredmedia":[{"embeddable":true,"href":"https:\/\/www.libraria-occitana.org\/oc\/wp-json\/wp\/v2\/media\/38669"}],"wp:attachment":[{"href":"https:\/\/www.libraria-occitana.org\/oc\/wp-json\/wp\/v2\/media?parent=38668"}],"wp:term":[{"taxonomy":"product_brand","embeddable":true,"href":"https:\/\/www.libraria-occitana.org\/oc\/wp-json\/wp\/v2\/product_brand?post=38668"},{"taxonomy":"product_cat","embeddable":true,"href":"https:\/\/www.libraria-occitana.org\/oc\/wp-json\/wp\/v2\/product_cat?post=38668"},{"taxonomy":"product_tag","embeddable":true,"href":"https:\/\/www.libraria-occitana.org\/oc\/wp-json\/wp\/v2\/product_tag?post=38668"}],"curies":[{"name":"wp","href":"https:\/\/api.w.org\/{rel}","templated":true}]}}