{"id":38714,"date":"2016-08-27T10:01:31","date_gmt":"2016-08-27T08:01:31","guid":{"rendered":"http:\/\/www.libraria-occitana.org\/product\/les-modifications-phonetiques-du-langage-etudiees-dans-le-patois-dune-famille-de-cellefrouin-ed-1891\/"},"modified":"2026-04-16T20:01:52","modified_gmt":"2026-04-16T18:01:52","slug":"les-modifications-phonetiques-du-langage-etudiees-dans-le-patois-dune-famille-de-cellefrouin-ed-1891","status":"publish","type":"product","link":"https:\/\/www.libraria-occitana.org\/oc\/produch\/les-modifications-phonetiques-du-langage-etudiees-dans-le-patois-dune-famille-de-cellefrouin-ed-1891\/","title":{"rendered":"Les Modifications phon\u00e9tiques du langage \u00e9tudi\u00e9es dans le patois d&#8217;une famille de Cellefrouin (\u00c9d. 1891)"},"content":{"rendered":"<p>Th\u00e8se pr\u00e9sent\u00e9e \u00e0 la Facult\u00e9 des lettres de Paris par l&#8217;abb\u00e9 Rousselot.<br \/>\nReprint de l&#8217;\u00e9dition originale de 1891.<\/p>\n","protected":false},"excerpt":{"rendered":"<p>Th\u00e8se pr\u00e9sent\u00e9e \u00e0 la Facult\u00e9 des lettres de Paris par l&#8217;abb\u00e9 Rousselot. Reprint de l&#8217;\u00e9dition originale de 1891.<\/p>\n","protected":false},"featured_media":38715,"template":"","meta":{"_acf_changed":false,"_genesis_hide_title":false,"_genesis_hide_breadcrumbs":false,"_genesis_hide_singular_image":false,"_genesis_hide_footer_widgets":false,"_genesis_custom_body_class":"","_genesis_custom_post_class":"","_genesis_layout":""},"product_brand":[],"product_cat":[7137,7133,7141],"product_tag":[],"class_list":{"0":"post-38714","1":"product","2":"type-product","3":"status-publish","4":"has-post-thumbnail","6":"product_cat-diccionaris-lenga-escolar-oc","7":"product_cat-libres-oc","8":"product_cat-linguistica-oc","9":"pa_auteur-rousselot-pierre-jean-oc","10":"pa_editeur-bnf-oc","11":"pa_editeur-hachette-oc","12":"pa_langue-francais-oc","13":"entry","15":"first","16":"instock","17":"shipping-taxable","18":"purchasable","19":"product-type-simple"},"acf":[],"_links":{"self":[{"href":"https:\/\/www.libraria-occitana.org\/oc\/wp-json\/wp\/v2\/product\/38714","targetHints":{"allow":["GET"]}}],"collection":[{"href":"https:\/\/www.libraria-occitana.org\/oc\/wp-json\/wp\/v2\/product"}],"about":[{"href":"https:\/\/www.libraria-occitana.org\/oc\/wp-json\/wp\/v2\/types\/product"}],"wp:featuredmedia":[{"embeddable":true,"href":"https:\/\/www.libraria-occitana.org\/oc\/wp-json\/wp\/v2\/media\/38715"}],"wp:attachment":[{"href":"https:\/\/www.libraria-occitana.org\/oc\/wp-json\/wp\/v2\/media?parent=38714"}],"wp:term":[{"taxonomy":"product_brand","embeddable":true,"href":"https:\/\/www.libraria-occitana.org\/oc\/wp-json\/wp\/v2\/product_brand?post=38714"},{"taxonomy":"product_cat","embeddable":true,"href":"https:\/\/www.libraria-occitana.org\/oc\/wp-json\/wp\/v2\/product_cat?post=38714"},{"taxonomy":"product_tag","embeddable":true,"href":"https:\/\/www.libraria-occitana.org\/oc\/wp-json\/wp\/v2\/product_tag?post=38714"}],"curies":[{"name":"wp","href":"https:\/\/api.w.org\/{rel}","templated":true}]}}