{"id":38735,"date":"2018-06-27T11:51:20","date_gmt":"2018-06-27T09:51:20","guid":{"rendered":"http:\/\/www.libraria-occitana.org\/?post_type=product&#038;p=38735"},"modified":"2024-07-04T00:42:29","modified_gmt":"2024-07-03T22:42:29","slug":"lo-diari-44-la-cultura-en-occitan","status":"publish","type":"product","link":"https:\/\/www.libraria-occitana.org\/oc\/produch\/lo-diari-44-la-cultura-en-occitan\/","title":{"rendered":"Lo diari : La cultura, en occitan #44"},"content":{"rendered":"<p>Lo Diari es lo magazine de la cultura, tota la cultura, mas en occitan. Literatura, musica, esp\u00f2rt, societat, audiovisual, nov\u00e8las tecnologias, i trobaretz de tot per cadun, servit per una c\u00f2la de redactors venguts de pertot.<\/p>\n","protected":false},"excerpt":{"rendered":"<p>Lo Diari es lo magazine de la cultura, tota la cultura, mas en occitan. Literatura, musica, esp\u00f2rt, societat, audiovisual, nov\u00e8las tecnologias, i trobaretz de tot per cadun, servit per una c\u00f2la de redactors venguts de pertot.<\/p>\n","protected":false},"featured_media":38741,"template":"","meta":{"_acf_changed":false,"_genesis_hide_title":false,"_genesis_hide_breadcrumbs":false,"_genesis_hide_singular_image":false,"_genesis_hide_footer_widgets":false,"_genesis_custom_body_class":"","_genesis_custom_post_class":"","_genesis_layout":""},"product_brand":[],"product_cat":[7133,7203],"product_tag":[],"class_list":{"0":"post-38735","1":"product","2":"type-product","3":"status-publish","4":"has-post-thumbnail","6":"product_cat-libres-oc","7":"product_cat-politica-sociologia-actualitat-oc","8":"pa_auteur-collectiu-oc-2","9":"pa_editeur-ieo-meidia-pireneus-oc-1","10":"pa_langue-occitan-oc","11":"entry","13":"first","14":"outofstock","15":"shipping-taxable","16":"purchasable","17":"product-type-simple"},"acf":[],"_links":{"self":[{"href":"https:\/\/www.libraria-occitana.org\/oc\/wp-json\/wp\/v2\/product\/38735","targetHints":{"allow":["GET"]}}],"collection":[{"href":"https:\/\/www.libraria-occitana.org\/oc\/wp-json\/wp\/v2\/product"}],"about":[{"href":"https:\/\/www.libraria-occitana.org\/oc\/wp-json\/wp\/v2\/types\/product"}],"wp:featuredmedia":[{"embeddable":true,"href":"https:\/\/www.libraria-occitana.org\/oc\/wp-json\/wp\/v2\/media\/38741"}],"wp:attachment":[{"href":"https:\/\/www.libraria-occitana.org\/oc\/wp-json\/wp\/v2\/media?parent=38735"}],"wp:term":[{"taxonomy":"product_brand","embeddable":true,"href":"https:\/\/www.libraria-occitana.org\/oc\/wp-json\/wp\/v2\/product_brand?post=38735"},{"taxonomy":"product_cat","embeddable":true,"href":"https:\/\/www.libraria-occitana.org\/oc\/wp-json\/wp\/v2\/product_cat?post=38735"},{"taxonomy":"product_tag","embeddable":true,"href":"https:\/\/www.libraria-occitana.org\/oc\/wp-json\/wp\/v2\/product_tag?post=38735"}],"curies":[{"name":"wp","href":"https:\/\/api.w.org\/{rel}","templated":true}]}}