{"id":38747,"date":"2017-11-06T12:47:04","date_gmt":"2017-11-06T11:47:04","guid":{"rendered":"http:\/\/www.libraria-occitana.org\/product\/histoire-de-la-ville-de-tulle\/"},"modified":"2026-04-02T21:21:47","modified_gmt":"2026-04-02T19:21:47","slug":"histoire-de-la-ville-de-tulle","status":"publish","type":"product","link":"https:\/\/www.libraria-occitana.org\/oc\/produch\/histoire-de-la-ville-de-tulle\/","title":{"rendered":"Histoire de la ville de Tulle"},"content":{"rendered":"<p>\u00ab Le coin de terre o\u00f9 il est n\u00e9, o\u00f9 il a v\u00e9cu son enfance, son adolescence, sa jeunesse, le milieu familial o\u00f9 s\u2019est form\u00e9e et d\u00e9velopp\u00e9e son \u00e2me, o\u00f9 il a aim\u00e9, souffert parfois, font refleurir son imagination, et les images qu\u2019ils \u00e9voquent se pr\u00e9sentent \u00e0 ses yeux par\u00e9es des couleurs les plus vives. Si loin que sa destin\u00e9e l\u2019emporte, il s\u2019attache \u00e0 tout ce qui peut lui rappeler le pass\u00e9, non seulement le pass\u00e9 qu\u2019il a connu, mais celui de ses anc\u00eatres les plus lointains. Il \u00e9prouve alors le besoin d\u2019interroger les vieux documents, les vieilles pierres et les livres. Ceux-ci retracent les faits de cet autrefois, peu ou mal connu ; ils font revivre les institutions disparues, les hommes qui accomplirent de glorieuses ou de dures t\u00e2ches, les \u00e9v\u00e9nements qui s\u2019accomplirent au cours des si\u00e8cles, les usages, les coutumes, la mani\u00e8re de voir et de sentir des anciens, qui firent l\u2019originalit\u00e9 de la petite patrie et, souvent, sa force et sa richesse.<br \/>\nDe ces multiples n\u00e9cessit\u00e9s est n\u00e9e l\u2019id\u00e9e de ce livre. Il ne pr\u00e9tend pas \u00e0 une haute \u00e9rudition. Ce qu\u2019il contient de substance historique a \u00e9t\u00e9, en majeure partie, emprunt\u00e9 \u00e0 des devanciers dont les solides connaissances font autorit\u00e9. Seules, certaines des conclusions et la mise en \u0153uvre nous sont personnelles. Nous pr\u00e9sentons donc au lecteur, dans la mesure du possible, le r\u00e9sum\u00e9 de ce qui a paru sur Tulle depuis des ann\u00e9es, de Bertrand de Latour et d\u2019\u00c9tienne Baluze jusqu\u2019\u00e0 Fran\u00e7ois Bonn\u00e9lye, Maximin Deloche et Gustave Cl\u00e9ment-Simon, en passant par MM. Poulbri\u00e8re, Fage et Champeval. Au cours de notre r\u00e9cit, on trouvera indiqu\u00e9es toutes les r\u00e9f\u00e9rences et les sources o\u00f9 il nous a \u00e9t\u00e9 donn\u00e9 de puiser, aussi bien pour la p\u00e9riode m\u00e9di\u00e9vale, et avant elle, que pour la p\u00e9riode moderne et contem\u00adporaine. \u00bb (Extrait de l\u2019Avant-Propos)<\/p>\n<p>Initialement publi\u00e9 en 1913, totalement introuvable aujourd\u2019hui, voici une histoire incontournable de la capitale de la Corr\u00e8ze. Johann\u00e8s Plantadis n\u00e9 \u00e0 Tulle (1864-1922), arch\u00e9ologue, ethnologue, historien et journaliste, membre fondateur du F\u00e9librige (avec Mistral et Roumanille) ; il est l\u2019auteur de nombre d\u2019ouvrages et articles sur l\u2019histoire et les traditions populaires du Limousin.<\/p>\n","protected":false},"excerpt":{"rendered":"<p>\u00ab Le coin de terre o\u00f9 il est n\u00e9, o\u00f9 il a v\u00e9cu son enfance, son adolescence, sa jeunesse, le milieu familial o\u00f9 s\u2019est form\u00e9e et d\u00e9velopp\u00e9e son \u00e2me, o\u00f9 il a aim\u00e9, souffert parfois, font refleurir son imagination, et les images qu\u2019ils \u00e9voquent se pr\u00e9sentent \u00e0 ses yeux par\u00e9es des couleurs les plus vives. [&hellip;]<\/p>\n","protected":false},"featured_media":38748,"template":"","meta":{"_acf_changed":false,"_genesis_hide_title":false,"_genesis_hide_breadcrumbs":false,"_genesis_hide_singular_image":false,"_genesis_hide_footer_widgets":false,"_genesis_custom_body_class":"","_genesis_custom_post_class":"","_genesis_layout":""},"product_brand":[],"product_cat":[7133,7149,7157],"product_tag":[],"class_list":{"0":"post-38747","1":"product","2":"type-product","3":"status-publish","4":"has-post-thumbnail","6":"product_cat-libres-oc","7":"product_cat-istoria-geografia-oc","8":"product_cat-istoria-generala-oc","9":"pa_auteur-plantadis-johannes-oc","10":"pa_editeur-editions-des-regionalismes-oc","11":"pa_langue-francais-oc","12":"entry","14":"first","15":"outofstock","16":"shipping-taxable","17":"purchasable","18":"product-type-simple"},"acf":[],"_links":{"self":[{"href":"https:\/\/www.libraria-occitana.org\/oc\/wp-json\/wp\/v2\/product\/38747","targetHints":{"allow":["GET"]}}],"collection":[{"href":"https:\/\/www.libraria-occitana.org\/oc\/wp-json\/wp\/v2\/product"}],"about":[{"href":"https:\/\/www.libraria-occitana.org\/oc\/wp-json\/wp\/v2\/types\/product"}],"wp:featuredmedia":[{"embeddable":true,"href":"https:\/\/www.libraria-occitana.org\/oc\/wp-json\/wp\/v2\/media\/38748"}],"wp:attachment":[{"href":"https:\/\/www.libraria-occitana.org\/oc\/wp-json\/wp\/v2\/media?parent=38747"}],"wp:term":[{"taxonomy":"product_brand","embeddable":true,"href":"https:\/\/www.libraria-occitana.org\/oc\/wp-json\/wp\/v2\/product_brand?post=38747"},{"taxonomy":"product_cat","embeddable":true,"href":"https:\/\/www.libraria-occitana.org\/oc\/wp-json\/wp\/v2\/product_cat?post=38747"},{"taxonomy":"product_tag","embeddable":true,"href":"https:\/\/www.libraria-occitana.org\/oc\/wp-json\/wp\/v2\/product_tag?post=38747"}],"curies":[{"name":"wp","href":"https:\/\/api.w.org\/{rel}","templated":true}]}}