{"id":38756,"date":"2018-05-27T17:04:20","date_gmt":"2018-05-27T15:04:20","guid":{"rendered":"http:\/\/www.libraria-occitana.org\/?post_type=product&#038;p=38756"},"modified":"2026-04-16T22:11:27","modified_gmt":"2026-04-16T20:11:27","slug":"haut-fort-chansons-de-bertran-de-born","status":"publish","type":"product","link":"https:\/\/www.libraria-occitana.org\/oc\/produch\/haut-fort-chansons-de-bertran-de-born\/","title":{"rendered":"Haut &amp; fort : Chansons de Bertran de Born"},"content":{"rendered":"<p>Bertran de Born, voil\u00e0 bien un personnage complexe ! De prime abord, modeste sire \u2013 lui-m\u00eame se dit simple vavasseur \u2013 il devient ch\u00e2telain (<em>dominus<\/em>, ma\u00eetre de chevaliers) vers 1185 par la gr\u00e2ce du roi-duc Henri II Plantagen\u00eat. Mais il est aussi (et surtout) po\u00e8te comme le furent avant lui Guilhem, le duc des Aquitains ou Ebles le \u00ab Chanteur \u00bb, vicomte de Ventadour. La po\u00e9sie pratiqu\u00e9e comme un exercice noble et essentiellement destin\u00e9e aux cours seigneuriales. Et d&#8217;embl\u00e9e, ce \u00ab chant \u00bb de Bertran n&#8217;est pas pass\u00e9 inaper\u00e7u. \u00c0 c\u00f4t\u00e9 de quelques <em>can\u00e7ons<\/em> (prononcer \u00ab <em>cansou<\/em> \u00bb) amoureuses, ce qui a forg\u00e9 sa r\u00e9putation, ce sont ses nombreux sirvent\u00e9s, po\u00e8mes politiques et\/ou guerriers, une sorte de \u00ab rap \u00bb avant l&#8217;heure, mais avec un art consomm\u00e9 de l&#8217;\u00e9crit et une dimension lyrique remarquable.<\/p>\n<p>Le choix de textes propos\u00e9 dans cet ouvrage se veut le reflet de cet art et de cette culture litt\u00e9raire d&#8217;un petit seigneur de la seconde moiti\u00e9 du XII\u00e8me si\u00e8cle qui a c\u00f4toy\u00e9 les personnages les plus puissants de son \u00e9poque. Il tente de suivre la chronologie de cette cr\u00e9ation originale.<\/p>\n","protected":false},"excerpt":{"rendered":"<p>Bertran de Born, voil\u00e0 bien un personnage complexe ! De prime abord, modeste sire \u2013 lui-m\u00eame se dit simple vavasseur \u2013 il devient ch\u00e2telain (dominus, ma\u00eetre de chevaliers) vers 1185 par la gr\u00e2ce du roi-duc Henri II Plantagen\u00eat. Mais il est aussi (et surtout) po\u00e8te comme le furent avant lui Guilhem, le duc des Aquitains [&hellip;]<\/p>\n","protected":false},"featured_media":38758,"template":"","meta":{"_acf_changed":false,"_genesis_hide_title":false,"_genesis_hide_breadcrumbs":false,"_genesis_hide_singular_image":false,"_genesis_hide_footer_widgets":false,"_genesis_custom_body_class":"","_genesis_custom_post_class":"","_genesis_layout":""},"product_brand":[],"product_cat":[7133,7175,7181],"product_tag":[],"class_list":{"0":"post-38756","1":"product","2":"type-product","3":"status-publish","4":"has-post-thumbnail","6":"product_cat-libres-oc","7":"product_cat-literatura-oc","8":"product_cat-poesia-oc","9":"pa_auteur-born-bertran-de-oc","10":"pa_editeur-federop-oc","11":"pa_illustrateur-thuillat-jean-pierre-1-oc","12":"pa_langue-occitan-medievau-oc","13":"pa_langue-occitan-francais-oc","14":"entry","16":"first","17":"instock","18":"shipping-taxable","19":"purchasable","20":"product-type-simple"},"acf":[],"_links":{"self":[{"href":"https:\/\/www.libraria-occitana.org\/oc\/wp-json\/wp\/v2\/product\/38756","targetHints":{"allow":["GET"]}}],"collection":[{"href":"https:\/\/www.libraria-occitana.org\/oc\/wp-json\/wp\/v2\/product"}],"about":[{"href":"https:\/\/www.libraria-occitana.org\/oc\/wp-json\/wp\/v2\/types\/product"}],"wp:featuredmedia":[{"embeddable":true,"href":"https:\/\/www.libraria-occitana.org\/oc\/wp-json\/wp\/v2\/media\/38758"}],"wp:attachment":[{"href":"https:\/\/www.libraria-occitana.org\/oc\/wp-json\/wp\/v2\/media?parent=38756"}],"wp:term":[{"taxonomy":"product_brand","embeddable":true,"href":"https:\/\/www.libraria-occitana.org\/oc\/wp-json\/wp\/v2\/product_brand?post=38756"},{"taxonomy":"product_cat","embeddable":true,"href":"https:\/\/www.libraria-occitana.org\/oc\/wp-json\/wp\/v2\/product_cat?post=38756"},{"taxonomy":"product_tag","embeddable":true,"href":"https:\/\/www.libraria-occitana.org\/oc\/wp-json\/wp\/v2\/product_tag?post=38756"}],"curies":[{"name":"wp","href":"https:\/\/api.w.org\/{rel}","templated":true}]}}