{"id":38778,"date":"2018-04-22T14:51:02","date_gmt":"2018-04-22T12:51:02","guid":{"rendered":"http:\/\/www.libraria-occitana.org\/product\/la-bete-du-gevaudan\/"},"modified":"2026-04-17T00:16:30","modified_gmt":"2026-04-16T22:16:30","slug":"la-bete-du-gevaudan","status":"publish","type":"product","link":"https:\/\/www.libraria-occitana.org\/oc\/produch\/la-bete-du-gevaudan\/","title":{"rendered":"La b\u00eate du G\u00e9vaudan"},"content":{"rendered":"<p>De 1764 \u00e0 1767, un animal f\u00e9roce s\u00e8me la terreur au c\u0153ur de la France paysanne. Il tue et d\u00e9chiquette des hommes, des femmes, des enfants. On attribue une centaine de meurtres \u00e0 ce monstre dont on ne sait s\u2019il est un loup, un chien, une hy\u00e8ne \u2013 un loup-garou, peut-\u00eatre ? La rumeur s\u2019emballe, et la l\u00e9gende de la b\u00eate du G\u00e9vaudan prend forme.<\/p>\n<p>En 1858, \u00c9lie Berthet (1815-1891), romancier populaire du Second Empire, publie le premier roman sur l\u2019affaire. \u00c0 la question \u00ab Qu\u2019est-ce que la b\u00eate ? \u00bb, il r\u00e9pond par un feuilleton illustr\u00e9 dans la presse. Le succ\u00e8s est imm\u00e9diat. Depuis, le sujet a fait couler beaucoup d\u2019encre et Berthet, ce Limousin qui devint une plume parisienne plus appr\u00e9ci\u00e9e qu\u2019Alexandre Dumas, a sombr\u00e9 dans l\u2019oubli. Pourtant, sa <em>B\u00eate du G\u00e9vaudan<\/em> vaut la peine d\u2019\u00eatre red\u00e9couverte. Sous un suspense haletant, on y d\u00e9couvre une th\u00e8se d\u2019une surprenante modernit\u00e9.<\/p>\n<p>Pr\u00e9face de Fabienne Claire Caland, chercheuse en mythologie et critique d&#8217;art.<\/p>\n","protected":false},"excerpt":{"rendered":"<p>De 1764 \u00e0 1767, un animal f\u00e9roce s\u00e8me la terreur au c\u0153ur de la France paysanne. Il tue et d\u00e9chiquette des hommes, des femmes, des enfants. On attribue une centaine de meurtres \u00e0 ce monstre dont on ne sait s\u2019il est un loup, un chien, une hy\u00e8ne \u2013 un loup-garou, peut-\u00eatre ? La rumeur s\u2019emballe, [&hellip;]<\/p>\n","protected":false},"featured_media":38779,"template":"","meta":{"_acf_changed":false,"_genesis_hide_title":false,"_genesis_hide_breadcrumbs":false,"_genesis_hide_singular_image":false,"_genesis_hide_footer_widgets":false,"_genesis_custom_body_class":"","_genesis_custom_post_class":"","_genesis_layout":""},"product_brand":[],"product_cat":[7133,7175,7183],"product_tag":[],"class_list":{"0":"post-38778","1":"product","2":"type-product","3":"status-publish","4":"has-post-thumbnail","6":"product_cat-libres-oc","7":"product_cat-literatura-oc","8":"product_cat-romans-novelas-oc","9":"pa_auteur-berthet-elie-oc","10":"pa_editeur-les-ardents-editeurs-oc","11":"pa_langue-francais-oc","12":"entry","14":"first","15":"instock","16":"shipping-taxable","17":"purchasable","18":"product-type-simple"},"acf":[],"_links":{"self":[{"href":"https:\/\/www.libraria-occitana.org\/oc\/wp-json\/wp\/v2\/product\/38778","targetHints":{"allow":["GET"]}}],"collection":[{"href":"https:\/\/www.libraria-occitana.org\/oc\/wp-json\/wp\/v2\/product"}],"about":[{"href":"https:\/\/www.libraria-occitana.org\/oc\/wp-json\/wp\/v2\/types\/product"}],"wp:featuredmedia":[{"embeddable":true,"href":"https:\/\/www.libraria-occitana.org\/oc\/wp-json\/wp\/v2\/media\/38779"}],"wp:attachment":[{"href":"https:\/\/www.libraria-occitana.org\/oc\/wp-json\/wp\/v2\/media?parent=38778"}],"wp:term":[{"taxonomy":"product_brand","embeddable":true,"href":"https:\/\/www.libraria-occitana.org\/oc\/wp-json\/wp\/v2\/product_brand?post=38778"},{"taxonomy":"product_cat","embeddable":true,"href":"https:\/\/www.libraria-occitana.org\/oc\/wp-json\/wp\/v2\/product_cat?post=38778"},{"taxonomy":"product_tag","embeddable":true,"href":"https:\/\/www.libraria-occitana.org\/oc\/wp-json\/wp\/v2\/product_tag?post=38778"}],"curies":[{"name":"wp","href":"https:\/\/api.w.org\/{rel}","templated":true}]}}