{"id":38793,"date":"2018-03-09T09:20:36","date_gmt":"2018-03-09T08:20:36","guid":{"rendered":"http:\/\/www.libraria-occitana.org\/product\/trouveres-troubadours\/"},"modified":"2026-04-02T20:16:09","modified_gmt":"2026-04-02T18:16:09","slug":"trouveres-troubadours","status":"publish","type":"product","link":"https:\/\/www.libraria-occitana.org\/oc\/produch\/trouveres-troubadours\/","title":{"rendered":"Trouv\u00e8res &#038; troubadours"},"content":{"rendered":"<p>Autant que des po\u00e8tes, les troubadours et les trouv\u00e8res (appel\u00e9s Minnes\u00e4nger en Allemagne) sont des musiciens des XIIe et XIIIe si\u00e8cles en Europe. Presque tous issus des familles nobles &#8211; car l\u2019enseignement de l\u2019\u00e9criture \u00e9tait r\u00e9serv\u00e9 aux castes sup\u00e9rieures -, ils sont d\u2019abord chevaliers avant d\u2019exprimer leurs \u201csentiments courtois\u201d en po\u00e9sie et en musique, relay\u00e9s parfois par les jongleurs ou donnant le ton pour les danses de cour, en s\u2019accompagnant d\u2019instruments divers : fl\u00fbtes, tambours, harpes, vi\u00e8les ou vielles \u00e0 roue, psalt\u00e9rions, etc. C\u2019est toute cette p\u00e9riode, \u00e9videmment marqu\u00e9e par les croisades europ\u00e9ennes, qui pr\u00e9c\u00e8de l\u2019Ars nova et que nous pouvons d\u00e9sormais mieux conna\u00eetre et comprendre \u00e0 travers les diverses formes des musiques des troubadours et des trouv\u00e8res.<\/p>\n<p>Ce nouveau volume de la collection horizons vous invite \u00e0 une f\u00eate m\u00e9di\u00e9vale faisant revivre un r\u00e9pertoire &#8211; souvent courtois mais surtout formidable t\u00e9moin de la vie au Moyen \u00c2ge &#8211; \u00e0 travers la r\u00e9vision d\u2019une \u00e9tude fort document\u00e9e et illustr\u00e9e sur ces artistes des XIIe et XIIIe si\u00e8cles, compl\u00e9t\u00e9e de nouvelles annexes.<\/p>\n","protected":false},"excerpt":{"rendered":"<p>Autant que des po\u00e8tes, les troubadours et les trouv\u00e8res (appel\u00e9s Minnes\u00e4nger en Allemagne) sont des musiciens des XIIe et XIIIe si\u00e8cles en Europe. Presque tous issus des familles nobles &#8211; car l\u2019enseignement de l\u2019\u00e9criture \u00e9tait r\u00e9serv\u00e9 aux castes sup\u00e9rieures -, ils sont d\u2019abord chevaliers avant d\u2019exprimer leurs \u201csentiments courtois\u201d en po\u00e9sie et en musique, relay\u00e9s [&hellip;]<\/p>\n","protected":false},"featured_media":38394,"template":"","meta":{"_acf_changed":false,"_genesis_hide_title":false,"_genesis_hide_breadcrumbs":false,"_genesis_hide_singular_image":false,"_genesis_hide_footer_widgets":false,"_genesis_custom_body_class":"","_genesis_custom_post_class":"","_genesis_layout":""},"product_brand":[],"product_cat":[7133,7175,7189],"product_tag":[],"class_list":{"0":"post-38793","1":"product","2":"type-product","3":"status-publish","4":"has-post-thumbnail","6":"product_cat-libres-oc","7":"product_cat-literatura-oc","8":"product_cat-estudis-literaris-oc","9":"pa_auteur-aubry-pierre-oc","10":"pa_editeur-bleu-nuit-editeur-oc","11":"pa_langue-francais-oc","12":"entry","14":"first","15":"instock","16":"shipping-taxable","17":"purchasable","18":"product-type-simple"},"acf":[],"_links":{"self":[{"href":"https:\/\/www.libraria-occitana.org\/oc\/wp-json\/wp\/v2\/product\/38793","targetHints":{"allow":["GET"]}}],"collection":[{"href":"https:\/\/www.libraria-occitana.org\/oc\/wp-json\/wp\/v2\/product"}],"about":[{"href":"https:\/\/www.libraria-occitana.org\/oc\/wp-json\/wp\/v2\/types\/product"}],"wp:featuredmedia":[{"embeddable":true,"href":"https:\/\/www.libraria-occitana.org\/oc\/wp-json\/wp\/v2\/media\/38394"}],"wp:attachment":[{"href":"https:\/\/www.libraria-occitana.org\/oc\/wp-json\/wp\/v2\/media?parent=38793"}],"wp:term":[{"taxonomy":"product_brand","embeddable":true,"href":"https:\/\/www.libraria-occitana.org\/oc\/wp-json\/wp\/v2\/product_brand?post=38793"},{"taxonomy":"product_cat","embeddable":true,"href":"https:\/\/www.libraria-occitana.org\/oc\/wp-json\/wp\/v2\/product_cat?post=38793"},{"taxonomy":"product_tag","embeddable":true,"href":"https:\/\/www.libraria-occitana.org\/oc\/wp-json\/wp\/v2\/product_tag?post=38793"}],"curies":[{"name":"wp","href":"https:\/\/api.w.org\/{rel}","templated":true}]}}