{"id":42380,"date":"2018-07-12T13:03:10","date_gmt":"2018-07-12T11:03:10","guid":{"rendered":"http:\/\/www.libraria-occitana.org\/product\/lo-drac-pot-esser-tanben-una-soca\/"},"modified":"2026-04-17T01:31:12","modified_gmt":"2026-04-16T23:31:12","slug":"lo-drac-pot-esser-tanben-una-soca","status":"publish","type":"product","link":"https:\/\/www.libraria-occitana.org\/oc\/produch\/lo-drac-pot-esser-tanben-una-soca\/","title":{"rendered":"Lo drac p\u00f2t \u00e8sser tanben una soca"},"content":{"rendered":"<p><strong>Louis Pezet :<\/strong> Chant<br \/>\n<strong>Hugo Collin :<\/strong> Saxophones t\u00e9nor et soprano<br \/>\n<strong>Ludovic Schmidt :<\/strong> Trompette et Bugle<br \/>\n<strong>Aurelio Espinoza :<\/strong> Basse<br \/>\n<strong>Simon Flouret :<\/strong> Batterie<\/p>\n<p>Fer\u00e0mia est un quintet qui produit une musique r\u00e9solument \u00e9clectique qui allie des influences diverses, allant du jazz \u00e0 l\u2019\u00e9lectro en passant par le groove, la musique traditionnelle et les sonorit\u00e9s \u00e9thiopiennes ou encore uruguayennes. Les concerts offrent pour l\u2019auditeur des moments contrast\u00e9s, entre refrains entra\u00eenants et improvisation individuelle ou collective, entre d\u00e9licatesse et \u00e9nergie quasi-punk. Le tout pour emmener la langue occitane vers de nouveaux territoires sonores.<br \/>\nFormation atypique, Fer\u00e0mia comporte cinq musiciens (batterie, basse, saxophone, trompette, chant en langue occitane). Le r\u00e9pertoire est enti\u00e8rement constitu\u00e9 de compositions originales. Une partie des textes sont \u00e9crits par les membres en s&#8217;inspirant de l&#8217;imaginaire occitan, d\u2019autres sont des adaptations de po\u00e8mes occitans du XX\u00e8me si\u00e8cle.<\/p>\n<p>Livret 20 pages avec paroles et traductions en fran\u00e7ais.<\/p>\n<p><strong>Titres :<\/strong><br \/>\n1. Baila me 3&#8217;36<br \/>\n2. La montanha deis euses blaus 2&#8217;58<br \/>\n3. La nu\u00e8it del paure 2&#8217;24<br \/>\n4. Quora vendr\u00e0 3&#8217;34<br \/>\n5. Basta l&#8217;ase 4&#8217;47<br \/>\n6. Marsejada 3&#8217;19<br \/>\n7. Deliure 3&#8217;16<br \/>\n8. Lei penjats 5&#8217;48<br \/>\n9. Ne soi segur es lo drac 10&#8217;06<\/p>\n","protected":false},"excerpt":{"rendered":"<p>Louis Pezet : Chant Hugo Collin : Saxophones t\u00e9nor et soprano Ludovic Schmidt : Trompette et Bugle Aurelio Espinoza : Basse Simon Flouret : Batterie Fer\u00e0mia est un quintet qui produit une musique r\u00e9solument \u00e9clectique qui allie des influences diverses, allant du jazz \u00e0 l\u2019\u00e9lectro en passant par le groove, la musique traditionnelle et les [&hellip;]<\/p>\n","protected":false},"featured_media":42378,"template":"","meta":{"_acf_changed":false,"_genesis_hide_title":false,"_genesis_hide_breadcrumbs":false,"_genesis_hide_singular_image":false,"_genesis_hide_footer_widgets":false,"_genesis_custom_body_class":"","_genesis_custom_post_class":"","_genesis_layout":""},"product_brand":[],"product_cat":[7221,16683],"product_tag":[],"class_list":{"0":"post-42380","1":"product","2":"type-product","3":"status-publish","4":"has-post-thumbnail","6":"product_cat-hip-hop-electro-oc","7":"product_cat-musica-oc","8":"pa_auteur-feramia-oc","9":"pa_langue-occitan-lengadocian-oc","10":"pa_langue-occitan-francais-oc","11":"entry","13":"first","14":"instock","15":"shipping-taxable","16":"purchasable","17":"product-type-simple"},"acf":[],"_links":{"self":[{"href":"https:\/\/www.libraria-occitana.org\/oc\/wp-json\/wp\/v2\/product\/42380","targetHints":{"allow":["GET"]}}],"collection":[{"href":"https:\/\/www.libraria-occitana.org\/oc\/wp-json\/wp\/v2\/product"}],"about":[{"href":"https:\/\/www.libraria-occitana.org\/oc\/wp-json\/wp\/v2\/types\/product"}],"wp:featuredmedia":[{"embeddable":true,"href":"https:\/\/www.libraria-occitana.org\/oc\/wp-json\/wp\/v2\/media\/42378"}],"wp:attachment":[{"href":"https:\/\/www.libraria-occitana.org\/oc\/wp-json\/wp\/v2\/media?parent=42380"}],"wp:term":[{"taxonomy":"product_brand","embeddable":true,"href":"https:\/\/www.libraria-occitana.org\/oc\/wp-json\/wp\/v2\/product_brand?post=42380"},{"taxonomy":"product_cat","embeddable":true,"href":"https:\/\/www.libraria-occitana.org\/oc\/wp-json\/wp\/v2\/product_cat?post=42380"},{"taxonomy":"product_tag","embeddable":true,"href":"https:\/\/www.libraria-occitana.org\/oc\/wp-json\/wp\/v2\/product_tag?post=42380"}],"curies":[{"name":"wp","href":"https:\/\/api.w.org\/{rel}","templated":true}]}}