{"id":42399,"date":"2016-11-13T18:45:49","date_gmt":"2016-11-13T17:45:49","guid":{"rendered":"http:\/\/www.libraria-occitana.org\/product\/%e2%80%89droits-linguistiques%e2%80%89-et-%e2%80%89droit-a-la-langue%e2%80%89-identification-dun-objet-detude-et-construction-dune-approche\/"},"modified":"2026-04-29T10:12:35","modified_gmt":"2026-04-29T08:12:35","slug":"droits-linguistiques-et-droit-a-la-langue-identification-dun-objet-detude-et-construction-dune-approche","status":"publish","type":"product","link":"https:\/\/www.libraria-occitana.org\/oc\/produch\/droits-linguistiques-et-droit-a-la-langue-identification-dun-objet-detude-et-construction-dune-approche\/","title":{"rendered":"\u00ab\u2009Droits linguistiques\u2009\u00bb et \u00ab\u2009droit \u00e0 la langue\u2009\u00bb : Identification d&#8217;un objet d&#8217;\u00e9tude et construction d&#8217;une approche"},"content":{"rendered":"<p>Actes du colloque international de Strasbourg les 25-26 septembre 2014 publi\u00e9s sous la direction de Ghislain Potriquet, Dominique Huck et Claude Truchot.<\/p>\n<p>La recherche sur les \u00ab\u2009droits linguistiques\u2009\u00bb et le \u00ab\u2009droit \u00e0 la langue\u2009\u00bb se fonde tr\u00e8s fr\u00e9quemment sur l\u2019id\u00e9e qu\u2019ils constituent une forme de droit sp\u00e9cifique, identifiable en lui-m\u00eame, au m\u00eame titre que les droits fondamentaux (politiques, civiques et sociaux) historiquement reconnus.<br \/>\nCet ouvrage se propose d\u2019approcher les deux d\u00e9nominations et leurs r\u00e9f\u00e9rents sous un autre angle. Que faut-il comprendre par \u00ab\u2009droits linguistiques\u2009\u00bb et par \u00ab\u2009droit \u00e0 la langue\u2009\u00bb\u2009? Comment et sous quelles formes apparaissent-ils, sans n\u00e9cessairement \u00eatre cat\u00e9goris\u00e9s comme \u00ab\u2009droits\u2009\u00bb\u2009? Ces interrogations se fondent sur l\u2019hypoth\u00e8se que le \u00ab\u2009droit \u00e0 la langue\u2009\u00bb ou les \u00ab\u2009droits linguistiques\u2009\u00bb n\u2019existent pas invariablement en tant que tels. Ils n\u2019\u00e9mergent, ne sont revendiqu\u00e9s ou formul\u00e9s que sous certaines conditions.<br \/>\nL\u2019approche historique permet de comprendre et d\u2019analyser ces conditions. L\u2019examen de la gen\u00e8se de ces droits, des conditions de leur \u00e9mergence dans le temps et dans l\u2019espace, r\u00e9v\u00e8le leur nature et leur signification sous une lumi\u00e8re nouvelle. Cette approche admet volontiers les apports d\u2019autres sciences humaines, comme la sociologie ou la philosophie. Car c\u2019est bien l\u2019histoire des soci\u00e9t\u00e9s humaines qui fa\u00e7onne l\u2019\u00e9nonciation du droit. C\u2019est pourquoi le concours de sp\u00e9cialistes d\u2019aires culturelles diverses et l\u2019apport de leurs recherches r\u00e9centes ont \u00e9t\u00e9 essentiels \u00e0 cet ouvrage.<\/p>\n<p>Contributeurs : Karlygash Abiyeva, Akin Salih, Barbier Jean-Claude, Herreras Jos\u00e9 Carlos, Huck Dominique, Kremnitz Georg, Lefranc Yannick, Oakes Leigh, Potriquet Ghislain, Raimondi Gianmario, Ridell Karin, Schneider-Mizony Odile, Truchot Claude.<br \/>\nResponsables scientifiques : Potriquet Ghislain, Huck Dominique, Truchot Claude.<br \/>\nIntroduction de Ghislain Potriquet, Claude Truchot et Dominique Huck.<\/p>\n","protected":false},"excerpt":{"rendered":"<p>Actes du colloque international de Strasbourg les 25-26 septembre 2014 publi\u00e9s sous la direction de Ghislain Potriquet, Dominique Huck et Claude Truchot. La recherche sur les \u00ab\u2009droits linguistiques\u2009\u00bb et le \u00ab\u2009droit \u00e0 la langue\u2009\u00bb se fonde tr\u00e8s fr\u00e9quemment sur l\u2019id\u00e9e qu\u2019ils constituent une forme de droit sp\u00e9cifique, identifiable en lui-m\u00eame, au m\u00eame titre que les [&hellip;]<\/p>\n","protected":false},"featured_media":42397,"template":"","meta":{"_acf_changed":false,"_genesis_hide_title":false,"_genesis_hide_breadcrumbs":false,"_genesis_hide_singular_image":false,"_genesis_hide_footer_widgets":false,"_genesis_custom_body_class":"","_genesis_custom_post_class":"","_genesis_layout":""},"product_brand":[],"product_cat":[7133,7203],"product_tag":[],"class_list":{"0":"post-42399","1":"product","2":"type-product","3":"status-publish","4":"has-post-thumbnail","6":"product_cat-libres-oc","7":"product_cat-politica-sociologia-actualitat-oc","8":"pa_auteur-collectiu-oc-2","9":"pa_auteur-huck-dominique-oc","10":"pa_auteur-potriquet-ghislain-oc","11":"pa_auteur-truchot-claude-oc","12":"pa_editeur-lambert-lucas-oc","13":"pa_langue-francais-oc","14":"entry","16":"first","17":"instock","18":"shipping-taxable","19":"purchasable","20":"product-type-simple"},"acf":[],"_links":{"self":[{"href":"https:\/\/www.libraria-occitana.org\/oc\/wp-json\/wp\/v2\/product\/42399","targetHints":{"allow":["GET"]}}],"collection":[{"href":"https:\/\/www.libraria-occitana.org\/oc\/wp-json\/wp\/v2\/product"}],"about":[{"href":"https:\/\/www.libraria-occitana.org\/oc\/wp-json\/wp\/v2\/types\/product"}],"wp:featuredmedia":[{"embeddable":true,"href":"https:\/\/www.libraria-occitana.org\/oc\/wp-json\/wp\/v2\/media\/42397"}],"wp:attachment":[{"href":"https:\/\/www.libraria-occitana.org\/oc\/wp-json\/wp\/v2\/media?parent=42399"}],"wp:term":[{"taxonomy":"product_brand","embeddable":true,"href":"https:\/\/www.libraria-occitana.org\/oc\/wp-json\/wp\/v2\/product_brand?post=42399"},{"taxonomy":"product_cat","embeddable":true,"href":"https:\/\/www.libraria-occitana.org\/oc\/wp-json\/wp\/v2\/product_cat?post=42399"},{"taxonomy":"product_tag","embeddable":true,"href":"https:\/\/www.libraria-occitana.org\/oc\/wp-json\/wp\/v2\/product_tag?post=42399"}],"curies":[{"name":"wp","href":"https:\/\/api.w.org\/{rel}","templated":true}]}}