{"id":42452,"date":"2017-05-07T13:33:57","date_gmt":"2017-05-07T11:33:57","guid":{"rendered":"http:\/\/www.libraria-occitana.org\/product\/punks-not-born\/"},"modified":"2026-04-17T01:26:35","modified_gmt":"2026-04-16T23:26:35","slug":"punks-not-born","status":"publish","type":"product","link":"https:\/\/www.libraria-occitana.org\/oc\/produch\/punks-not-born\/","title":{"rendered":"Punk&#8217;s not born"},"content":{"rendered":"<p><strong>Aimat Brees :<\/strong> Chant, cloches<br \/>\n<strong>Mat\u00e8u Vies :<\/strong> Chant, grosse caisse, \u0153uf<br \/>\n<strong>Beneset Vieu :<\/strong> Chant, cloches<\/p>\n<p>Le trio vocal Aqueles s\u2019empare des chansons de villages languedociens au temps dit de \u00ab la Belle \u00c9poque \u00bb, qu&#8217;ils interpr\u00e8tent en leur insufflant une vie nouvelle. Et de la vie, il y en a dans ces petites histoires chant\u00e9es. De l\u2019Amour, des fleurs, de la vigne et du vin, des promenades \u00e0 bicyclette et le repas du dimanche au Mazet. Mais aussi de l\u2019argent mal gagn\u00e9, des cocus, et la guerre aux Am\u00e9riques\u2026 C\u2019est tout l\u2019imaginaire languedocien de l\u2019entre-deux-guerres qui \u00e9merge de ces chansons&#8230;<\/p>\n<p>Le livret comprend les paroles des chansons en occitan et un r\u00e9sum\u00e9 en fran\u00e7ais.<\/p>\n<p><strong>Titres :<\/strong><br \/>\n1. Portem lo vin<br \/>\n2. La bicicleta<br \/>\n3. Dobai<br \/>\n4. Al temps de vend\u00e9mias<br \/>\n5. La Marcha dau Mi\u00e8gjorn<br \/>\n6. Lo vi\u00e8lh cocut<br \/>\n7. Sul camin de Canta Lauseta<br \/>\n8. Perqu\u00e9<br \/>\n9. Lo Rossinholet<br \/>\n10. La Ceseta<br \/>\n11. G\u00e9 la Fiaca<br \/>\n12. L&#8217;ase<br \/>\n13. La f\u00e8sta de l&#8217;Issanka<br \/>\n14. D\u00f2na<br \/>\n15. Filib\u00e8rt<br \/>\n16. Papeta Calhau<\/p>\n","protected":false},"excerpt":{"rendered":"<p>Aimat Brees : Chant, cloches Mat\u00e8u Vies : Chant, grosse caisse, \u0153uf Beneset Vieu : Chant, cloches Le trio vocal Aqueles s\u2019empare des chansons de villages languedociens au temps dit de \u00ab la Belle \u00c9poque \u00bb, qu&#8217;ils interpr\u00e8tent en leur insufflant une vie nouvelle. Et de la vie, il y en a dans ces petites [&hellip;]<\/p>\n","protected":false},"featured_media":42450,"template":"","meta":{"_acf_changed":false,"_genesis_hide_title":false,"_genesis_hide_breadcrumbs":false,"_genesis_hide_singular_image":false,"_genesis_hide_footer_widgets":false,"_genesis_custom_body_class":"","_genesis_custom_post_class":"","_genesis_layout":""},"product_brand":[],"product_cat":[7219,16683],"product_tag":[],"class_list":{"0":"post-42452","1":"product","2":"type-product","3":"status-publish","4":"has-post-thumbnail","6":"product_cat-chancon-oc","7":"product_cat-musica-oc","8":"pa_auteur-aqueles-oc","9":"pa_editeur-la-compagnie-du-griffe-oc","10":"pa_langue-occitan-oc","11":"pa_langue-occitan-lengadocian-oc","12":"entry","14":"first","15":"outofstock","16":"shipping-taxable","17":"purchasable","18":"product-type-simple"},"acf":[],"_links":{"self":[{"href":"https:\/\/www.libraria-occitana.org\/oc\/wp-json\/wp\/v2\/product\/42452","targetHints":{"allow":["GET"]}}],"collection":[{"href":"https:\/\/www.libraria-occitana.org\/oc\/wp-json\/wp\/v2\/product"}],"about":[{"href":"https:\/\/www.libraria-occitana.org\/oc\/wp-json\/wp\/v2\/types\/product"}],"wp:featuredmedia":[{"embeddable":true,"href":"https:\/\/www.libraria-occitana.org\/oc\/wp-json\/wp\/v2\/media\/42450"}],"wp:attachment":[{"href":"https:\/\/www.libraria-occitana.org\/oc\/wp-json\/wp\/v2\/media?parent=42452"}],"wp:term":[{"taxonomy":"product_brand","embeddable":true,"href":"https:\/\/www.libraria-occitana.org\/oc\/wp-json\/wp\/v2\/product_brand?post=42452"},{"taxonomy":"product_cat","embeddable":true,"href":"https:\/\/www.libraria-occitana.org\/oc\/wp-json\/wp\/v2\/product_cat?post=42452"},{"taxonomy":"product_tag","embeddable":true,"href":"https:\/\/www.libraria-occitana.org\/oc\/wp-json\/wp\/v2\/product_tag?post=42452"}],"curies":[{"name":"wp","href":"https:\/\/api.w.org\/{rel}","templated":true}]}}