{"id":42461,"date":"2018-07-30T15:26:45","date_gmt":"2018-07-30T13:26:45","guid":{"rendered":"http:\/\/www.libraria-occitana.org\/product\/le-grand-dictionnaire-du-limousin\/"},"modified":"2024-07-04T00:34:22","modified_gmt":"2024-07-03T22:34:22","slug":"le-grand-dictionnaire-du-limousin","status":"publish","type":"product","link":"https:\/\/www.libraria-occitana.org\/oc\/produch\/le-grand-dictionnaire-du-limousin\/","title":{"rendered":"Le grand dictionnaire du Limousin"},"content":{"rendered":"<p>C&#8217;est un dictionnaire sentimental du Limousin que propose l&#8217;historien et \u00e9crivain Laurent Bourdelas.<br \/>\nUn ouvrage d&#8217;autant plus n\u00e9cessaire que la r\u00e9gion a \u00e9t\u00e9, par un trait de plume que beaucoup ont trouv\u00e9 bien rapide, absorb\u00e9e par La Nouvelle-Aquitaine. Ce beau livre illustr\u00e9 prouve que le pays qui regroupe la Corr\u00e8ze, la Creuse et la Haute-Vienne est dot\u00e9 d&#8217;une forte et ancienne identit\u00e9, construite au fil des si\u00e8cles, par ceux qui y vivaient comme par ceux qui sont venus s&#8217;y installer, nourrie d&#8217;histoire, de culture et de nombreuses activit\u00e9s \u00e9conomiques. Si certains ont parfois remarqu\u00e9 des \u00ab archa\u00efsmes \u00bb en Limousin, l&#8217;auteur pr\u00e9f\u00e8re s&#8217;attacher \u00e0 \u00e9voquer des traditions, sans oublier toutefois que nombreuses ont, aussi, \u00e9t\u00e9 les innovations qui ont fait entrer la r\u00e9gion dans la modernit\u00e9 et l&#8217;y maintiennent.<br \/>\nAu gr\u00e9 des diverses entr\u00e9es, des articles agr\u00e9ablement \u00e9crits, Laurent Bourdelas \u2013 qui n&#8217;\u00e9vite pas toujours la pol\u00e9mique \u2013 nous brosse le tableau d&#8217;un Limousin o\u00f9 il fait bon vivre, entre villes \u00e0 taille humaine et campagne magnifique, montagnes et plaines, \u00e9tangs et rivi\u00e8res, bonnes tables et terrains de sport, mus\u00e9es et entreprises dynamiques&#8230;<\/p>\n","protected":false},"excerpt":{"rendered":"<p>C&#8217;est un dictionnaire sentimental du Limousin que propose l&#8217;historien et \u00e9crivain Laurent Bourdelas. Un ouvrage d&#8217;autant plus n\u00e9cessaire que la r\u00e9gion a \u00e9t\u00e9, par un trait de plume que beaucoup ont trouv\u00e9 bien rapide, absorb\u00e9e par La Nouvelle-Aquitaine. Ce beau livre illustr\u00e9 prouve que le pays qui regroupe la Corr\u00e8ze, la Creuse et la Haute-Vienne [&hellip;]<\/p>\n","protected":false},"featured_media":42459,"template":"","meta":{"_acf_changed":false,"_genesis_hide_title":false,"_genesis_hide_breadcrumbs":false,"_genesis_hide_singular_image":false,"_genesis_hide_footer_widgets":false,"_genesis_custom_body_class":"","_genesis_custom_post_class":"","_genesis_layout":""},"product_brand":[],"product_cat":[7199,7133,7197,7239],"product_tag":[],"class_list":{"0":"post-42461","1":"product","2":"type-product","3":"status-publish","4":"has-post-thumbnail","6":"product_cat-guides-torisme-viatge-oc","7":"product_cat-libres-oc","8":"product_cat-natura-torisme-oc","9":"product_cat-promos-oc","10":"pa_auteur-bourdelas-laurent-oc","11":"pa_editeur-geste-oc","12":"pa_langue-francais-oc","13":"entry","15":"first","16":"outofstock","17":"sale","18":"shipping-taxable","19":"purchasable","20":"product-type-simple"},"acf":[],"_links":{"self":[{"href":"https:\/\/www.libraria-occitana.org\/oc\/wp-json\/wp\/v2\/product\/42461","targetHints":{"allow":["GET"]}}],"collection":[{"href":"https:\/\/www.libraria-occitana.org\/oc\/wp-json\/wp\/v2\/product"}],"about":[{"href":"https:\/\/www.libraria-occitana.org\/oc\/wp-json\/wp\/v2\/types\/product"}],"wp:featuredmedia":[{"embeddable":true,"href":"https:\/\/www.libraria-occitana.org\/oc\/wp-json\/wp\/v2\/media\/42459"}],"wp:attachment":[{"href":"https:\/\/www.libraria-occitana.org\/oc\/wp-json\/wp\/v2\/media?parent=42461"}],"wp:term":[{"taxonomy":"product_brand","embeddable":true,"href":"https:\/\/www.libraria-occitana.org\/oc\/wp-json\/wp\/v2\/product_brand?post=42461"},{"taxonomy":"product_cat","embeddable":true,"href":"https:\/\/www.libraria-occitana.org\/oc\/wp-json\/wp\/v2\/product_cat?post=42461"},{"taxonomy":"product_tag","embeddable":true,"href":"https:\/\/www.libraria-occitana.org\/oc\/wp-json\/wp\/v2\/product_tag?post=42461"}],"curies":[{"name":"wp","href":"https:\/\/api.w.org\/{rel}","templated":true}]}}