{"id":42470,"date":"2018-02-28T18:23:27","date_gmt":"2018-02-28T17:23:27","guid":{"rendered":"http:\/\/www.libraria-occitana.org\/product\/camin\/"},"modified":"2026-04-10T01:42:01","modified_gmt":"2026-04-09T23:42:01","slug":"camin","status":"publish","type":"product","link":"https:\/\/www.libraria-occitana.org\/oc\/produch\/camin\/","title":{"rendered":"Camin"},"content":{"rendered":"<p>Philippe Vialard est n\u00e9 sur l&#8217;Aubrac, il revendique cette origine. L&#8217;occitan est une de ses langues maternelles. Toute sa famille le parle encore aujourd&#8217;hui.<br \/>\nIl fait ses \u00e9tudes musicales \u00e0 Paris. L\u00e0, il prend conscience de l&#8217;importance de la langue occitane pour ses racines. Il commence donc \u00e0 retrouver intacts dans sa m\u00e9moire des airs traditionnels de son enfance qu&#8217;il chante \u00e0 nouveau et arrange ; puis il en vient tout naturellement \u00e0 cr\u00e9er des chansons sur des textes d&#8217;auteurs contemporains.<br \/>\nIl a publi\u00e9 plusieurs albums,\u00a0\u00ab Camin \u00bb est le dernier.<\/p>\n<p><strong>Titres :<\/strong><br \/>\n1. Lo raj\u00f2l jos la figui\u00e8ra<br \/>\n2. Lo galerian<br \/>\n3. Mal d&#8217;amor<br \/>\n4. La Sobeirana<br \/>\n5. Amb sos u\u00e8lhs<br \/>\n6. N\u00f2stre pa\u00eds<br \/>\n7. L&#8217;autre jorn dins l&#8217;\u00f2rt<br \/>\n8. Lo boi\u00e8r<br \/>\n9. T\u00e8rra d&#8217;Aubrac<br \/>\n10. Lo jorn e la nu\u00e8it<br \/>\n11. Complencha de la b\u00e8stia<br \/>\n12. Camin<\/p>\n<p>13. Titre bonus : T\u00e8rra d&#8217;Aubrac (enregistr\u00e9 en public)<\/p>\n","protected":false},"excerpt":{"rendered":"<p>Philippe Vialard est n\u00e9 sur l&#8217;Aubrac, il revendique cette origine. L&#8217;occitan est une de ses langues maternelles. Toute sa famille le parle encore aujourd&#8217;hui. Il fait ses \u00e9tudes musicales \u00e0 Paris. L\u00e0, il prend conscience de l&#8217;importance de la langue occitane pour ses racines. Il commence donc \u00e0 retrouver intacts dans sa m\u00e9moire des airs [&hellip;]<\/p>\n","protected":false},"featured_media":42468,"template":"","meta":{"_acf_changed":false,"_genesis_hide_title":false,"_genesis_hide_breadcrumbs":false,"_genesis_hide_singular_image":false,"_genesis_hide_footer_widgets":false,"_genesis_custom_body_class":"","_genesis_custom_post_class":"","_genesis_layout":""},"product_brand":[],"product_cat":[7219,16683],"product_tag":[],"class_list":{"0":"post-42470","1":"product","2":"type-product","3":"status-publish","4":"has-post-thumbnail","6":"product_cat-chancon-oc","7":"product_cat-musica-oc","8":"pa_auteur-vialard-philippe-oc","9":"pa_editeur-pahaska-production-oc","10":"pa_langue-occitan-oc","11":"pa_langue-occitan-lengadocian-oc","12":"entry","14":"first","15":"instock","16":"shipping-taxable","17":"purchasable","18":"product-type-simple"},"acf":[],"_links":{"self":[{"href":"https:\/\/www.libraria-occitana.org\/oc\/wp-json\/wp\/v2\/product\/42470","targetHints":{"allow":["GET"]}}],"collection":[{"href":"https:\/\/www.libraria-occitana.org\/oc\/wp-json\/wp\/v2\/product"}],"about":[{"href":"https:\/\/www.libraria-occitana.org\/oc\/wp-json\/wp\/v2\/types\/product"}],"wp:featuredmedia":[{"embeddable":true,"href":"https:\/\/www.libraria-occitana.org\/oc\/wp-json\/wp\/v2\/media\/42468"}],"wp:attachment":[{"href":"https:\/\/www.libraria-occitana.org\/oc\/wp-json\/wp\/v2\/media?parent=42470"}],"wp:term":[{"taxonomy":"product_brand","embeddable":true,"href":"https:\/\/www.libraria-occitana.org\/oc\/wp-json\/wp\/v2\/product_brand?post=42470"},{"taxonomy":"product_cat","embeddable":true,"href":"https:\/\/www.libraria-occitana.org\/oc\/wp-json\/wp\/v2\/product_cat?post=42470"},{"taxonomy":"product_tag","embeddable":true,"href":"https:\/\/www.libraria-occitana.org\/oc\/wp-json\/wp\/v2\/product_tag?post=42470"}],"curies":[{"name":"wp","href":"https:\/\/api.w.org\/{rel}","templated":true}]}}