{"id":42483,"date":"2015-07-31T12:04:06","date_gmt":"2015-07-31T10:04:06","guid":{"rendered":"http:\/\/www.libraria-occitana.org\/product\/jazz-manouche-occitan\/"},"modified":"2026-04-25T02:42:02","modified_gmt":"2026-04-25T00:42:02","slug":"jazz-manouche-occitan","status":"publish","type":"product","link":"https:\/\/www.libraria-occitana.org\/oc\/produch\/jazz-manouche-occitan\/","title":{"rendered":"Jazz manouche occitan"},"content":{"rendered":"<p><strong>Symon Savignoni :<\/strong> Guitare solo<br \/>\n<strong>Jacques Bernard :<\/strong> Contrebasse<br \/>\n<strong>Sam Guasch :<\/strong> Guitare rythmique<br \/>\n<strong>Lo papet, Bernard Cauhap\u00e9 :<\/strong> Chant<\/p>\n<p>Du jazz manouche aux accents du Sud pourquoi pas, toutes les langues se valent, l\u2019occitan swingue tout autant que l\u2019italien, l\u2019espagnol, le bambara. Symon, Sam et Jacques invitent lo Papet, alias Cauhap\u00e9 \u00e0 chanter les textes revisit\u00e9s par l\u2019\u00e9crivain Robert Marti. Le tango tango devient Pinga Panga, le Just a gigolo fait son num\u00e9ro, et rou la la, bouteille sur bouteille on ne reste pas indiff\u00e9rent \u00e0 la c\u00e9l\u00e8bre \u00ab Montagne Sainte Genevi\u00e8ve \u00bb<br \/>\nLes trois jeunes musiciens font vibrer leurs cordes. Dans cette formule de trio \u00e0 quatre, \u00e7a groove le patois, pulse l\u2019accent tonique.<\/p>\n<p><strong>Titres :<\/strong><br \/>\n1. Soi pas qu&#8217;un gigolo (Casucci Nello \/ Julius Brammer) 3&#8217;17<br \/>\n2. De qu&#8217;esperam per \u00e8sser f\u00f2ls (Paul Misraki \/ Andr\u00e9 Hornez) 2&#8217;55<br \/>\n3. Planh per \u00e8sser enterrat sus la plaja de S\u00e8ta (Georges Brassens) 3&#8217;55<br \/>\n4. Nuech de Nadal (Pedro Maffia \/ Jorge Curi) 4&#8217;35<br \/>\n5. Lo berret (Jean-Sylvain Savignoni \/ Jaumes Privat) 4&#8217;01<br \/>\n6. Brazil (Ari Barroso) 4&#8217;18<br \/>\n7. Duke e Dukie (Django Reinhart \/ Bernat Cauhape) 4&#8217;56<\/p>\n","protected":false},"excerpt":{"rendered":"<p>Symon Savignoni : Guitare solo Jacques Bernard : Contrebasse Sam Guasch : Guitare rythmique Lo papet, Bernard Cauhap\u00e9 : Chant Du jazz manouche aux accents du Sud pourquoi pas, toutes les langues se valent, l\u2019occitan swingue tout autant que l\u2019italien, l\u2019espagnol, le bambara. Symon, Sam et Jacques invitent lo Papet, alias Cauhap\u00e9 \u00e0 chanter les [&hellip;]<\/p>\n","protected":false},"featured_media":42481,"template":"","meta":{"_acf_changed":false,"_genesis_hide_title":false,"_genesis_hide_breadcrumbs":false,"_genesis_hide_singular_image":false,"_genesis_hide_footer_widgets":false,"_genesis_custom_body_class":"","_genesis_custom_post_class":"","_genesis_layout":""},"product_brand":[],"product_cat":[13695,16683],"product_tag":[],"class_list":{"0":"post-42483","1":"product","2":"type-product","3":"status-publish","4":"has-post-thumbnail","6":"product_cat-jazz-oc","7":"product_cat-musica-oc","8":"pa_auteur-savignoni-trio-e-lo-papet-oc","9":"pa_editeur-c-a-m-o-m-oc","10":"pa_langue-occitan-oc","11":"pa_langue-occitan-lengadocian-oc","12":"entry","14":"first","15":"instock","16":"shipping-taxable","17":"purchasable","18":"product-type-simple"},"acf":[],"_links":{"self":[{"href":"https:\/\/www.libraria-occitana.org\/oc\/wp-json\/wp\/v2\/product\/42483","targetHints":{"allow":["GET"]}}],"collection":[{"href":"https:\/\/www.libraria-occitana.org\/oc\/wp-json\/wp\/v2\/product"}],"about":[{"href":"https:\/\/www.libraria-occitana.org\/oc\/wp-json\/wp\/v2\/types\/product"}],"wp:featuredmedia":[{"embeddable":true,"href":"https:\/\/www.libraria-occitana.org\/oc\/wp-json\/wp\/v2\/media\/42481"}],"wp:attachment":[{"href":"https:\/\/www.libraria-occitana.org\/oc\/wp-json\/wp\/v2\/media?parent=42483"}],"wp:term":[{"taxonomy":"product_brand","embeddable":true,"href":"https:\/\/www.libraria-occitana.org\/oc\/wp-json\/wp\/v2\/product_brand?post=42483"},{"taxonomy":"product_cat","embeddable":true,"href":"https:\/\/www.libraria-occitana.org\/oc\/wp-json\/wp\/v2\/product_cat?post=42483"},{"taxonomy":"product_tag","embeddable":true,"href":"https:\/\/www.libraria-occitana.org\/oc\/wp-json\/wp\/v2\/product_tag?post=42483"}],"curies":[{"name":"wp","href":"https:\/\/api.w.org\/{rel}","templated":true}]}}