{"id":42503,"date":"2014-10-01T19:38:27","date_gmt":"2014-10-01T17:38:27","guid":{"rendered":"http:\/\/www.libraria-occitana.org\/product\/me-fas-caga-la-guerre-en-occitan\/"},"modified":"2026-04-29T10:11:18","modified_gmt":"2026-04-29T08:11:18","slug":"me-fas-caga-la-guerre-en-occitan","status":"publish","type":"product","link":"https:\/\/www.libraria-occitana.org\/oc\/produch\/me-fas-caga-la-guerre-en-occitan\/","title":{"rendered":"Me fas cag\u00e0 : La guerre en occitan"},"content":{"rendered":"<p>La correspondance de guerre de Louis Bonfils, dit \u00ab Filhou\u00a0\u00bb avec son ami Pierre Az\u00e9ma, deux jeunes intellectuels de Montpellier, entre 1914 et 1916.<\/p>\n<p>Comme Louis Bonfils, officier du XVI\u00e8me corps, de tr\u00e8s nombreux soldats fran\u00e7ais de la Grande Guerre s\u2019exprimaient quotidiennement dans une langue r\u00e9gionale, mais les \u00e9crits restent rares. Cette correspondance est la seule connue int\u00e9gralement r\u00e9dig\u00e9e en occitan.<\/p>\n<p>F\u00e9libre \u00e9nergique, engag\u00e9 et grande gueule, \u00ab l&#8217;oufici\u00e8 lou mai emmerdant de touta la divisioun\u00a0\u00bb est cit\u00e9 pour bravoure un jour, et pass\u00e9 en conseil de guerre un autre (pour avoir pris \u00e0 partie son sup\u00e9rieur qui insultait les soldats du midi). Bonfils veut donner une vision r\u00e9aliste de la v\u00e9rit\u00e9 du front. Il exhorte ses \u00ab pays \u00bb \u00e0 la fiert\u00e9 et au courage et surtout \u00e0 continuer \u00e0 parler occitan : \u00ab es pas en francimand que pourr\u00e8s vous rapel\u00e0 das bords dau Rose ou das serres de las Cevenas. \u00bb<br \/>\nIl raconte la guerre, les permissions \u00ab av\u00e8n ben manjat, ben begut, parlat en lenga&#8230; \u00bb et les visions horribles des cadavres des deux camps : \u00ab Pos creire que, quoura pense \u00e0-m-ac\u00f2, soui encara boulegat. \u00bb<\/p>\n<p>Tomb\u00e9 au front en 1918, il ne fait pas de doute qu\u2019il a dit \u00e0 la mort ce qu\u2019il disait \u00e0 ceux de ses sup\u00e9rieurs ou coll\u00e8gues qui l\u2019importunaient : Me fas cag\u00e0 !<\/p>\n<p>Pr\u00e9sentation de la correspondance en fran\u00e7ais par Guy Barral. Les lettres sont reproduites en occitan (pas de traduction fran\u00e7aise).<\/p>\n","protected":false},"excerpt":{"rendered":"<p>La correspondance de guerre de Louis Bonfils, dit \u00ab Filhou\u00a0\u00bb avec son ami Pierre Az\u00e9ma, deux jeunes intellectuels de Montpellier, entre 1914 et 1916. Comme Louis Bonfils, officier du XVI\u00e8me corps, de tr\u00e8s nombreux soldats fran\u00e7ais de la Grande Guerre s\u2019exprimaient quotidiennement dans une langue r\u00e9gionale, mais les \u00e9crits restent rares. Cette correspondance est la [&hellip;]<\/p>\n","protected":false},"featured_media":42501,"template":"","meta":{"_acf_changed":false,"_genesis_hide_title":false,"_genesis_hide_breadcrumbs":false,"_genesis_hide_singular_image":false,"_genesis_hide_footer_widgets":false,"_genesis_custom_body_class":"","_genesis_custom_post_class":"","_genesis_layout":""},"product_brand":[],"product_cat":[7159,7149,7133,7175,7187],"product_tag":[],"class_list":{"0":"post-42503","1":"product","2":"type-product","3":"status-publish","4":"has-post-thumbnail","6":"product_cat-istoria-moderna-e-contemporala-oc","7":"product_cat-istoria-geografia-oc","8":"product_cat-libres-oc","9":"product_cat-literatura-oc","10":"product_cat-temonhatges-memoris-oc","11":"pa_auteur-bonfils-louis-oc","12":"pa_editeur-editions-ampelos-oc","13":"pa_langue-francais-oc","14":"pa_langue-occitan-oc","15":"pa_langue-occitan-lengadocian-oc","16":"entry","18":"first","19":"outofstock","20":"shipping-taxable","21":"purchasable","22":"product-type-simple"},"acf":[],"_links":{"self":[{"href":"https:\/\/www.libraria-occitana.org\/oc\/wp-json\/wp\/v2\/product\/42503","targetHints":{"allow":["GET"]}}],"collection":[{"href":"https:\/\/www.libraria-occitana.org\/oc\/wp-json\/wp\/v2\/product"}],"about":[{"href":"https:\/\/www.libraria-occitana.org\/oc\/wp-json\/wp\/v2\/types\/product"}],"wp:featuredmedia":[{"embeddable":true,"href":"https:\/\/www.libraria-occitana.org\/oc\/wp-json\/wp\/v2\/media\/42501"}],"wp:attachment":[{"href":"https:\/\/www.libraria-occitana.org\/oc\/wp-json\/wp\/v2\/media?parent=42503"}],"wp:term":[{"taxonomy":"product_brand","embeddable":true,"href":"https:\/\/www.libraria-occitana.org\/oc\/wp-json\/wp\/v2\/product_brand?post=42503"},{"taxonomy":"product_cat","embeddable":true,"href":"https:\/\/www.libraria-occitana.org\/oc\/wp-json\/wp\/v2\/product_cat?post=42503"},{"taxonomy":"product_tag","embeddable":true,"href":"https:\/\/www.libraria-occitana.org\/oc\/wp-json\/wp\/v2\/product_tag?post=42503"}],"curies":[{"name":"wp","href":"https:\/\/api.w.org\/{rel}","templated":true}]}}