{"id":42530,"date":"2018-08-02T18:18:27","date_gmt":"2018-08-02T16:18:27","guid":{"rendered":"http:\/\/www.libraria-occitana.org\/product\/paquet-20-cartes-postales-aquarelles-le-chemin-de-compostelle-la-via-tolosana\/"},"modified":"2026-04-29T07:06:41","modified_gmt":"2026-04-29T05:06:41","slug":"paquet-20-cartes-postales-aquarelles-le-chemin-de-compostelle-la-via-tolosana","status":"publish","type":"product","link":"https:\/\/www.libraria-occitana.org\/oc\/produch\/paquet-20-cartes-postales-aquarelles-le-chemin-de-compostelle-la-via-tolosana\/","title":{"rendered":"Paquet 20 cartes postales Aquarelles Le chemin de Compostelle \u00ab La via tolosana \u00bb"},"content":{"rendered":"<p>Depuis Arles jusqu&#8217;\u00e0 Jaca :<\/p>\n<p>1. \u00c9cole de dessin &#8211; St Gilles<br \/>\n2. St Guilhem-le-D\u00e9sert<br \/>\n3. Le Bousquet d&#8217;Orb<br \/>\n4. Murat\/V\u00e8bre<br \/>\n5.\u00a0Murat\/V\u00e8bre<br \/>\n6. Boissezon<br \/>\n7. Boissezon<br \/>\n8. Toulouse<br \/>\n9. L&#8217;Isle Jourdain<br \/>\n10.\u00a0L&#8217;Isle Jourdain<br \/>\n11. Giscaro<br \/>\n12. L&#8217;Isle-Arnay<br \/>\n13. Auch<br \/>\n14. Auch<br \/>\n15. Morlaas<br \/>\n16. Lescar<br \/>\n17. Oloron<br \/>\n18. Sarrance<br \/>\n19. Canfranc-Estaci\u00f3n<br \/>\n20. Jaca<\/p>\n","protected":false},"excerpt":{"rendered":"<p>Depuis Arles jusqu&#8217;\u00e0 Jaca : 1. \u00c9cole de dessin &#8211; St Gilles 2. St Guilhem-le-D\u00e9sert 3. Le Bousquet d&#8217;Orb 4. Murat\/V\u00e8bre 5.\u00a0Murat\/V\u00e8bre 6. Boissezon 7. Boissezon 8. Toulouse 9. L&#8217;Isle Jourdain 10.\u00a0L&#8217;Isle Jourdain 11. Giscaro 12. L&#8217;Isle-Arnay 13. Auch 14. Auch 15. Morlaas 16. Lescar 17. Oloron 18. Sarrance 19. Canfranc-Estaci\u00f3n 20. Jaca<\/p>\n","protected":false},"featured_media":42527,"template":"","meta":{"_acf_changed":false,"_genesis_hide_title":false,"_genesis_hide_breadcrumbs":false,"_genesis_hide_singular_image":false,"_genesis_hide_footer_widgets":false,"_genesis_custom_body_class":"","_genesis_custom_post_class":"","_genesis_layout":""},"product_brand":[],"product_cat":[7131],"product_tag":[],"class_list":{"0":"post-42530","1":"product","2":"type-product","3":"status-publish","4":"has-post-thumbnail","6":"product_cat-autre-oc","7":"pa_auteur-garcia-jean-paul-oc","8":"pa_editeur-les-editions-du-chant-de-letoile-oc","9":"pa_langue-francais-oc","10":"entry","12":"first","13":"outofstock","14":"shipping-taxable","15":"purchasable","16":"product-type-simple"},"acf":[],"_links":{"self":[{"href":"https:\/\/www.libraria-occitana.org\/oc\/wp-json\/wp\/v2\/product\/42530","targetHints":{"allow":["GET"]}}],"collection":[{"href":"https:\/\/www.libraria-occitana.org\/oc\/wp-json\/wp\/v2\/product"}],"about":[{"href":"https:\/\/www.libraria-occitana.org\/oc\/wp-json\/wp\/v2\/types\/product"}],"wp:featuredmedia":[{"embeddable":true,"href":"https:\/\/www.libraria-occitana.org\/oc\/wp-json\/wp\/v2\/media\/42527"}],"wp:attachment":[{"href":"https:\/\/www.libraria-occitana.org\/oc\/wp-json\/wp\/v2\/media?parent=42530"}],"wp:term":[{"taxonomy":"product_brand","embeddable":true,"href":"https:\/\/www.libraria-occitana.org\/oc\/wp-json\/wp\/v2\/product_brand?post=42530"},{"taxonomy":"product_cat","embeddable":true,"href":"https:\/\/www.libraria-occitana.org\/oc\/wp-json\/wp\/v2\/product_cat?post=42530"},{"taxonomy":"product_tag","embeddable":true,"href":"https:\/\/www.libraria-occitana.org\/oc\/wp-json\/wp\/v2\/product_tag?post=42530"}],"curies":[{"name":"wp","href":"https:\/\/api.w.org\/{rel}","templated":true}]}}