{"id":42545,"date":"2018-07-13T20:09:26","date_gmt":"2018-07-13T18:09:26","guid":{"rendered":"http:\/\/www.libraria-occitana.org\/product\/bohaussac-cornemuse-traditionnelle-des-landes-de-gascogne\/"},"modified":"2026-04-20T02:36:10","modified_gmt":"2026-04-20T00:36:10","slug":"bohaussac-cornemuse-traditionnelle-des-landes-de-gascogne","status":"publish","type":"product","link":"https:\/\/www.libraria-occitana.org\/oc\/produch\/bohaussac-cornemuse-traditionnelle-des-landes-de-gascogne\/","title":{"rendered":"Bohaussac : Cornemuse traditionnelle des Landes de Gascogne"},"content":{"rendered":"<p><strong>Arnaud Bibonne :<\/strong> Bohaussac<br \/>\n<strong>Invit\u00e9s :<\/strong> Marthe Tourret (violon), Lucien Pillot (vielle a\u0300 roue), Camille Raibaud (violon), Simon Guillaumin (vielle a\u0300 roue), Jacques Baudoin (violon), Marcel P\u00e9r\u00e8s (orgue)<\/p>\n<p>Arnaud Bibonne, grand joueur de boha, la cornemuse des landes de Gascogne, \u00e9prouve un jour une immense \u00e9motion : la d\u00e9couverte du son des cornemuses anciennes des landes de Gascogne, au temp\u00e9rament in\u00e9gal, que Jacques Baudoin propose d\u2019appeler bohaussac, pour la diff\u00e9rencier de la boha, mot qu\u2019il r\u00e9serve aux instruments temp\u00e9r\u00e9s issus du renouveau folk des ann\u00e9es 1970.<br \/>\nAttention ! Cette \u00e9motion est contagieuse\u2026<\/p>\n<p>Traditionnel : Gascogne (24 titres) ; Composition : Arnaud Bibonne (1 titre)<br \/>\nLivret 32 pages. Indication des sources.<\/p>\n<p><strong>Titres :<\/strong><br \/>\n1. Trempatz la sopa los cosin\u00e8irs (Valse) 1&#8217;49<br \/>\n2. Au jardin de mon pair bon viva l\u2019amor, que i a nau irang\u00e8rs \/ Rondeau d\u2019apr\u00e8s Fernand Tarrit (Suite de Rondeaux) 3&#8217;25<br \/>\n3. Mazurka d\u2019apr\u00e8s Ernest Lurde (Mazurka) 3&#8217;50<br \/>\n4. Los esclops de le Catrineta lo bon Diu que les i\u2019a crompats (Rondeau) 3&#8217;19<br \/>\n5. Trop trop s\u2019i\u00e8ra luuat lo moine (Valse) 2&#8217;45<br \/>\n6. Marche nuptiale \/ Courante d\u2019apr\u00e8s Fernand Tarrit (Courante) 3&#8217;10<br \/>\n7. A l\u2019entorn de ma maison \/ Devath lo p\u00e8 n\u2019\u00e8i nau junquets (Suite de Rondeaux) 2&#8217;46<br \/>\n8. Com canter\u00e0 lo m\u00e8rle se n\u2019a pas b\u00e8c \/ Las damas deu borg s\u2019i an jogat tot l\u2019argent \/ Guard\u00e8vi nau vacas (Suite de Rondeaux) 3&#8217;03<br \/>\n9. Scottish d\u2019apr\u00e8s Lothaire Mabru (Scottish) 3&#8217;14<br \/>\n10. Borregada d\u2019apr\u00e8s L\u00e9a Saint-P\u00e9 (Borregada) 1&#8217;11<br \/>\n11. Valse d\u2019apr\u00e8s Lothaire Mabru (Valse) 3&#8217;12<br \/>\n12. Tricotet a l\u2019aiga a l\u2019aiga \/ Caterineta deu peu ro (Suite de Rondeaux) 1&#8217;59<br \/>\n13. En \u2018questa dan\u00e7a ne n\u2019\u00e8m que nau (Rondeau) 2&#8217;33<br \/>\n14. A la borda qu\u2019i a nau pans (Rondeau) 2&#8217;47<br \/>\n15. Nos n\u2019\u00e8ram nau ahromigas (Rondeau) 2&#8217;21<br \/>\n16. Valse \u00e0 l\u2019orpheline (Valse) 2&#8217;35<br \/>\n17. Dens la chap\u00e8la i a un b\u00e8th arram i a un b\u00e8th arram nau anjolics \/Lo moine qu\u2019a nau vacotas \/ L\u2019ahromiga m\u2019i nhaca lo p\u00e8 (M\u00e9lodie \/ Rondeaux) 5&#8217;27<\/p>\n","protected":false},"excerpt":{"rendered":"<p>Arnaud Bibonne : Bohaussac Invit\u00e9s : Marthe Tourret (violon), Lucien Pillot (vielle a\u0300 roue), Camille Raibaud (violon), Simon Guillaumin (vielle a\u0300 roue), Jacques Baudoin (violon), Marcel P\u00e9r\u00e8s (orgue) Arnaud Bibonne, grand joueur de boha, la cornemuse des landes de Gascogne, \u00e9prouve un jour une immense \u00e9motion : la d\u00e9couverte du son des cornemuses anciennes des [&hellip;]<\/p>\n","protected":false},"featured_media":42540,"template":"","meta":{"_acf_changed":false,"_genesis_hide_title":false,"_genesis_hide_breadcrumbs":false,"_genesis_hide_singular_image":false,"_genesis_hide_footer_widgets":false,"_genesis_custom_body_class":"","_genesis_custom_post_class":"","_genesis_layout":""},"product_brand":[],"product_cat":[16683,7229],"product_tag":[],"class_list":{"0":"post-42545","1":"product","2":"type-product","3":"status-publish","4":"has-post-thumbnail","6":"product_cat-musica-oc","7":"product_cat-novela-tradicion-oc","8":"pa_auteur-bibonne-arnaud-oc","9":"pa_editeur-aepem-oc","10":"pa_langue-occitan-oc","11":"pa_langue-occitan-gascon-oc","12":"entry","14":"first","15":"instock","16":"shipping-taxable","17":"purchasable","18":"product-type-simple"},"acf":[],"_links":{"self":[{"href":"https:\/\/www.libraria-occitana.org\/oc\/wp-json\/wp\/v2\/product\/42545","targetHints":{"allow":["GET"]}}],"collection":[{"href":"https:\/\/www.libraria-occitana.org\/oc\/wp-json\/wp\/v2\/product"}],"about":[{"href":"https:\/\/www.libraria-occitana.org\/oc\/wp-json\/wp\/v2\/types\/product"}],"wp:featuredmedia":[{"embeddable":true,"href":"https:\/\/www.libraria-occitana.org\/oc\/wp-json\/wp\/v2\/media\/42540"}],"wp:attachment":[{"href":"https:\/\/www.libraria-occitana.org\/oc\/wp-json\/wp\/v2\/media?parent=42545"}],"wp:term":[{"taxonomy":"product_brand","embeddable":true,"href":"https:\/\/www.libraria-occitana.org\/oc\/wp-json\/wp\/v2\/product_brand?post=42545"},{"taxonomy":"product_cat","embeddable":true,"href":"https:\/\/www.libraria-occitana.org\/oc\/wp-json\/wp\/v2\/product_cat?post=42545"},{"taxonomy":"product_tag","embeddable":true,"href":"https:\/\/www.libraria-occitana.org\/oc\/wp-json\/wp\/v2\/product_tag?post=42545"}],"curies":[{"name":"wp","href":"https:\/\/api.w.org\/{rel}","templated":true}]}}