{"id":42582,"date":"2016-08-03T17:10:23","date_gmt":"2016-08-03T15:10:23","guid":{"rendered":"http:\/\/www.libraria-occitana.org\/product\/bodega-en-viatge-2-cd\/"},"modified":"2026-04-29T02:31:10","modified_gmt":"2026-04-29T00:31:10","slug":"bodega-en-viatge-2-cd","status":"publish","type":"product","link":"https:\/\/www.libraria-occitana.org\/oc\/produch\/bodega-en-viatge-2-cd\/","title":{"rendered":"Bodega en viatge (2 CD)"},"content":{"rendered":"<p>\u00ab Apu\u00e8i la publicacion del DVD doble <em>Bodega buf de vida !<\/em>, Desiri partetjar u\u00e8i los rencontres variats a l'enc\u00f2p professionals e umans que m'an bastits. Atal descobriretz al fial d'aqueles dos CD mon trabalh al dintre de formacions coma Montanha Negra, Rasim do\u00e7 (amb P\u00e8ire Boissi\u00e8re e Coco Le Meur), lo Bal du Griffe (amb Laurent Audemard, Aimat Brees e Mat\u00e8u Vies), lo Du\u00f2 Nadalenc (amb Aimat Brees) o encara Une Anche Passe ; mas tanben la resulta d'un trabalh mai pedagogic amb l'Esc\u00f2la de Bodega o Mar e Montanha.<\/p>\n<p>I traparetz tanben l'illustracion del collectatge de Carbonada (Lo\u00eds Mas) pel Didi\u00e8r Olive o encara d'unas raras tra\u00e7as escritas sus l'instrument gr\u00e0cias a sonets del Prosp\u00e8r Estiu dichs pel Claudi Marti. Lo viatge prendr\u00e0 c\u00f2s pels diferents rencontres faits per la bodega e que li balh\u00e8ron l'escasen\u00e7a de descobrir monds diferents e culturas variadas atal coma las fecas del carnaval de Lim\u00f3s, la gaita galiciana o la zampogna calabresa per parlar sonque d'aqueles. Mas lo que viatja part\u00eds d'en c\u00f2 el e p\u00f2rta son repert\u00f2ri pr\u00f2pri que ser\u00e0 evoquat notament dins un conte en lenga n\u00f2stra illustrat musicalament.\u00a0\u00bb<\/p>\n<p>2 CD, 46 titres.<\/p>\n","protected":false},"excerpt":{"rendered":"<p>\u00ab Apu\u00e8i la publicacion del DVD doble Bodega buf de vida !, Desiri partetjar u\u00e8i los rencontres variats a l&#8217;enc\u00f2p professionals e umans que m&#8217;an bastits. Atal descobriretz al fial d&#8217;aqueles dos CD mon trabalh al dintre de formacions coma Montanha Negra, Rasim do\u00e7 (amb P\u00e8ire Boissi\u00e8re e Coco Le Meur), lo Bal du Griffe [&hellip;]<\/p>\n","protected":false},"featured_media":42577,"template":"","meta":{"_acf_changed":false,"_genesis_hide_title":false,"_genesis_hide_breadcrumbs":false,"_genesis_hide_singular_image":false,"_genesis_hide_footer_widgets":false,"_genesis_custom_body_class":"","_genesis_custom_post_class":"","_genesis_layout":""},"product_brand":[],"product_cat":[16683,7229],"product_tag":[],"class_list":{"0":"post-42582","1":"product","2":"type-product","3":"status-publish","4":"has-post-thumbnail","6":"product_cat-musica-oc","7":"product_cat-novela-tradicion-oc","8":"pa_auteur-jacques-sophie-oc","9":"pa_editeur-coquina-mesclanha-latina-oc","10":"pa_langue-occitan-oc","11":"pa_langue-occitan-lengadocian-oc","12":"entry","14":"first","15":"instock","16":"shipping-taxable","17":"purchasable","18":"product-type-simple"},"acf":[],"_links":{"self":[{"href":"https:\/\/www.libraria-occitana.org\/oc\/wp-json\/wp\/v2\/product\/42582","targetHints":{"allow":["GET"]}}],"collection":[{"href":"https:\/\/www.libraria-occitana.org\/oc\/wp-json\/wp\/v2\/product"}],"about":[{"href":"https:\/\/www.libraria-occitana.org\/oc\/wp-json\/wp\/v2\/types\/product"}],"wp:featuredmedia":[{"embeddable":true,"href":"https:\/\/www.libraria-occitana.org\/oc\/wp-json\/wp\/v2\/media\/42577"}],"wp:attachment":[{"href":"https:\/\/www.libraria-occitana.org\/oc\/wp-json\/wp\/v2\/media?parent=42582"}],"wp:term":[{"taxonomy":"product_brand","embeddable":true,"href":"https:\/\/www.libraria-occitana.org\/oc\/wp-json\/wp\/v2\/product_brand?post=42582"},{"taxonomy":"product_cat","embeddable":true,"href":"https:\/\/www.libraria-occitana.org\/oc\/wp-json\/wp\/v2\/product_cat?post=42582"},{"taxonomy":"product_tag","embeddable":true,"href":"https:\/\/www.libraria-occitana.org\/oc\/wp-json\/wp\/v2\/product_tag?post=42582"}],"curies":[{"name":"wp","href":"https:\/\/api.w.org\/{rel}","templated":true}]}}