{"id":42747,"date":"2018-08-05T11:13:16","date_gmt":"2018-08-05T09:13:16","guid":{"rendered":"http:\/\/www.libraria-occitana.org\/?post_type=product&#038;p=42747"},"modified":"2026-04-29T07:22:00","modified_gmt":"2026-04-29T05:22:00","slug":"carnets-de-guerre-et-de-captivite","status":"publish","type":"product","link":"https:\/\/www.libraria-occitana.org\/oc\/produch\/carnets-de-guerre-et-de-captivite\/","title":{"rendered":"Carnets de guerre et de captivit\u00e9"},"content":{"rendered":"<p>\u00ab Nous le savons bien que ce n&#8217;est pas l&#8217;Allemagne et la France qui se battent, mais bien une certaine Allemagne qui a su imposer la guerre, et une certaine France qui n&#8217;a pas su imposer la paix. Ici et l\u00e0 il n&#8217;y a pas assez de gens pour r\u00e9sister aux pr\u00e9jug\u00e9s ; aussi ne nous r\u00e9tractons pas, ma petite. Au contraire. Ne couvrons pas la guerre immonde d&#8217;un beau voile \u00e9clatant, laissons-nous p\u00e9n\u00e9trer de son horreur.<br \/>\nSi jamais nous avons le droit d&#8217;\u00eatre pacifistes, ce sera bien lorsque nous aurons risqu\u00e9 tous les deux notre vie \u00e0 la guerre ; ma petite, le soir tombe sur notre No\u00ebl 1914.<br \/>\nJe te donne un grave baiser. \u00bb<\/p>\n<p>Surtout connu comme linguiste, Jules Marouzeau avait \u00e9crit ces <em>Carnets<\/em> au cours des combats de 1914-15 et de la captivit\u00e9 qui s\u2019en suivit. Le lecteur d\u00e9couvrira une vision particuli\u00e8re de la vie dans les tranch\u00e9es puisque l\u2019auteur s\u2019adresse \u00e0 son \u00e9pouse d\u2019origine allemande ce qui donne un relief particulier \u00e0 sa r\u00e9flexion lucide. Un texte d\u2019int\u00e9r\u00eat historique mais aussi litt\u00e9raire, soutenu par l\u2019affect et une analyse tr\u00e8s moderne des \u00e9v\u00e9nements dans lesquels l\u2019auteur se trouve plong\u00e9. Texte accompagn\u00e9 de dessins de l\u2019auteur et de photos d\u2019\u00e9poque.<\/p>\n<p>\u00c9dition pr\u00e9sent\u00e9e par Daniel Dayen.<\/p>\n","protected":false},"excerpt":{"rendered":"<p>\u00ab Nous le savons bien que ce n&#8217;est pas l&#8217;Allemagne et la France qui se battent, mais bien une certaine Allemagne qui a su imposer la guerre, et une certaine France qui n&#8217;a pas su imposer la paix. Ici et l\u00e0 il n&#8217;y a pas assez de gens pour r\u00e9sister aux pr\u00e9jug\u00e9s ; aussi ne [&hellip;]<\/p>\n","protected":false},"featured_media":42751,"template":"","meta":{"_acf_changed":false,"_genesis_hide_title":false,"_genesis_hide_breadcrumbs":false,"_genesis_hide_singular_image":false,"_genesis_hide_footer_widgets":false,"_genesis_custom_body_class":"","_genesis_custom_post_class":"","_genesis_layout":""},"product_brand":[],"product_cat":[7133,7175,7187],"product_tag":[],"class_list":{"0":"post-42747","1":"product","2":"type-product","3":"status-publish","4":"has-post-thumbnail","6":"product_cat-libres-oc","7":"product_cat-literatura-oc","8":"product_cat-temonhatges-memoris-oc","9":"pa_auteur-marouzeau-jules-oc","10":"pa_editeur-fondencre-oc","11":"pa_langue-francais-oc","12":"entry","14":"first","15":"instock","16":"shipping-taxable","17":"purchasable","18":"product-type-simple"},"acf":[],"_links":{"self":[{"href":"https:\/\/www.libraria-occitana.org\/oc\/wp-json\/wp\/v2\/product\/42747","targetHints":{"allow":["GET"]}}],"collection":[{"href":"https:\/\/www.libraria-occitana.org\/oc\/wp-json\/wp\/v2\/product"}],"about":[{"href":"https:\/\/www.libraria-occitana.org\/oc\/wp-json\/wp\/v2\/types\/product"}],"wp:featuredmedia":[{"embeddable":true,"href":"https:\/\/www.libraria-occitana.org\/oc\/wp-json\/wp\/v2\/media\/42751"}],"wp:attachment":[{"href":"https:\/\/www.libraria-occitana.org\/oc\/wp-json\/wp\/v2\/media?parent=42747"}],"wp:term":[{"taxonomy":"product_brand","embeddable":true,"href":"https:\/\/www.libraria-occitana.org\/oc\/wp-json\/wp\/v2\/product_brand?post=42747"},{"taxonomy":"product_cat","embeddable":true,"href":"https:\/\/www.libraria-occitana.org\/oc\/wp-json\/wp\/v2\/product_cat?post=42747"},{"taxonomy":"product_tag","embeddable":true,"href":"https:\/\/www.libraria-occitana.org\/oc\/wp-json\/wp\/v2\/product_tag?post=42747"}],"curies":[{"name":"wp","href":"https:\/\/api.w.org\/{rel}","templated":true}]}}