{"id":42792,"date":"2017-08-12T17:40:36","date_gmt":"2017-08-12T15:40:36","guid":{"rendered":"http:\/\/www.libraria-occitana.org\/product\/le-loup-un-nouveau-defi-francais\/"},"modified":"2026-04-25T22:16:42","modified_gmt":"2026-04-25T20:16:42","slug":"le-loup-un-nouveau-defi-francais","status":"publish","type":"product","link":"https:\/\/www.libraria-occitana.org\/oc\/produch\/le-loup-un-nouveau-defi-francais\/","title":{"rendered":"Le loup : Un nouveau d\u00e9fi fran\u00e7ais"},"content":{"rendered":"<p>Depuis son retour en France en 1992, aucun ouvrage n&#8217;a pr\u00e9sent\u00e9 dans le d\u00e9tail le loup dans le contexte rural, social, environnemental et culturel de notre civilisation actuelle. Ce livre se veut autant que possible exhaustif dans son contenu (histoire, biologie, \u00e9thologie, mythologie, pastoralisme, aspects juridiques, chasse&#8230;) ; il apporte une somme de connaissances cons\u00e9quente, destin\u00e9e \u00e0 pr\u00e9senter le loup tel qu&#8217;il est r\u00e9ellement, dans sa v\u00e9rit\u00e9 d&#8217;animal sauvage.<\/p>\n<p>Dans notre soci\u00e9t\u00e9 moderne et galopante, le loup \u00e9voque avant tout les for\u00eats profondes, les vastes \u00e9tendues vierges de toute activit\u00e9 humaine. Sa pr\u00e9sence a tr\u00e8s rapidement suscit\u00e9 le besoin de sa d\u00e9couverte : entendre son hurlement, trouver ses traces dans la neige, l&#8217;apercevoir, m\u00eame furtivement, sont autant de moments exaltants et inoubliables.<br \/>\nOn est bien loin de l&#8217;animal belliqueux et du dogme du loup d\u00e9voreur d&#8217;humains et pr\u00e9dateur impitoyable que certains r\u00e9pandent pour attirer l&#8217;attention, manipuler ou apeurer, et qui se retrouve malgr\u00e9 lui au c\u0153ur de nombreux conflits&#8230;<\/p>\n<p>Une d\u00e9couverte document\u00e9e d&#8217;un animal \u00e0 la fois mythique et bien r\u00e9el aujourd&#8217;hui en France et en Europe, prot\u00e9g\u00e9 sur notre territoire et \u00e0 r\u00e9habiliter dans nos esprits.<\/p>\n<p>Pr\u00e9faces d&#8217;Allain Bougrain-Dubourg et Yves Paccalet.<\/p>\n<p><strong>Somari :<\/strong><\/p>\n<p>1.\u00a0Annales d&#8217;une disparition et d&#8217;un retour<br \/>\n2. Mieux conna\u00eetre le loup<br \/>\n3. L&#8217;Europe des loups<br \/>\n4. L&#8217;homme et le loup, une histoire tourment\u00e9e<br \/>\n5. Le poids de la mythologie et de l&#8217;histoire<br \/>\n6. La dimension du loup<br \/>\n7. Des hommes et des b\u00eates<br \/>\n8. Pastoralisme, biodiversit\u00e9 et environnement<br \/>\n9. Loup, faune sauvage et monde cyn\u00e9g\u00e9tique<br \/>\n10. La pr\u00e9dation sur les animaux domestiques<br \/>\n11. La\u00a0\u00ab gestion \u00bb empirique du dossier loup<br \/>\n12. Prot\u00e9ger la nature pour d\u00e9fendre le loup<br \/>\n13. En faveur de la protection du loup<br \/>\n14. Le loup en 2042<br \/>\n15. Id\u00e9es et pr\u00e9conisations<\/p>\n","protected":false},"excerpt":{"rendered":"<p>Depuis son retour en France en 1992, aucun ouvrage n&#8217;a pr\u00e9sent\u00e9 dans le d\u00e9tail le loup dans le contexte rural, social, environnemental et culturel de notre civilisation actuelle. Ce livre se veut autant que possible exhaustif dans son contenu (histoire, biologie, \u00e9thologie, mythologie, pastoralisme, aspects juridiques, chasse&#8230;) ; il apporte une somme de connaissances cons\u00e9quente, [&hellip;]<\/p>\n","protected":false},"featured_media":42790,"template":"","meta":{"_acf_changed":false,"_genesis_hide_title":false,"_genesis_hide_breadcrumbs":false,"_genesis_hide_singular_image":false,"_genesis_hide_footer_widgets":false,"_genesis_custom_body_class":"","_genesis_custom_post_class":"","_genesis_layout":""},"product_brand":[],"product_cat":[7133,7197,7201],"product_tag":[],"class_list":{"0":"post-42792","1":"product","2":"type-product","3":"status-publish","4":"has-post-thumbnail","6":"product_cat-libres-oc","7":"product_cat-natura-torisme-oc","8":"product_cat-natura-vargier-oc","9":"pa_auteur-boyac-herve-oc","10":"pa_auteur-collectiu-oc-2","11":"pa_editeur-de-boree-oc","12":"pa_langue-francais-oc","13":"entry","15":"first","16":"outofstock","17":"shipping-taxable","18":"purchasable","19":"product-type-simple"},"acf":[],"_links":{"self":[{"href":"https:\/\/www.libraria-occitana.org\/oc\/wp-json\/wp\/v2\/product\/42792","targetHints":{"allow":["GET"]}}],"collection":[{"href":"https:\/\/www.libraria-occitana.org\/oc\/wp-json\/wp\/v2\/product"}],"about":[{"href":"https:\/\/www.libraria-occitana.org\/oc\/wp-json\/wp\/v2\/types\/product"}],"wp:featuredmedia":[{"embeddable":true,"href":"https:\/\/www.libraria-occitana.org\/oc\/wp-json\/wp\/v2\/media\/42790"}],"wp:attachment":[{"href":"https:\/\/www.libraria-occitana.org\/oc\/wp-json\/wp\/v2\/media?parent=42792"}],"wp:term":[{"taxonomy":"product_brand","embeddable":true,"href":"https:\/\/www.libraria-occitana.org\/oc\/wp-json\/wp\/v2\/product_brand?post=42792"},{"taxonomy":"product_cat","embeddable":true,"href":"https:\/\/www.libraria-occitana.org\/oc\/wp-json\/wp\/v2\/product_cat?post=42792"},{"taxonomy":"product_tag","embeddable":true,"href":"https:\/\/www.libraria-occitana.org\/oc\/wp-json\/wp\/v2\/product_tag?post=42792"}],"curies":[{"name":"wp","href":"https:\/\/api.w.org\/{rel}","templated":true}]}}