{"id":42815,"date":"2014-11-18T19:18:43","date_gmt":"2014-11-18T18:18:43","guid":{"rendered":"http:\/\/www.libraria-occitana.org\/?post_type=product&#038;p=42815"},"modified":"2026-04-15T22:16:18","modified_gmt":"2026-04-15T20:16:18","slug":"ont-a-passat-ma-planeta","status":"publish","type":"product","link":"https:\/\/www.libraria-occitana.org\/oc\/produch\/ont-a-passat-ma-planeta\/","title":{"rendered":"Ont&#8217; a passat ma planeta ?"},"content":{"rendered":"<p>Quand ven\u00e8tz de la planeta XAC sus t\u00e8rra per sauvar v\u00f2stre mond, e qu\u2019av\u00e8tz de poders subrenaturaus, tot va ben. Mai de qu\u2019a ben poscut arribar per que n\u00f2stre extraterr\u00e8stre se retr\u00f2be entre Geneva e Marselha, en companha de Glaudi Bars\u00f2tti, dins una veitura menada per Mariana, una t\u00f2p-mod\u00e8le, amb\u00e9 la Mafi\u00e0 a l\u2019apr\u00e8s ?<\/p>\n","protected":false},"excerpt":{"rendered":"<p>Quand ven\u00e8tz de la planeta XAC sus t\u00e8rra per sauvar v\u00f2stre mond, e qu\u2019av\u00e8tz de poders subrenaturaus, tot va ben. Mai de qu\u2019a ben poscut arribar per que n\u00f2stre extraterr\u00e8stre se retr\u00f2be entre Geneva e Marselha, en companha de Glaudi Bars\u00f2tti, dins una veitura menada per Mariana, una t\u00f2p-mod\u00e8le, amb\u00e9 la Mafi\u00e0 a l\u2019apr\u00e8s ?<\/p>\n","protected":false},"featured_media":42804,"template":"","meta":{"_acf_changed":false,"_genesis_hide_title":false,"_genesis_hide_breadcrumbs":false,"_genesis_hide_singular_image":false,"_genesis_hide_footer_widgets":false,"_genesis_custom_body_class":"","_genesis_custom_post_class":"","_genesis_layout":""},"product_brand":[],"product_cat":[7133,7175,7183],"product_tag":[],"class_list":{"0":"post-42815","1":"product","2":"type-product","3":"status-publish","4":"has-post-thumbnail","6":"product_cat-libres-oc","7":"product_cat-literatura-oc","8":"product_cat-romans-novelas-oc","9":"pa_auteur-vernet-florian-oc","10":"pa_editeur-ieo-fr-oc","11":"pa_langue-occitan-oc","12":"pa_langue-occitan-lengadocian-oc","13":"entry","15":"first","16":"outofstock","17":"shipping-taxable","18":"purchasable","19":"product-type-simple"},"acf":[],"_links":{"self":[{"href":"https:\/\/www.libraria-occitana.org\/oc\/wp-json\/wp\/v2\/product\/42815","targetHints":{"allow":["GET"]}}],"collection":[{"href":"https:\/\/www.libraria-occitana.org\/oc\/wp-json\/wp\/v2\/product"}],"about":[{"href":"https:\/\/www.libraria-occitana.org\/oc\/wp-json\/wp\/v2\/types\/product"}],"wp:featuredmedia":[{"embeddable":true,"href":"https:\/\/www.libraria-occitana.org\/oc\/wp-json\/wp\/v2\/media\/42804"}],"wp:attachment":[{"href":"https:\/\/www.libraria-occitana.org\/oc\/wp-json\/wp\/v2\/media?parent=42815"}],"wp:term":[{"taxonomy":"product_brand","embeddable":true,"href":"https:\/\/www.libraria-occitana.org\/oc\/wp-json\/wp\/v2\/product_brand?post=42815"},{"taxonomy":"product_cat","embeddable":true,"href":"https:\/\/www.libraria-occitana.org\/oc\/wp-json\/wp\/v2\/product_cat?post=42815"},{"taxonomy":"product_tag","embeddable":true,"href":"https:\/\/www.libraria-occitana.org\/oc\/wp-json\/wp\/v2\/product_tag?post=42815"}],"curies":[{"name":"wp","href":"https:\/\/api.w.org\/{rel}","templated":true}]}}